{"id":6050,"date":"2026-01-23T22:57:33","date_gmt":"2026-01-23T21:57:33","guid":{"rendered":"https:\/\/midoxalimentation.com\/?product=kefir-naturel-liquide"},"modified":"2026-04-16T18:15:04","modified_gmt":"2026-04-16T16:15:04","slug":"kefir-naturel-liquide","status":"publish","type":"product","link":"https:\/\/midoxalimentation.com\/?product=kefir-naturel-liquide","title":{"rendered":"K\u00e9fir naturel liquide"},"content":{"rendered":"<p>Le K\u00e9fir Naturel Liquide de Reina est la boisson sant\u00e9 par excellence. Pr\u00e9sent\u00e9 en bouteille pour une consommation nomade, ce k\u00e9fir pr\u00e9serve toute sa richesse en micro-organismes b\u00e9n\u00e9fiques pour la flore intestinale. Sans sucres ajout\u00e9s, sa l\u00e9g\u00e8ret\u00e9 en fait une boisson d\u00e9salt\u00e9rante qui soutient votre m\u00e9tabolisme au quotidien. \u00c0 consommer bien frais pour appr\u00e9cier toutes ses saveurs.<\/p>\n","protected":false},"excerpt":{"rendered":"<p>K\u00e9fir \u00e0 boire naturel, frais et l\u00e9ger, id\u00e9al pour une cure de probiotiques pratique et rapide.<\/p>\n","protected":false},"featured_media":6049,"comment_status":"open","ping_status":"closed","template":"","meta":{"content-type":""},"pwb-brand":[],"product_brand":[500],"product_cat":[461,180,15],"product_tag":[509,506,502,508,504,505,501,451,510],"class_list":{"0":"post-6050","1":"product","2":"type-product","3":"status-publish","4":"has-post-thumbnail","6":"product_brand-reina","7":"product_cat-laits-boissons-lactees","8":"product_cat-produits-laitiers","9":"product_cat-tous-les-produits","10":"product_tag-boisson-sante","11":"product_tag-digestion","12":"product_tag-kefir","13":"product_tag-liquide","14":"product_tag-naturel","15":"product_tag-probiotiques","16":"product_tag-reina","17":"product_tag-sans-sucre","18":"product_tag-vitalite","20":"first","21":"outofstock","22":"taxable","23":"shipping-taxable","24":"purchasable","25":"product-type-simple"},"aioseo_notices":[],"jetpack_sharing_enabled":true,"brands":[],"_links":{"self":[{"href":"https:\/\/midoxalimentation.com\/index.php?rest_route=\/wp\/v2\/product\/6050","targetHints":{"allow":["GET"]}}],"collection":[{"href":"https:\/\/midoxalimentation.com\/index.php?rest_route=\/wp\/v2\/product"}],"about":[{"href":"https:\/\/midoxalimentation.com\/index.php?rest_route=\/wp\/v2\/types\/product"}],"replies":[{"embeddable":true,"href":"https:\/\/midoxalimentation.com\/index.php?rest_route=%2Fwp%2Fv2%2Fcomments&post=6050"}],"version-history":[{"count":2,"href":"https:\/\/midoxalimentation.com\/index.php?rest_route=\/wp\/v2\/product\/6050\/revisions"}],"predecessor-version":[{"id":6451,"href":"https:\/\/midoxalimentation.com\/index.php?rest_route=\/wp\/v2\/product\/6050\/revisions\/6451"}],"wp:featuredmedia":[{"embeddable":true,"href":"https:\/\/midoxalimentation.com\/index.php?rest_route=\/wp\/v2\/media\/6049"}],"wp:attachment":[{"href":"https:\/\/midoxalimentation.com\/index.php?rest_route=%2Fwp%2Fv2%2Fmedia&parent=6050"}],"wp:term":[{"taxonomy":"pwb-brand","embeddable":true,"href":"https:\/\/midoxalimentation.com\/index.php?rest_route=%2Fwp%2Fv2%2Fpwb-brand&post=6050"},{"taxonomy":"product_brand","embeddable":true,"href":"https:\/\/midoxalimentation.com\/index.php?rest_route=%2Fwp%2Fv2%2Fproduct_brand&post=6050"},{"taxonomy":"product_cat","embeddable":true,"href":"https:\/\/midoxalimentation.com\/index.php?rest_route=%2Fwp%2Fv2%2Fproduct_cat&post=6050"},{"taxonomy":"product_tag","embeddable":true,"href":"https:\/\/midoxalimentation.com\/index.php?rest_route=%2Fwp%2Fv2%2Fproduct_tag&post=6050"}],"curies":[{"name":"wp","href":"https:\/\/api.w.org\/{rel}","templated":true}]}}