{"id":6052,"date":"2026-01-23T22:57:34","date_gmt":"2026-01-23T21:57:34","guid":{"rendered":"https:\/\/midoxalimentation.com\/?product=cafe-toscaf-mezcla"},"modified":"2026-02-13T15:44:14","modified_gmt":"2026-02-13T14:44:14","slug":"cafe-toscaf-mezcla","status":"publish","type":"product","link":"https:\/\/midoxalimentation.com\/?product=cafe-toscaf-mezcla","title":{"rendered":"Cafe Toscaf MEZCLA"},"content":{"rendered":"<p>Le caf\u00e9 Toscaf Mezcla combine des grains torr\u00e9fi\u00e9s naturellement et torr\u00e9fi\u00e9s au sucre pour une exp\u00e9rience espagnole authentique. Sa mouture est id\u00e9ale pour toutes les cafeti\u00e8res, garantissant une tasse cors\u00e9e avec une mousse onctueuse.<\/p>\n","protected":false},"excerpt":{"rendered":"<p>Caf\u00e9 moulu m\u00e9lange (Mezcla) s\u00e9l\u00e9ctionn\u00e9, offrant un ar\u00f4me riche et une torr\u00e9faction \u00e9quilibr\u00e9e.<\/p>\n","protected":false},"featured_media":6051,"comment_status":"open","ping_status":"closed","template":"","meta":{"content-type":""},"pwb-brand":[],"product_brand":[],"product_cat":[521,167,171,15],"product_tag":[594,548,541,549,277,595,547],"class_list":{"0":"post-6052","1":"product","2":"type-product","3":"status-publish","4":"has-post-thumbnail","6":"product_cat-conserves","7":"product_cat-epicerie","8":"product_cat-petit-dejeuner","9":"product_cat-tous-les-produits","10":"product_tag-arome","11":"product_tag-cafe-moulu","12":"product_tag-epicerie","13":"product_tag-mezcla","14":"product_tag-petit-dejeuner","15":"product_tag-promo","16":"product_tag-toscaf","18":"first","19":"instock","20":"sale","21":"featured","22":"taxable","23":"shipping-taxable","24":"purchasable","25":"product-type-simple"},"aioseo_notices":[],"jetpack_sharing_enabled":true,"brands":[],"_links":{"self":[{"href":"https:\/\/midoxalimentation.com\/index.php?rest_route=\/wp\/v2\/product\/6052","targetHints":{"allow":["GET"]}}],"collection":[{"href":"https:\/\/midoxalimentation.com\/index.php?rest_route=\/wp\/v2\/product"}],"about":[{"href":"https:\/\/midoxalimentation.com\/index.php?rest_route=\/wp\/v2\/types\/product"}],"replies":[{"embeddable":true,"href":"https:\/\/midoxalimentation.com\/index.php?rest_route=%2Fwp%2Fv2%2Fcomments&post=6052"}],"version-history":[{"count":2,"href":"https:\/\/midoxalimentation.com\/index.php?rest_route=\/wp\/v2\/product\/6052\/revisions"}],"predecessor-version":[{"id":6529,"href":"https:\/\/midoxalimentation.com\/index.php?rest_route=\/wp\/v2\/product\/6052\/revisions\/6529"}],"wp:featuredmedia":[{"embeddable":true,"href":"https:\/\/midoxalimentation.com\/index.php?rest_route=\/wp\/v2\/media\/6051"}],"wp:attachment":[{"href":"https:\/\/midoxalimentation.com\/index.php?rest_route=%2Fwp%2Fv2%2Fmedia&parent=6052"}],"wp:term":[{"taxonomy":"pwb-brand","embeddable":true,"href":"https:\/\/midoxalimentation.com\/index.php?rest_route=%2Fwp%2Fv2%2Fpwb-brand&post=6052"},{"taxonomy":"product_brand","embeddable":true,"href":"https:\/\/midoxalimentation.com\/index.php?rest_route=%2Fwp%2Fv2%2Fproduct_brand&post=6052"},{"taxonomy":"product_cat","embeddable":true,"href":"https:\/\/midoxalimentation.com\/index.php?rest_route=%2Fwp%2Fv2%2Fproduct_cat&post=6052"},{"taxonomy":"product_tag","embeddable":true,"href":"https:\/\/midoxalimentation.com\/index.php?rest_route=%2Fwp%2Fv2%2Fproduct_tag&post=6052"}],"curies":[{"name":"wp","href":"https:\/\/api.w.org\/{rel}","templated":true}]}}