{"id":6061,"date":"2026-01-23T22:57:36","date_gmt":"2026-01-23T21:57:36","guid":{"rendered":"https:\/\/midoxalimentation.com\/?product=cafe-bonka"},"modified":"2026-04-16T18:14:11","modified_gmt":"2026-04-16T16:14:11","slug":"cafe-bonka","status":"publish","type":"product","link":"https:\/\/midoxalimentation.com\/?product=cafe-bonka","title":{"rendered":"Cafe Bonka"},"content":{"rendered":"<p>Le caf\u00e9 Bonka \u00ab\u00a0Cafetera Italiana\u00a0\u00bb est l&rsquo;expert du caf\u00e9 cors\u00e9 \u00e0 la maison. Sa torr\u00e9faction lente lib\u00e8re des ar\u00f4mes puissants et une amertume \u00e9quilibr\u00e9e, id\u00e9ale pour les amateurs de caf\u00e9 noir ou de cappuccino. Il est parfaitement moulu pour une utilisation optimale dans votre cafeti\u00e8re italienne (Moka), garantissant une tasse riche en caract\u00e8re \u00e0 chaque fois.<\/p>\n","protected":false},"excerpt":{"rendered":"<p>Caf\u00e9 moulu de qualit\u00e9 sup\u00e9rieure, sp\u00e9cialement torr\u00e9fi\u00e9 pour un go\u00fbt intense et authentique fa\u00e7on italienne.<\/p>\n","protected":false},"featured_media":6060,"comment_status":"open","ping_status":"closed","template":"","meta":{"content-type":""},"pwb-brand":[],"product_brand":[388],"product_cat":[521,167,171,15],"product_tag":[561,559,548,541,560,390,277],"class_list":{"0":"post-6061","1":"product","2":"type-product","3":"status-publish","4":"has-post-thumbnail","6":"product_brand-nestle","7":"product_cat-conserves","8":"product_cat-epicerie","9":"product_cat-petit-dejeuner","10":"product_cat-tous-les-produits","11":"product_tag-arome-intense","12":"product_tag-bonka","13":"product_tag-cafe-moulu","14":"product_tag-epicerie","15":"product_tag-italien","16":"product_tag-nestle","17":"product_tag-petit-dejeuner","19":"first","20":"instock","21":"taxable","22":"shipping-taxable","23":"purchasable","24":"product-type-simple"},"aioseo_notices":[],"jetpack_sharing_enabled":true,"brands":[],"_links":{"self":[{"href":"https:\/\/midoxalimentation.com\/index.php?rest_route=\/wp\/v2\/product\/6061","targetHints":{"allow":["GET"]}}],"collection":[{"href":"https:\/\/midoxalimentation.com\/index.php?rest_route=\/wp\/v2\/product"}],"about":[{"href":"https:\/\/midoxalimentation.com\/index.php?rest_route=\/wp\/v2\/types\/product"}],"replies":[{"embeddable":true,"href":"https:\/\/midoxalimentation.com\/index.php?rest_route=%2Fwp%2Fv2%2Fcomments&post=6061"}],"version-history":[{"count":2,"href":"https:\/\/midoxalimentation.com\/index.php?rest_route=\/wp\/v2\/product\/6061\/revisions"}],"predecessor-version":[{"id":6485,"href":"https:\/\/midoxalimentation.com\/index.php?rest_route=\/wp\/v2\/product\/6061\/revisions\/6485"}],"wp:featuredmedia":[{"embeddable":true,"href":"https:\/\/midoxalimentation.com\/index.php?rest_route=\/wp\/v2\/media\/6060"}],"wp:attachment":[{"href":"https:\/\/midoxalimentation.com\/index.php?rest_route=%2Fwp%2Fv2%2Fmedia&parent=6061"}],"wp:term":[{"taxonomy":"pwb-brand","embeddable":true,"href":"https:\/\/midoxalimentation.com\/index.php?rest_route=%2Fwp%2Fv2%2Fpwb-brand&post=6061"},{"taxonomy":"product_brand","embeddable":true,"href":"https:\/\/midoxalimentation.com\/index.php?rest_route=%2Fwp%2Fv2%2Fproduct_brand&post=6061"},{"taxonomy":"product_cat","embeddable":true,"href":"https:\/\/midoxalimentation.com\/index.php?rest_route=%2Fwp%2Fv2%2Fproduct_cat&post=6061"},{"taxonomy":"product_tag","embeddable":true,"href":"https:\/\/midoxalimentation.com\/index.php?rest_route=%2Fwp%2Fv2%2Fproduct_tag&post=6061"}],"curies":[{"name":"wp","href":"https:\/\/api.w.org\/{rel}","templated":true}]}}