{"id":6063,"date":"2026-01-23T22:57:36","date_gmt":"2026-01-23T21:57:36","guid":{"rendered":"https:\/\/midoxalimentation.com\/?product=mms-minis-cookies-chocolate"},"modified":"2026-02-08T18:06:39","modified_gmt":"2026-02-08T17:06:39","slug":"mms-minis-cookies-chocolate","status":"publish","type":"product","link":"https:\/\/midoxalimentation.com\/?product=mms-minis-cookies-chocolate","title":{"rendered":"M&#038;M&rsquo;s Minis Cookies Chocolate"},"content":{"rendered":"<p data-path-to-node=\"3,1,0\">Succombez au croquant irr\u00e9sistible des M&amp;M&rsquo;s Minis Cookies. Ces biscuits g\u00e9n\u00e9reux sont parsem\u00e9s de v\u00e9ritables mini M&amp;M&rsquo;s color\u00e9s et de p\u00e9pites de chocolat fondant, offrant une double dose de chocolat. Que ce soit pour accompagner un verre de lait, pour un go\u00fbter sur le pouce ou pour partager lors d&rsquo;une pause gourmande, ces cookies apportent une touche de couleur et de fun \u00e0 votre journ\u00e9e. Leur format est id\u00e9al pour satisfaire les petites faims avec l&rsquo;expertise chocolat\u00e9e de M&amp;M&rsquo;s.<\/p>\n","protected":false},"excerpt":{"rendered":"<p>Le mariage parfait entre un biscuit croustillant et les c\u00e9l\u00e8bres billes M&amp;M&rsquo;s Minis. Un cookie gourmand aux p\u00e9pites de chocolat et aux \u00e9clats de M&amp;M&rsquo;s pour un maximum de plaisir dans chaque bouch\u00e9e.<\/p>\n","protected":false},"featured_media":6062,"comment_status":"open","ping_status":"closed","template":"","meta":{"content-type":""},"pwb-brand":[],"product_brand":[],"product_cat":[224,223,165],"product_tag":[271,230,244,270,234,235,269,272,273,233],"class_list":{"0":"post-6063","1":"product","2":"type-product","3":"status-publish","4":"has-post-thumbnail","6":"product_cat-biscuits-gaufrettes","7":"product_cat-bonbons-chewing-gums","8":"product_cat-snacking-aperitif","9":"product_tag-biscuit","10":"product_tag-chocolat","11":"product_tag-confiserie","12":"product_tag-cookies","13":"product_tag-gourmandise","14":"product_tag-gouter","15":"product_tag-mms","16":"product_tag-minis","17":"product_tag-pepites-de-chocolat","18":"product_tag-snack","20":"first","21":"instock","22":"taxable","23":"shipping-taxable","24":"purchasable","25":"product-type-simple"},"aioseo_notices":[],"jetpack_sharing_enabled":true,"brands":[],"_links":{"self":[{"href":"https:\/\/midoxalimentation.com\/index.php?rest_route=\/wp\/v2\/product\/6063","targetHints":{"allow":["GET"]}}],"collection":[{"href":"https:\/\/midoxalimentation.com\/index.php?rest_route=\/wp\/v2\/product"}],"about":[{"href":"https:\/\/midoxalimentation.com\/index.php?rest_route=\/wp\/v2\/types\/product"}],"replies":[{"embeddable":true,"href":"https:\/\/midoxalimentation.com\/index.php?rest_route=%2Fwp%2Fv2%2Fcomments&post=6063"}],"version-history":[{"count":2,"href":"https:\/\/midoxalimentation.com\/index.php?rest_route=\/wp\/v2\/product\/6063\/revisions"}],"predecessor-version":[{"id":6269,"href":"https:\/\/midoxalimentation.com\/index.php?rest_route=\/wp\/v2\/product\/6063\/revisions\/6269"}],"wp:featuredmedia":[{"embeddable":true,"href":"https:\/\/midoxalimentation.com\/index.php?rest_route=\/wp\/v2\/media\/6062"}],"wp:attachment":[{"href":"https:\/\/midoxalimentation.com\/index.php?rest_route=%2Fwp%2Fv2%2Fmedia&parent=6063"}],"wp:term":[{"taxonomy":"pwb-brand","embeddable":true,"href":"https:\/\/midoxalimentation.com\/index.php?rest_route=%2Fwp%2Fv2%2Fpwb-brand&post=6063"},{"taxonomy":"product_brand","embeddable":true,"href":"https:\/\/midoxalimentation.com\/index.php?rest_route=%2Fwp%2Fv2%2Fproduct_brand&post=6063"},{"taxonomy":"product_cat","embeddable":true,"href":"https:\/\/midoxalimentation.com\/index.php?rest_route=%2Fwp%2Fv2%2Fproduct_cat&post=6063"},{"taxonomy":"product_tag","embeddable":true,"href":"https:\/\/midoxalimentation.com\/index.php?rest_route=%2Fwp%2Fv2%2Fproduct_tag&post=6063"}],"curies":[{"name":"wp","href":"https:\/\/api.w.org\/{rel}","templated":true}]}}