{"id":6070,"date":"2026-01-23T22:57:37","date_gmt":"2026-01-23T21:57:37","guid":{"rendered":"https:\/\/midoxalimentation.com\/?product=mermelada-de-higo-hacendado-2"},"modified":"2026-02-13T16:14:04","modified_gmt":"2026-02-13T15:14:04","slug":"mermelada-de-higo-hacendado-2","status":"publish","type":"product","link":"https:\/\/midoxalimentation.com\/?product=mermelada-de-higo-hacendado-2","title":{"rendered":"Mermelada de higo Hacendado"},"content":{"rendered":"<p>Retrouvez le go\u00fbt traditionnel de la figue dans cette confiture Hacendado. Sa texture riche et ses ar\u00f4mes profonds se marient \u00e0 merveille avec du fromage frais, des toasts ou des biscuits. Un incontournable pour les amateurs de saveurs authentiques et ensoleill\u00e9es.<\/p>\n","protected":false},"excerpt":{"rendered":"<p data-path-to-node=\"16\">Confiture de figues (Higo) onctueuse et savoureuse, capturant toute la douceur naturelle des figues m\u00fbres.<\/p>\n<p data-path-to-node=\"17\">\n","protected":false},"featured_media":5505,"comment_status":"open","ping_status":"closed","template":"","meta":{"content-type":""},"pwb-brand":[],"product_brand":[460],"product_cat":[521,167,171,15],"product_tag":[543,545,608,610,239,609],"class_list":{"0":"post-6070","1":"product","2":"type-product","3":"status-publish","4":"has-post-thumbnail","6":"product_brand-hacendado","7":"product_cat-conserves","8":"product_cat-epicerie","9":"product_cat-petit-dejeuner","10":"product_cat-tous-les-produits","11":"product_tag-confiture","12":"product_tag-epicerie-sucree","13":"product_tag-figue","14":"product_tag-gastronomie","15":"product_tag-hacendado","16":"product_tag-higo","18":"first","19":"instock","20":"taxable","21":"shipping-taxable","22":"purchasable","23":"product-type-simple"},"aioseo_notices":[],"jetpack_sharing_enabled":true,"brands":[],"_links":{"self":[{"href":"https:\/\/midoxalimentation.com\/index.php?rest_route=\/wp\/v2\/product\/6070","targetHints":{"allow":["GET"]}}],"collection":[{"href":"https:\/\/midoxalimentation.com\/index.php?rest_route=\/wp\/v2\/product"}],"about":[{"href":"https:\/\/midoxalimentation.com\/index.php?rest_route=\/wp\/v2\/types\/product"}],"replies":[{"embeddable":true,"href":"https:\/\/midoxalimentation.com\/index.php?rest_route=%2Fwp%2Fv2%2Fcomments&post=6070"}],"version-history":[{"count":1,"href":"https:\/\/midoxalimentation.com\/index.php?rest_route=\/wp\/v2\/product\/6070\/revisions"}],"predecessor-version":[{"id":6551,"href":"https:\/\/midoxalimentation.com\/index.php?rest_route=\/wp\/v2\/product\/6070\/revisions\/6551"}],"wp:featuredmedia":[{"embeddable":true,"href":"https:\/\/midoxalimentation.com\/index.php?rest_route=\/wp\/v2\/media\/5505"}],"wp:attachment":[{"href":"https:\/\/midoxalimentation.com\/index.php?rest_route=%2Fwp%2Fv2%2Fmedia&parent=6070"}],"wp:term":[{"taxonomy":"pwb-brand","embeddable":true,"href":"https:\/\/midoxalimentation.com\/index.php?rest_route=%2Fwp%2Fv2%2Fpwb-brand&post=6070"},{"taxonomy":"product_brand","embeddable":true,"href":"https:\/\/midoxalimentation.com\/index.php?rest_route=%2Fwp%2Fv2%2Fproduct_brand&post=6070"},{"taxonomy":"product_cat","embeddable":true,"href":"https:\/\/midoxalimentation.com\/index.php?rest_route=%2Fwp%2Fv2%2Fproduct_cat&post=6070"},{"taxonomy":"product_tag","embeddable":true,"href":"https:\/\/midoxalimentation.com\/index.php?rest_route=%2Fwp%2Fv2%2Fproduct_tag&post=6070"}],"curies":[{"name":"wp","href":"https:\/\/api.w.org\/{rel}","templated":true}]}}