{"id":6072,"date":"2026-01-23T22:57:37","date_gmt":"2026-01-23T21:57:37","guid":{"rendered":"https:\/\/midoxalimentation.com\/?product=creme-de-cacao-deux-saveurs"},"modified":"2026-02-13T15:59:01","modified_gmt":"2026-02-13T14:59:01","slug":"creme-de-cacao-deux-saveurs","status":"publish","type":"product","link":"https:\/\/midoxalimentation.com\/?product=creme-de-cacao-deux-saveurs","title":{"rendered":"Cr\u00e8me de cacao deux saveurs"},"content":{"rendered":"<p>Profitez du meilleur des deux mondes avec cette p\u00e2te \u00e0 tartiner bicolore. L&rsquo;alliance du chocolat noir et de la douceur du lait cr\u00e9e un \u00e9quilibre parfait, id\u00e9al pour d\u00e9corer vos p\u00e2tisseries ou simplement \u00e0 savourer \u00e0 la petite cuill\u00e8re.<\/p>\n","protected":false},"excerpt":{"rendered":"<p>M\u00e9lange irr\u00e9sistible de cr\u00e8me au cacao et cr\u00e8me de lait, pour un double plaisir \u00e0 chaque tartine.<\/p>\n","protected":false},"featured_media":6071,"comment_status":"open","ping_status":"closed","template":"","meta":{"content-type":""},"pwb-brand":[],"product_brand":[460],"product_cat":[521,167,171,15],"product_tag":[230,330,545,235,239,488,319],"class_list":{"0":"post-6072","1":"product","2":"type-product","3":"status-publish","4":"has-post-thumbnail","6":"product_brand-hacendado","7":"product_cat-conserves","8":"product_cat-epicerie","9":"product_cat-petit-dejeuner","10":"product_cat-tous-les-produits","11":"product_tag-chocolat","12":"product_tag-duo","13":"product_tag-epicerie-sucree","14":"product_tag-gouter","15":"product_tag-hacendado","16":"product_tag-lait","17":"product_tag-pate-a-tartiner","19":"first","20":"instock","21":"taxable","22":"shipping-taxable","23":"purchasable","24":"product-type-simple"},"aioseo_notices":[],"jetpack_sharing_enabled":true,"brands":[],"_links":{"self":[{"href":"https:\/\/midoxalimentation.com\/index.php?rest_route=\/wp\/v2\/product\/6072","targetHints":{"allow":["GET"]}}],"collection":[{"href":"https:\/\/midoxalimentation.com\/index.php?rest_route=\/wp\/v2\/product"}],"about":[{"href":"https:\/\/midoxalimentation.com\/index.php?rest_route=\/wp\/v2\/types\/product"}],"replies":[{"embeddable":true,"href":"https:\/\/midoxalimentation.com\/index.php?rest_route=%2Fwp%2Fv2%2Fcomments&post=6072"}],"version-history":[{"count":1,"href":"https:\/\/midoxalimentation.com\/index.php?rest_route=\/wp\/v2\/product\/6072\/revisions"}],"predecessor-version":[{"id":6537,"href":"https:\/\/midoxalimentation.com\/index.php?rest_route=\/wp\/v2\/product\/6072\/revisions\/6537"}],"wp:featuredmedia":[{"embeddable":true,"href":"https:\/\/midoxalimentation.com\/index.php?rest_route=\/wp\/v2\/media\/6071"}],"wp:attachment":[{"href":"https:\/\/midoxalimentation.com\/index.php?rest_route=%2Fwp%2Fv2%2Fmedia&parent=6072"}],"wp:term":[{"taxonomy":"pwb-brand","embeddable":true,"href":"https:\/\/midoxalimentation.com\/index.php?rest_route=%2Fwp%2Fv2%2Fpwb-brand&post=6072"},{"taxonomy":"product_brand","embeddable":true,"href":"https:\/\/midoxalimentation.com\/index.php?rest_route=%2Fwp%2Fv2%2Fproduct_brand&post=6072"},{"taxonomy":"product_cat","embeddable":true,"href":"https:\/\/midoxalimentation.com\/index.php?rest_route=%2Fwp%2Fv2%2Fproduct_cat&post=6072"},{"taxonomy":"product_tag","embeddable":true,"href":"https:\/\/midoxalimentation.com\/index.php?rest_route=%2Fwp%2Fv2%2Fproduct_tag&post=6072"}],"curies":[{"name":"wp","href":"https:\/\/api.w.org\/{rel}","templated":true}]}}