{"id":6077,"date":"2026-01-23T22:57:38","date_gmt":"2026-01-23T21:57:38","guid":{"rendered":"https:\/\/midoxalimentation.com\/?product=creme-de-cacao-haciendado"},"modified":"2026-02-13T16:00:27","modified_gmt":"2026-02-13T15:00:27","slug":"creme-de-cacao-haciendado","status":"publish","type":"product","link":"https:\/\/midoxalimentation.com\/?product=creme-de-cacao-haciendado","title":{"rendered":"Cr\u00e8me de cacao Haciendado"},"content":{"rendered":"<p data-path-to-node=\"6,2,0\">Cette cr\u00e8me au cacao Hacendado (format 500g) est riche en go\u00fbt et facile \u00e0 \u00e9taler sur vos tartines, cr\u00eapes ou gaufres. Sa texture lisse et sa saveur chocolat\u00e9e intense en font le produit pr\u00e9f\u00e9r\u00e9 des enfants pour un moment de pur plaisir.<\/p>\n","protected":false},"excerpt":{"rendered":"<ul>\n<li>\n<p data-path-to-node=\"6,1,0\">P\u00e2te \u00e0 tartiner onctueuse au cacao et noisettes, un d\u00e9lice pour les go\u00fbters gourmands.<\/p>\n<\/li>\n<\/ul>\n","protected":false},"featured_media":6076,"comment_status":"open","ping_status":"closed","template":"","meta":{"content-type":""},"pwb-brand":[],"product_brand":[460],"product_cat":[521,167,171,15],"product_tag":[332,230,545,235,239,319],"class_list":{"0":"post-6077","1":"product","2":"type-product","3":"status-publish","4":"has-post-thumbnail","6":"product_brand-hacendado","7":"product_cat-conserves","8":"product_cat-epicerie","9":"product_cat-petit-dejeuner","10":"product_cat-tous-les-produits","11":"product_tag-cacao","12":"product_tag-chocolat","13":"product_tag-epicerie-sucree","14":"product_tag-gouter","15":"product_tag-hacendado","16":"product_tag-pate-a-tartiner","18":"first","19":"instock","20":"taxable","21":"shipping-taxable","22":"purchasable","23":"product-type-simple"},"aioseo_notices":[],"jetpack_sharing_enabled":true,"brands":[],"_links":{"self":[{"href":"https:\/\/midoxalimentation.com\/index.php?rest_route=\/wp\/v2\/product\/6077","targetHints":{"allow":["GET"]}}],"collection":[{"href":"https:\/\/midoxalimentation.com\/index.php?rest_route=\/wp\/v2\/product"}],"about":[{"href":"https:\/\/midoxalimentation.com\/index.php?rest_route=\/wp\/v2\/types\/product"}],"replies":[{"embeddable":true,"href":"https:\/\/midoxalimentation.com\/index.php?rest_route=%2Fwp%2Fv2%2Fcomments&post=6077"}],"version-history":[{"count":2,"href":"https:\/\/midoxalimentation.com\/index.php?rest_route=\/wp\/v2\/product\/6077\/revisions"}],"predecessor-version":[{"id":6539,"href":"https:\/\/midoxalimentation.com\/index.php?rest_route=\/wp\/v2\/product\/6077\/revisions\/6539"}],"wp:featuredmedia":[{"embeddable":true,"href":"https:\/\/midoxalimentation.com\/index.php?rest_route=\/wp\/v2\/media\/6076"}],"wp:attachment":[{"href":"https:\/\/midoxalimentation.com\/index.php?rest_route=%2Fwp%2Fv2%2Fmedia&parent=6077"}],"wp:term":[{"taxonomy":"pwb-brand","embeddable":true,"href":"https:\/\/midoxalimentation.com\/index.php?rest_route=%2Fwp%2Fv2%2Fpwb-brand&post=6077"},{"taxonomy":"product_brand","embeddable":true,"href":"https:\/\/midoxalimentation.com\/index.php?rest_route=%2Fwp%2Fv2%2Fproduct_brand&post=6077"},{"taxonomy":"product_cat","embeddable":true,"href":"https:\/\/midoxalimentation.com\/index.php?rest_route=%2Fwp%2Fv2%2Fproduct_cat&post=6077"},{"taxonomy":"product_tag","embeddable":true,"href":"https:\/\/midoxalimentation.com\/index.php?rest_route=%2Fwp%2Fv2%2Fproduct_tag&post=6077"}],"curies":[{"name":"wp","href":"https:\/\/api.w.org\/{rel}","templated":true}]}}