{"id":6079,"date":"2026-01-23T22:57:38","date_gmt":"2026-01-23T21:57:38","guid":{"rendered":"https:\/\/midoxalimentation.com\/?product=pingouin-boite-1l"},"modified":"2026-04-16T18:13:08","modified_gmt":"2026-04-16T16:13:08","slug":"pingouin-boite-1l","status":"publish","type":"product","link":"https:\/\/midoxalimentation.com\/?product=pingouin-boite-1l","title":{"rendered":"Pingouin boite  (1L)"},"content":{"rendered":"<ul>\n<li>\n<p data-path-to-node=\"12,3,0\">Profitez de la saveur riche et onctueuse du chocolat Pingouin dans ce format bac de 1 litre. Id\u00e9al pour pr\u00e9parer des coupes glac\u00e9es \u00e0 la maison ou pour d\u00e9guster directement en famille, cette bo\u00eete vous assure une r\u00e9serve de plaisir chocolat\u00e9.<\/p>\n<\/li>\n<\/ul>\n","protected":false},"excerpt":{"rendered":"<p>Format familial de cr\u00e8me glac\u00e9e au chocolat pour partager des moments gourmands.<\/p>\n","protected":false},"featured_media":6078,"comment_status":"open","ping_status":"closed","template":"","meta":{"content-type":""},"pwb-brand":[],"product_brand":[],"product_cat":[174,15],"product_tag":[735,230,434,736,734],"class_list":{"0":"post-6079","1":"product","2":"type-product","3":"status-publish","4":"has-post-thumbnail","6":"product_cat-glaces","7":"product_cat-tous-les-produits","8":"product_tag-bac","9":"product_tag-chocolat","10":"product_tag-dessert","11":"product_tag-glace-familiale","12":"product_tag-pingouin","14":"first","15":"instock","16":"taxable","17":"shipping-taxable","18":"purchasable","19":"product-type-simple"},"aioseo_notices":[],"jetpack_sharing_enabled":true,"brands":[],"_links":{"self":[{"href":"https:\/\/midoxalimentation.com\/index.php?rest_route=\/wp\/v2\/product\/6079","targetHints":{"allow":["GET"]}}],"collection":[{"href":"https:\/\/midoxalimentation.com\/index.php?rest_route=\/wp\/v2\/product"}],"about":[{"href":"https:\/\/midoxalimentation.com\/index.php?rest_route=\/wp\/v2\/types\/product"}],"replies":[{"embeddable":true,"href":"https:\/\/midoxalimentation.com\/index.php?rest_route=%2Fwp%2Fv2%2Fcomments&post=6079"}],"version-history":[{"count":2,"href":"https:\/\/midoxalimentation.com\/index.php?rest_route=\/wp\/v2\/product\/6079\/revisions"}],"predecessor-version":[{"id":6658,"href":"https:\/\/midoxalimentation.com\/index.php?rest_route=\/wp\/v2\/product\/6079\/revisions\/6658"}],"wp:featuredmedia":[{"embeddable":true,"href":"https:\/\/midoxalimentation.com\/index.php?rest_route=\/wp\/v2\/media\/6078"}],"wp:attachment":[{"href":"https:\/\/midoxalimentation.com\/index.php?rest_route=%2Fwp%2Fv2%2Fmedia&parent=6079"}],"wp:term":[{"taxonomy":"pwb-brand","embeddable":true,"href":"https:\/\/midoxalimentation.com\/index.php?rest_route=%2Fwp%2Fv2%2Fpwb-brand&post=6079"},{"taxonomy":"product_brand","embeddable":true,"href":"https:\/\/midoxalimentation.com\/index.php?rest_route=%2Fwp%2Fv2%2Fproduct_brand&post=6079"},{"taxonomy":"product_cat","embeddable":true,"href":"https:\/\/midoxalimentation.com\/index.php?rest_route=%2Fwp%2Fv2%2Fproduct_cat&post=6079"},{"taxonomy":"product_tag","embeddable":true,"href":"https:\/\/midoxalimentation.com\/index.php?rest_route=%2Fwp%2Fv2%2Fproduct_tag&post=6079"}],"curies":[{"name":"wp","href":"https:\/\/api.w.org\/{rel}","templated":true}]}}