{"id":6094,"date":"2026-01-23T22:57:41","date_gmt":"2026-01-23T21:57:41","guid":{"rendered":"https:\/\/midoxalimentation.com\/?product=balconi-choco-dessert"},"modified":"2026-04-16T18:11:32","modified_gmt":"2026-04-16T16:11:32","slug":"balconi-choco-dessert","status":"publish","type":"product","link":"https:\/\/midoxalimentation.com\/?product=balconi-choco-dessert","title":{"rendered":"Balconi Choco Dessert"},"content":{"rendered":"<p>Le Choco Dessert de Balconi est une v\u00e9ritable invitation \u00e0 la gourmandise. Ce g\u00e2teau \u00e9ponge ultra-moelleux est d\u00e9licatement fourr\u00e9 d&rsquo;une cr\u00e8me au chocolat riche et onctueuse, le tout recouvert d&rsquo;un gla\u00e7age croquant au cacao. Sans graisses hydrog\u00e9n\u00e9es ni conservateurs, cette p\u00e2tisserie italienne allie qualit\u00e9 et plaisir. Que ce soit en fin de repas avec un caf\u00e9 ou comme en-cas sucr\u00e9, il saura satisfaire les envies des amateurs de chocolat les plus exigeants.<\/p>\n","protected":false},"excerpt":{"rendered":"<p>Une p\u00e2tisserie fine et moelleuse enrob\u00e9e de cacao avec un c\u0153ur fondant au chocolat. Le dessert id\u00e9al pour une pause gourmande et raffin\u00e9e \u00e0 tout moment de la journ\u00e9e.<\/p>\n","protected":false},"featured_media":6093,"comment_status":"open","ping_status":"closed","template":"","meta":{"content-type":""},"pwb-brand":[],"product_brand":[358],"product_cat":[226,225,165],"product_tag":[359,332,360,230,363,307,235,362,361,233],"class_list":{"0":"post-6094","1":"product","2":"type-product","3":"status-publish","4":"has-post-thumbnail","6":"product_brand-balconi","7":"product_cat-cakes-madeleines","8":"product_cat-chocolats-barres","9":"product_cat-snacking-aperitif","10":"product_tag-balconi","11":"product_tag-cacao","12":"product_tag-choco-dessert","13":"product_tag-chocolat","14":"product_tag-dessert-italien","15":"product_tag-gateau","16":"product_tag-gouter","17":"product_tag-moelleux","18":"product_tag-patisserie","19":"product_tag-snack","21":"first","22":"outofstock","23":"taxable","24":"shipping-taxable","25":"purchasable","26":"product-type-simple"},"aioseo_notices":[],"jetpack_sharing_enabled":true,"brands":[],"_links":{"self":[{"href":"https:\/\/midoxalimentation.com\/index.php?rest_route=\/wp\/v2\/product\/6094","targetHints":{"allow":["GET"]}}],"collection":[{"href":"https:\/\/midoxalimentation.com\/index.php?rest_route=\/wp\/v2\/product"}],"about":[{"href":"https:\/\/midoxalimentation.com\/index.php?rest_route=\/wp\/v2\/types\/product"}],"replies":[{"embeddable":true,"href":"https:\/\/midoxalimentation.com\/index.php?rest_route=%2Fwp%2Fv2%2Fcomments&post=6094"}],"version-history":[{"count":2,"href":"https:\/\/midoxalimentation.com\/index.php?rest_route=\/wp\/v2\/product\/6094\/revisions"}],"predecessor-version":[{"id":6305,"href":"https:\/\/midoxalimentation.com\/index.php?rest_route=\/wp\/v2\/product\/6094\/revisions\/6305"}],"wp:featuredmedia":[{"embeddable":true,"href":"https:\/\/midoxalimentation.com\/index.php?rest_route=\/wp\/v2\/media\/6093"}],"wp:attachment":[{"href":"https:\/\/midoxalimentation.com\/index.php?rest_route=%2Fwp%2Fv2%2Fmedia&parent=6094"}],"wp:term":[{"taxonomy":"pwb-brand","embeddable":true,"href":"https:\/\/midoxalimentation.com\/index.php?rest_route=%2Fwp%2Fv2%2Fpwb-brand&post=6094"},{"taxonomy":"product_brand","embeddable":true,"href":"https:\/\/midoxalimentation.com\/index.php?rest_route=%2Fwp%2Fv2%2Fproduct_brand&post=6094"},{"taxonomy":"product_cat","embeddable":true,"href":"https:\/\/midoxalimentation.com\/index.php?rest_route=%2Fwp%2Fv2%2Fproduct_cat&post=6094"},{"taxonomy":"product_tag","embeddable":true,"href":"https:\/\/midoxalimentation.com\/index.php?rest_route=%2Fwp%2Fv2%2Fproduct_tag&post=6094"}],"curies":[{"name":"wp","href":"https:\/\/api.w.org\/{rel}","templated":true}]}}