{"id":6096,"date":"2026-01-23T22:57:41","date_gmt":"2026-01-23T21:57:41","guid":{"rendered":"https:\/\/midoxalimentation.com\/?product=stevia-hacendado-sachets-54ux1g"},"modified":"2026-02-13T16:08:27","modified_gmt":"2026-02-13T15:08:27","slug":"stevia-hacendado-sachets-54ux1g","status":"publish","type":"product","link":"https:\/\/midoxalimentation.com\/?product=stevia-hacendado-sachets-54ux1g","title":{"rendered":"Stevia Hacendado (54 Sachets)"},"content":{"rendered":"<p>Ce format contient 54 sachets de 1g de Stevia, id\u00e9al pour un dosage pr\u00e9cis et une utilisation nomade. Profitez du plaisir sucr\u00e9 dans votre caf\u00e9 ou th\u00e9 au bureau ou en voyage, tout en gardant le contr\u00f4le sur votre apport calorique. Un indispensable pour un mode de vie sain et \u00e9quilibr\u00e9.<\/p>\n","protected":false},"excerpt":{"rendered":"<p data-path-to-node=\"10\">\u00c9dulcorant Stevia en sachets individuels, pratique pour sucrer vos boissons partout sans calories.<\/p>\n<p data-path-to-node=\"11\">\n","protected":false},"featured_media":6095,"comment_status":"open","ping_status":"closed","template":"","meta":{"content-type":""},"pwb-brand":[],"product_brand":[],"product_cat":[521,167,171,15],"product_tag":[597,239,463,602,598,349,596],"class_list":{"0":"post-6096","1":"product","2":"type-product","3":"status-publish","4":"has-post-thumbnail","6":"product_cat-conserves","7":"product_cat-epicerie","8":"product_cat-petit-dejeuner","9":"product_cat-tous-les-produits","10":"product_tag-edulcorant","11":"product_tag-hacendado","12":"product_tag-regime","13":"product_tag-sachets","14":"product_tag-sans-calories","15":"product_tag-sante","16":"product_tag-stevia","18":"first","19":"instock","20":"taxable","21":"shipping-taxable","22":"purchasable","23":"product-type-simple"},"aioseo_notices":[],"jetpack_sharing_enabled":true,"brands":[],"_links":{"self":[{"href":"https:\/\/midoxalimentation.com\/index.php?rest_route=\/wp\/v2\/product\/6096","targetHints":{"allow":["GET"]}}],"collection":[{"href":"https:\/\/midoxalimentation.com\/index.php?rest_route=\/wp\/v2\/product"}],"about":[{"href":"https:\/\/midoxalimentation.com\/index.php?rest_route=\/wp\/v2\/types\/product"}],"replies":[{"embeddable":true,"href":"https:\/\/midoxalimentation.com\/index.php?rest_route=%2Fwp%2Fv2%2Fcomments&post=6096"}],"version-history":[{"count":2,"href":"https:\/\/midoxalimentation.com\/index.php?rest_route=\/wp\/v2\/product\/6096\/revisions"}],"predecessor-version":[{"id":6548,"href":"https:\/\/midoxalimentation.com\/index.php?rest_route=\/wp\/v2\/product\/6096\/revisions\/6548"}],"wp:featuredmedia":[{"embeddable":true,"href":"https:\/\/midoxalimentation.com\/index.php?rest_route=\/wp\/v2\/media\/6095"}],"wp:attachment":[{"href":"https:\/\/midoxalimentation.com\/index.php?rest_route=%2Fwp%2Fv2%2Fmedia&parent=6096"}],"wp:term":[{"taxonomy":"pwb-brand","embeddable":true,"href":"https:\/\/midoxalimentation.com\/index.php?rest_route=%2Fwp%2Fv2%2Fpwb-brand&post=6096"},{"taxonomy":"product_brand","embeddable":true,"href":"https:\/\/midoxalimentation.com\/index.php?rest_route=%2Fwp%2Fv2%2Fproduct_brand&post=6096"},{"taxonomy":"product_cat","embeddable":true,"href":"https:\/\/midoxalimentation.com\/index.php?rest_route=%2Fwp%2Fv2%2Fproduct_cat&post=6096"},{"taxonomy":"product_tag","embeddable":true,"href":"https:\/\/midoxalimentation.com\/index.php?rest_route=%2Fwp%2Fv2%2Fproduct_tag&post=6096"}],"curies":[{"name":"wp","href":"https:\/\/api.w.org\/{rel}","templated":true}]}}