{"id":6101,"date":"2026-01-23T22:57:42","date_gmt":"2026-01-23T21:57:42","guid":{"rendered":"https:\/\/midoxalimentation.com\/?product=durex"},"modified":"2026-04-16T18:10:51","modified_gmt":"2026-04-16T16:10:51","slug":"durex","status":"publish","type":"product","link":"https:\/\/midoxalimentation.com\/?product=durex","title":{"rendered":"Pr\u00e9servatifs Durex Topsafe"},"content":{"rendered":"<p>Les pr\u00e9servatifs Durex Topsafe sont con\u00e7us pour offrir une s\u00e9curit\u00e9 maximale sans compromettre le plaisir. Fabriqu\u00e9s en latex de caoutchouc naturel, ils sont faciles \u00e0 mettre et assurent une protection fiable pour une tranquillit\u00e9 d&rsquo;esprit totale lors de vos rapports.<\/p>\n","protected":false},"excerpt":{"rendered":"<p>Pr\u00e9servatifs lubrifi\u00e9s pour une protection optimale et un confort naturel.<\/p>\n","protected":false},"featured_media":6100,"comment_status":"open","ping_status":"closed","template":"","meta":{"content-type":""},"pwb-brand":[],"product_brand":[],"product_cat":[196,15],"product_tag":[354,692,659,349,693],"class_list":{"0":"post-6101","1":"product","2":"type-product","3":"status-publish","4":"has-post-thumbnail","6":"product_cat-hygiene-soins","7":"product_cat-tous-les-produits","8":"product_tag-bien-etre","9":"product_tag-durex","10":"product_tag-protection","11":"product_tag-sante","12":"product_tag-topsafe","14":"first","15":"outofstock","16":"taxable","17":"shipping-taxable","18":"purchasable","19":"product-type-simple"},"aioseo_notices":[],"jetpack_sharing_enabled":true,"brands":[],"_links":{"self":[{"href":"https:\/\/midoxalimentation.com\/index.php?rest_route=\/wp\/v2\/product\/6101","targetHints":{"allow":["GET"]}}],"collection":[{"href":"https:\/\/midoxalimentation.com\/index.php?rest_route=\/wp\/v2\/product"}],"about":[{"href":"https:\/\/midoxalimentation.com\/index.php?rest_route=\/wp\/v2\/types\/product"}],"replies":[{"embeddable":true,"href":"https:\/\/midoxalimentation.com\/index.php?rest_route=%2Fwp%2Fv2%2Fcomments&post=6101"}],"version-history":[{"count":2,"href":"https:\/\/midoxalimentation.com\/index.php?rest_route=\/wp\/v2\/product\/6101\/revisions"}],"predecessor-version":[{"id":6616,"href":"https:\/\/midoxalimentation.com\/index.php?rest_route=\/wp\/v2\/product\/6101\/revisions\/6616"}],"wp:featuredmedia":[{"embeddable":true,"href":"https:\/\/midoxalimentation.com\/index.php?rest_route=\/wp\/v2\/media\/6100"}],"wp:attachment":[{"href":"https:\/\/midoxalimentation.com\/index.php?rest_route=%2Fwp%2Fv2%2Fmedia&parent=6101"}],"wp:term":[{"taxonomy":"pwb-brand","embeddable":true,"href":"https:\/\/midoxalimentation.com\/index.php?rest_route=%2Fwp%2Fv2%2Fpwb-brand&post=6101"},{"taxonomy":"product_brand","embeddable":true,"href":"https:\/\/midoxalimentation.com\/index.php?rest_route=%2Fwp%2Fv2%2Fproduct_brand&post=6101"},{"taxonomy":"product_cat","embeddable":true,"href":"https:\/\/midoxalimentation.com\/index.php?rest_route=%2Fwp%2Fv2%2Fproduct_cat&post=6101"},{"taxonomy":"product_tag","embeddable":true,"href":"https:\/\/midoxalimentation.com\/index.php?rest_route=%2Fwp%2Fv2%2Fproduct_tag&post=6101"}],"curies":[{"name":"wp","href":"https:\/\/api.w.org\/{rel}","templated":true}]}}