{"id":6127,"date":"2026-01-23T22:57:46","date_gmt":"2026-01-23T21:57:46","guid":{"rendered":"https:\/\/midoxalimentation.com\/?product=stevia-hacendado"},"modified":"2026-02-13T16:02:32","modified_gmt":"2026-02-13T15:02:32","slug":"stevia-hacendado","status":"publish","type":"product","link":"https:\/\/midoxalimentation.com\/?product=stevia-hacendado","title":{"rendered":"Stevia HACENDADO"},"content":{"rendered":"<p>La Stevia Hacendado est l&rsquo;alternative parfaite au sucre classique pour ceux qui surveillent leur ligne ou leur sant\u00e9. Ce flacon de 200g offre un fort pouvoir sucrant sans aucun apport calorique, parfait pour vos caf\u00e9s, th\u00e9s ou yaourts.<\/p>\n","protected":false},"excerpt":{"rendered":"<p>\u00c9dulcorant naturel \u00e0 base de Stevia, sans calories, id\u00e9al pour sucrer vos boissons sainement<\/p>\n","protected":false},"featured_media":6126,"comment_status":"open","ping_status":"closed","template":"","meta":{"content-type":""},"pwb-brand":[],"product_brand":[],"product_cat":[521,167,171,15],"product_tag":[597,541,239,463,598,349,596],"class_list":{"0":"post-6127","1":"product","2":"type-product","3":"status-publish","4":"has-post-thumbnail","6":"product_cat-conserves","7":"product_cat-epicerie","8":"product_cat-petit-dejeuner","9":"product_cat-tous-les-produits","10":"product_tag-edulcorant","11":"product_tag-epicerie","12":"product_tag-hacendado","13":"product_tag-regime","14":"product_tag-sans-calories","15":"product_tag-sante","16":"product_tag-stevia","18":"first","19":"instock","20":"taxable","21":"shipping-taxable","22":"purchasable","23":"product-type-simple"},"aioseo_notices":[],"jetpack_sharing_enabled":true,"brands":[],"_links":{"self":[{"href":"https:\/\/midoxalimentation.com\/index.php?rest_route=\/wp\/v2\/product\/6127","targetHints":{"allow":["GET"]}}],"collection":[{"href":"https:\/\/midoxalimentation.com\/index.php?rest_route=\/wp\/v2\/product"}],"about":[{"href":"https:\/\/midoxalimentation.com\/index.php?rest_route=\/wp\/v2\/types\/product"}],"replies":[{"embeddable":true,"href":"https:\/\/midoxalimentation.com\/index.php?rest_route=%2Fwp%2Fv2%2Fcomments&post=6127"}],"version-history":[{"count":2,"href":"https:\/\/midoxalimentation.com\/index.php?rest_route=\/wp\/v2\/product\/6127\/revisions"}],"predecessor-version":[{"id":6542,"href":"https:\/\/midoxalimentation.com\/index.php?rest_route=\/wp\/v2\/product\/6127\/revisions\/6542"}],"wp:featuredmedia":[{"embeddable":true,"href":"https:\/\/midoxalimentation.com\/index.php?rest_route=\/wp\/v2\/media\/6126"}],"wp:attachment":[{"href":"https:\/\/midoxalimentation.com\/index.php?rest_route=%2Fwp%2Fv2%2Fmedia&parent=6127"}],"wp:term":[{"taxonomy":"pwb-brand","embeddable":true,"href":"https:\/\/midoxalimentation.com\/index.php?rest_route=%2Fwp%2Fv2%2Fpwb-brand&post=6127"},{"taxonomy":"product_brand","embeddable":true,"href":"https:\/\/midoxalimentation.com\/index.php?rest_route=%2Fwp%2Fv2%2Fproduct_brand&post=6127"},{"taxonomy":"product_cat","embeddable":true,"href":"https:\/\/midoxalimentation.com\/index.php?rest_route=%2Fwp%2Fv2%2Fproduct_cat&post=6127"},{"taxonomy":"product_tag","embeddable":true,"href":"https:\/\/midoxalimentation.com\/index.php?rest_route=%2Fwp%2Fv2%2Fproduct_tag&post=6127"}],"curies":[{"name":"wp","href":"https:\/\/api.w.org\/{rel}","templated":true}]}}