{"id":6137,"date":"2026-01-23T22:57:47","date_gmt":"2026-01-23T21:57:47","guid":{"rendered":"https:\/\/midoxalimentation.com\/?product=muesli-crunchy-hazelnuts"},"modified":"2026-02-08T19:30:04","modified_gmt":"2026-02-08T18:30:04","slug":"muesli-crunchy-hazelnuts","status":"publish","type":"product","link":"https:\/\/midoxalimentation.com\/?product=muesli-crunchy-hazelnuts","title":{"rendered":"Muesli Crunchy Hazelnuts"},"content":{"rendered":"<p>Le Muesli Crunchy Hazelnuts est con\u00e7u pour ceux qui aiment commencer la journ\u00e9e avec du relief. Ces c\u00e9r\u00e9ales sont form\u00e9es de grappes d&rsquo;avoine dor\u00e9es au four, cr\u00e9ant des \u00ab\u00a0clusters\u00a0\u00bb g\u00e9n\u00e9reux et croquants \u00e0 souhait. L&rsquo;ajout de noisettes enti\u00e8res ou concass\u00e9es apporte une saveur bois\u00e9e et une richesse nutritionnelle naturelle. Riche en fibres, ce muesli se d\u00e9guste parfaitement avec du lait froid, un yaourt onctueux ou m\u00eame parsem\u00e9 sur un bol de fruits frais pour une touche de gourmandise suppl\u00e9mentaire.<\/p>\n","protected":false},"excerpt":{"rendered":"<p>Un m\u00e9lange gourmand de p\u00e9pites d&rsquo;avoine croustillantes et d&rsquo;\u00e9clats de noisettes torr\u00e9fi\u00e9es. Le petit-d\u00e9jeuner id\u00e9al pour faire le plein d&rsquo;\u00e9nergie avec une texture ultra-craquante.<\/p>\n","protected":false},"featured_media":6136,"comment_status":"open","ping_status":"closed","template":"","meta":{"content-type":""},"pwb-brand":[],"product_brand":[],"product_cat":[222,165],"product_tag":[397,275,280,276,279,278,437,274,317,277],"class_list":{"0":"post-6137","1":"product","2":"type-product","3":"status-publish","4":"has-post-thumbnail","6":"product_cat-chips-graines","7":"product_cat-snacking-aperitif","8":"product_tag-avoine","9":"product_tag-cereales","10":"product_tag-croustillant","11":"product_tag-crunchy","12":"product_tag-energie","13":"product_tag-fibres","14":"product_tag-hazelnuts","15":"product_tag-muesli","16":"product_tag-noisettes","17":"product_tag-petit-dejeuner","19":"first","20":"instock","21":"taxable","22":"shipping-taxable","23":"purchasable","24":"product-type-simple"},"aioseo_notices":[],"jetpack_sharing_enabled":true,"brands":[],"_links":{"self":[{"href":"https:\/\/midoxalimentation.com\/index.php?rest_route=\/wp\/v2\/product\/6137","targetHints":{"allow":["GET"]}}],"collection":[{"href":"https:\/\/midoxalimentation.com\/index.php?rest_route=\/wp\/v2\/product"}],"about":[{"href":"https:\/\/midoxalimentation.com\/index.php?rest_route=\/wp\/v2\/types\/product"}],"replies":[{"embeddable":true,"href":"https:\/\/midoxalimentation.com\/index.php?rest_route=%2Fwp%2Fv2%2Fcomments&post=6137"}],"version-history":[{"count":1,"href":"https:\/\/midoxalimentation.com\/index.php?rest_route=\/wp\/v2\/product\/6137\/revisions"}],"predecessor-version":[{"id":6332,"href":"https:\/\/midoxalimentation.com\/index.php?rest_route=\/wp\/v2\/product\/6137\/revisions\/6332"}],"wp:featuredmedia":[{"embeddable":true,"href":"https:\/\/midoxalimentation.com\/index.php?rest_route=\/wp\/v2\/media\/6136"}],"wp:attachment":[{"href":"https:\/\/midoxalimentation.com\/index.php?rest_route=%2Fwp%2Fv2%2Fmedia&parent=6137"}],"wp:term":[{"taxonomy":"pwb-brand","embeddable":true,"href":"https:\/\/midoxalimentation.com\/index.php?rest_route=%2Fwp%2Fv2%2Fpwb-brand&post=6137"},{"taxonomy":"product_brand","embeddable":true,"href":"https:\/\/midoxalimentation.com\/index.php?rest_route=%2Fwp%2Fv2%2Fproduct_brand&post=6137"},{"taxonomy":"product_cat","embeddable":true,"href":"https:\/\/midoxalimentation.com\/index.php?rest_route=%2Fwp%2Fv2%2Fproduct_cat&post=6137"},{"taxonomy":"product_tag","embeddable":true,"href":"https:\/\/midoxalimentation.com\/index.php?rest_route=%2Fwp%2Fv2%2Fproduct_tag&post=6137"}],"curies":[{"name":"wp","href":"https:\/\/api.w.org\/{rel}","templated":true}]}}