{"id":6144,"date":"2026-01-23T22:57:48","date_gmt":"2026-01-23T21:57:48","guid":{"rendered":"https:\/\/midoxalimentation.com\/?product=the-miracle-bathroom-foam-cleaner-pink-stuff-2"},"modified":"2026-02-16T19:57:39","modified_gmt":"2026-02-16T18:57:39","slug":"the-miracle-bathroom-foam-cleaner-pink-stuff-2","status":"publish","type":"product","link":"https:\/\/midoxalimentation.com\/?product=the-miracle-bathroom-foam-cleaner-pink-stuff-2","title":{"rendered":"The Miracle Bathroom Foam Cleaner"},"content":{"rendered":"<ul>\n<li>\n<p data-path-to-node=\"6,3,0\">Ce spray moussant adh\u00e8re aux surfaces pour d\u00e9sincruster la salet\u00e9 sans effort. Id\u00e9al pour les baignoires, \u00e9viers et robinetteries, il laisse votre salle de bain \u00e9tincelante et d\u00e9licatement parfum\u00e9e.<\/p>\n<\/li>\n<\/ul>\n","protected":false},"excerpt":{"rendered":"<p>Une mousse nettoyante cibl\u00e9e pour \u00e9liminer le calcaire et les r\u00e9sidus de savon dans la salle de bain.<\/p>\n","protected":false},"featured_media":5511,"comment_status":"open","ping_status":"closed","template":"","meta":{"content-type":""},"pwb-brand":[],"product_brand":[],"product_cat":[183,15],"product_tag":[822,832,828,805,821],"class_list":{"0":"post-6144","1":"product","2":"type-product","3":"status-publish","4":"has-post-thumbnail","6":"product_cat-entretien-maison","7":"product_cat-tous-les-produits","8":"product_tag-anti-calcaire","9":"product_tag-bathroom-cleaner","10":"product_tag-mousse-nettoyante","11":"product_tag-pink-stuff","12":"product_tag-salle-de-bain","14":"first","15":"instock","16":"taxable","17":"shipping-taxable","18":"purchasable","19":"product-type-simple"},"aioseo_notices":[],"jetpack_sharing_enabled":true,"brands":[],"_links":{"self":[{"href":"https:\/\/midoxalimentation.com\/index.php?rest_route=\/wp\/v2\/product\/6144","targetHints":{"allow":["GET"]}}],"collection":[{"href":"https:\/\/midoxalimentation.com\/index.php?rest_route=\/wp\/v2\/product"}],"about":[{"href":"https:\/\/midoxalimentation.com\/index.php?rest_route=\/wp\/v2\/types\/product"}],"replies":[{"embeddable":true,"href":"https:\/\/midoxalimentation.com\/index.php?rest_route=%2Fwp%2Fv2%2Fcomments&post=6144"}],"version-history":[{"count":2,"href":"https:\/\/midoxalimentation.com\/index.php?rest_route=\/wp\/v2\/product\/6144\/revisions"}],"predecessor-version":[{"id":6776,"href":"https:\/\/midoxalimentation.com\/index.php?rest_route=\/wp\/v2\/product\/6144\/revisions\/6776"}],"wp:featuredmedia":[{"embeddable":true,"href":"https:\/\/midoxalimentation.com\/index.php?rest_route=\/wp\/v2\/media\/5511"}],"wp:attachment":[{"href":"https:\/\/midoxalimentation.com\/index.php?rest_route=%2Fwp%2Fv2%2Fmedia&parent=6144"}],"wp:term":[{"taxonomy":"pwb-brand","embeddable":true,"href":"https:\/\/midoxalimentation.com\/index.php?rest_route=%2Fwp%2Fv2%2Fpwb-brand&post=6144"},{"taxonomy":"product_brand","embeddable":true,"href":"https:\/\/midoxalimentation.com\/index.php?rest_route=%2Fwp%2Fv2%2Fproduct_brand&post=6144"},{"taxonomy":"product_cat","embeddable":true,"href":"https:\/\/midoxalimentation.com\/index.php?rest_route=%2Fwp%2Fv2%2Fproduct_cat&post=6144"},{"taxonomy":"product_tag","embeddable":true,"href":"https:\/\/midoxalimentation.com\/index.php?rest_route=%2Fwp%2Fv2%2Fproduct_tag&post=6144"}],"curies":[{"name":"wp","href":"https:\/\/api.w.org\/{rel}","templated":true}]}}