{"id":6152,"date":"2026-01-23T22:57:50","date_gmt":"2026-01-23T21:57:50","guid":{"rendered":"https:\/\/midoxalimentation.com\/?product=le-miracle-creme-nettoyante-pink-stuff"},"modified":"2026-02-16T19:54:22","modified_gmt":"2026-02-16T18:54:22","slug":"le-miracle-creme-nettoyante-pink-stuff","status":"publish","type":"product","link":"https:\/\/midoxalimentation.com\/?product=le-miracle-creme-nettoyante-pink-stuff","title":{"rendered":"Le Miracle Cr\u00e8me Nettoyante"},"content":{"rendered":"<p>Cette cr\u00e8me nettoyante est parfaite pour les zones n\u00e9cessitant un soin particulier. Elle \u00e9limine les r\u00e9sidus incrust\u00e9s sur les plaques de cuisson, les \u00e9viers et les plans de travail sans rayer, offrant une propret\u00e9 impeccable.<\/p>\n","protected":false},"excerpt":{"rendered":"<ul>\n<li>\n<p data-path-to-node=\"12,2,0\">Une cr\u00e8me \u00e0 r\u00e9curer douce et efficace pour les surfaces dures.<\/p>\n<\/li>\n<\/ul>\n","protected":false},"featured_media":6151,"comment_status":"open","ping_status":"closed","template":"","meta":{"content-type":""},"pwb-brand":[],"product_brand":[804],"product_cat":[183,15],"product_tag":[829,830,484,798,805],"class_list":{"0":"post-6152","1":"product","2":"type-product","3":"status-publish","4":"has-post-thumbnail","6":"product_brand-pink-stuff","7":"product_cat-entretien-maison","8":"product_cat-tous-les-produits","9":"product_tag-cream-cleaner","10":"product_tag-creme-a-recurer","11":"product_tag-cuisine","12":"product_tag-multi-surfaces","13":"product_tag-pink-stuff","15":"first","16":"instock","17":"taxable","18":"shipping-taxable","19":"purchasable","20":"product-type-simple"},"aioseo_notices":[],"jetpack_sharing_enabled":true,"brands":[],"_links":{"self":[{"href":"https:\/\/midoxalimentation.com\/index.php?rest_route=\/wp\/v2\/product\/6152","targetHints":{"allow":["GET"]}}],"collection":[{"href":"https:\/\/midoxalimentation.com\/index.php?rest_route=\/wp\/v2\/product"}],"about":[{"href":"https:\/\/midoxalimentation.com\/index.php?rest_route=\/wp\/v2\/types\/product"}],"replies":[{"embeddable":true,"href":"https:\/\/midoxalimentation.com\/index.php?rest_route=%2Fwp%2Fv2%2Fcomments&post=6152"}],"version-history":[{"count":2,"href":"https:\/\/midoxalimentation.com\/index.php?rest_route=\/wp\/v2\/product\/6152\/revisions"}],"predecessor-version":[{"id":6771,"href":"https:\/\/midoxalimentation.com\/index.php?rest_route=\/wp\/v2\/product\/6152\/revisions\/6771"}],"wp:featuredmedia":[{"embeddable":true,"href":"https:\/\/midoxalimentation.com\/index.php?rest_route=\/wp\/v2\/media\/6151"}],"wp:attachment":[{"href":"https:\/\/midoxalimentation.com\/index.php?rest_route=%2Fwp%2Fv2%2Fmedia&parent=6152"}],"wp:term":[{"taxonomy":"pwb-brand","embeddable":true,"href":"https:\/\/midoxalimentation.com\/index.php?rest_route=%2Fwp%2Fv2%2Fpwb-brand&post=6152"},{"taxonomy":"product_brand","embeddable":true,"href":"https:\/\/midoxalimentation.com\/index.php?rest_route=%2Fwp%2Fv2%2Fproduct_brand&post=6152"},{"taxonomy":"product_cat","embeddable":true,"href":"https:\/\/midoxalimentation.com\/index.php?rest_route=%2Fwp%2Fv2%2Fproduct_cat&post=6152"},{"taxonomy":"product_tag","embeddable":true,"href":"https:\/\/midoxalimentation.com\/index.php?rest_route=%2Fwp%2Fv2%2Fproduct_tag&post=6152"}],"curies":[{"name":"wp","href":"https:\/\/api.w.org\/{rel}","templated":true}]}}