{"id":6158,"date":"2026-01-23T22:57:51","date_gmt":"2026-01-23T21:57:51","guid":{"rendered":"https:\/\/midoxalimentation.com\/?product=pate-pink-stuff"},"modified":"2026-02-16T19:42:48","modified_gmt":"2026-02-16T18:42:48","slug":"pate-pink-stuff","status":"publish","type":"product","link":"https:\/\/midoxalimentation.com\/?product=pate-pink-stuff","title":{"rendered":"P\u00e2te Nettoyante Miracle"},"content":{"rendered":"<p>V\u00e9ritable ph\u00e9nom\u00e8ne du nettoyage, cette p\u00e2te miracle nettoie tout : des casseroles br\u00fbl\u00e9es aux baskets, en passant par les joints de carrelage. Sa texture l\u00e9g\u00e8rement abrasive permet de d\u00e9sincruster sans rayer, offrant des r\u00e9sultats impressionnants l\u00e0 o\u00f9 d&rsquo;autres produits \u00e9chouent.<\/p>\n","protected":false},"excerpt":{"rendered":"<p>La c\u00e9l\u00e8bre p\u00e2te rose abrasive et douce pour \u00e9liminer les taches les plus tenaces.<\/p>\n","protected":false},"featured_media":6157,"comment_status":"open","ping_status":"closed","template":"","meta":{"content-type":""},"pwb-brand":[],"product_brand":[804],"product_cat":[183,15],"product_tag":[808,809,807,806,805],"class_list":{"0":"post-6158","1":"product","2":"type-product","3":"status-publish","4":"has-post-thumbnail","6":"product_brand-pink-stuff","7":"product_cat-entretien-maison","8":"product_cat-tous-les-produits","9":"product_tag-anti-taches","10":"product_tag-entretien","11":"product_tag-miracle-cleaning-paste","12":"product_tag-pate-nettoyante","13":"product_tag-pink-stuff","15":"first","16":"instock","17":"sale","18":"taxable","19":"shipping-taxable","20":"purchasable","21":"product-type-simple"},"aioseo_notices":[],"jetpack_sharing_enabled":true,"brands":[],"_links":{"self":[{"href":"https:\/\/midoxalimentation.com\/index.php?rest_route=\/wp\/v2\/product\/6158","targetHints":{"allow":["GET"]}}],"collection":[{"href":"https:\/\/midoxalimentation.com\/index.php?rest_route=\/wp\/v2\/product"}],"about":[{"href":"https:\/\/midoxalimentation.com\/index.php?rest_route=\/wp\/v2\/types\/product"}],"replies":[{"embeddable":true,"href":"https:\/\/midoxalimentation.com\/index.php?rest_route=%2Fwp%2Fv2%2Fcomments&post=6158"}],"version-history":[{"count":2,"href":"https:\/\/midoxalimentation.com\/index.php?rest_route=\/wp\/v2\/product\/6158\/revisions"}],"predecessor-version":[{"id":6759,"href":"https:\/\/midoxalimentation.com\/index.php?rest_route=\/wp\/v2\/product\/6158\/revisions\/6759"}],"wp:featuredmedia":[{"embeddable":true,"href":"https:\/\/midoxalimentation.com\/index.php?rest_route=\/wp\/v2\/media\/6157"}],"wp:attachment":[{"href":"https:\/\/midoxalimentation.com\/index.php?rest_route=%2Fwp%2Fv2%2Fmedia&parent=6158"}],"wp:term":[{"taxonomy":"pwb-brand","embeddable":true,"href":"https:\/\/midoxalimentation.com\/index.php?rest_route=%2Fwp%2Fv2%2Fpwb-brand&post=6158"},{"taxonomy":"product_brand","embeddable":true,"href":"https:\/\/midoxalimentation.com\/index.php?rest_route=%2Fwp%2Fv2%2Fproduct_brand&post=6158"},{"taxonomy":"product_cat","embeddable":true,"href":"https:\/\/midoxalimentation.com\/index.php?rest_route=%2Fwp%2Fv2%2Fproduct_cat&post=6158"},{"taxonomy":"product_tag","embeddable":true,"href":"https:\/\/midoxalimentation.com\/index.php?rest_route=%2Fwp%2Fv2%2Fproduct_tag&post=6158"}],"curies":[{"name":"wp","href":"https:\/\/api.w.org\/{rel}","templated":true}]}}