{"id":6160,"date":"2026-01-23T22:57:51","date_gmt":"2026-01-23T21:57:51","guid":{"rendered":"https:\/\/midoxalimentation.com\/?product=daily-shower-shine-pink-stuff"},"modified":"2026-02-16T19:50:08","modified_gmt":"2026-02-16T18:50:08","slug":"daily-shower-shine-pink-stuff","status":"publish","type":"product","link":"https:\/\/midoxalimentation.com\/?product=daily-shower-shine-pink-stuff","title":{"rendered":"Daily Shower &#038; Shine"},"content":{"rendered":"<ul data-path-to-node=\"6\">\n<li>\n<p data-path-to-node=\"6,3,0\"><b data-path-to-node=\"6,3,0\" data-index-in-node=\"0\"><\/b> Con\u00e7u pour un entretien facile, ce spray pr\u00e9vient l&rsquo;accumulation de calcaire et de traces de savon. Il suffit de vaporiser apr\u00e8s chaque douche pour maintenir une brillance \u00e9clatante sur les parois et la robinetterie.<\/p>\n<\/li>\n<\/ul>\n<h3 data-path-to-node=\"8\"><\/h3>\n","protected":false},"excerpt":{"rendered":"<p>Un spray quotidien pour garder votre douche propre et brillante sans frotter.<\/p>\n","protected":false},"featured_media":6159,"comment_status":"open","ping_status":"closed","template":"","meta":{"content-type":""},"pwb-brand":[],"product_brand":[804],"product_cat":[183,15],"product_tag":[822,820,823,805,821,819],"class_list":{"0":"post-6160","1":"product","2":"type-product","3":"status-publish","4":"has-post-thumbnail","6":"product_brand-pink-stuff","7":"product_cat-entretien-maison","8":"product_cat-tous-les-produits","9":"product_tag-anti-calcaire","10":"product_tag-douche","11":"product_tag-entretien-quotidien","12":"product_tag-pink-stuff","13":"product_tag-salle-de-bain","14":"product_tag-shower-shine","16":"first","17":"instock","18":"taxable","19":"shipping-taxable","20":"purchasable","21":"product-type-simple"},"aioseo_notices":[],"jetpack_sharing_enabled":true,"brands":[],"_links":{"self":[{"href":"https:\/\/midoxalimentation.com\/index.php?rest_route=\/wp\/v2\/product\/6160","targetHints":{"allow":["GET"]}}],"collection":[{"href":"https:\/\/midoxalimentation.com\/index.php?rest_route=\/wp\/v2\/product"}],"about":[{"href":"https:\/\/midoxalimentation.com\/index.php?rest_route=\/wp\/v2\/types\/product"}],"replies":[{"embeddable":true,"href":"https:\/\/midoxalimentation.com\/index.php?rest_route=%2Fwp%2Fv2%2Fcomments&post=6160"}],"version-history":[{"count":2,"href":"https:\/\/midoxalimentation.com\/index.php?rest_route=\/wp\/v2\/product\/6160\/revisions"}],"predecessor-version":[{"id":6767,"href":"https:\/\/midoxalimentation.com\/index.php?rest_route=\/wp\/v2\/product\/6160\/revisions\/6767"}],"wp:featuredmedia":[{"embeddable":true,"href":"https:\/\/midoxalimentation.com\/index.php?rest_route=\/wp\/v2\/media\/6159"}],"wp:attachment":[{"href":"https:\/\/midoxalimentation.com\/index.php?rest_route=%2Fwp%2Fv2%2Fmedia&parent=6160"}],"wp:term":[{"taxonomy":"pwb-brand","embeddable":true,"href":"https:\/\/midoxalimentation.com\/index.php?rest_route=%2Fwp%2Fv2%2Fpwb-brand&post=6160"},{"taxonomy":"product_brand","embeddable":true,"href":"https:\/\/midoxalimentation.com\/index.php?rest_route=%2Fwp%2Fv2%2Fproduct_brand&post=6160"},{"taxonomy":"product_cat","embeddable":true,"href":"https:\/\/midoxalimentation.com\/index.php?rest_route=%2Fwp%2Fv2%2Fproduct_cat&post=6160"},{"taxonomy":"product_tag","embeddable":true,"href":"https:\/\/midoxalimentation.com\/index.php?rest_route=%2Fwp%2Fv2%2Fproduct_tag&post=6160"}],"curies":[{"name":"wp","href":"https:\/\/api.w.org\/{rel}","templated":true}]}}