{"id":6164,"date":"2026-01-23T22:57:52","date_gmt":"2026-01-23T21:57:52","guid":{"rendered":"https:\/\/midoxalimentation.com\/?product=multi-usages-miracle-pink-stuff"},"modified":"2026-02-16T19:44:32","modified_gmt":"2026-02-16T18:44:32","slug":"multi-usages-miracle-pink-stuff","status":"publish","type":"product","link":"https:\/\/midoxalimentation.com\/?product=multi-usages-miracle-pink-stuff","title":{"rendered":"Multi-usages Miracle"},"content":{"rendered":"<p>Ce spray multi-usages est l&rsquo;alli\u00e9 parfait pour un nettoyage rapide et efficace. Sa formule sp\u00e9ciale s&rsquo;attaque \u00e0 la graisse et \u00e0 la salet\u00e9 sur presque toutes les surfaces durcies, laissant un \u00e9clat sans traces et un parfum agr\u00e9able.<\/p>\n","protected":false},"excerpt":{"rendered":"<p>Un spray nettoyant polyvalent \u00ab\u00a0miracle\u00a0\u00bb pour toutes les surfaces de la maison.<\/p>\n","protected":false},"featured_media":6163,"comment_status":"open","ping_status":"closed","template":"","meta":{"content-type":""},"pwb-brand":[],"product_brand":[804],"product_cat":[183,15],"product_tag":[774,780,810,805,803],"class_list":{"0":"post-6164","1":"product","2":"type-product","3":"status-publish","4":"has-post-thumbnail","6":"product_brand-pink-stuff","7":"product_cat-entretien-maison","8":"product_cat-tous-les-produits","9":"product_tag-menage","10":"product_tag-multi-usages","11":"product_tag-nettoyant-miracle","12":"product_tag-pink-stuff","13":"product_tag-spray","15":"first","16":"instock","17":"taxable","18":"shipping-taxable","19":"purchasable","20":"product-type-simple"},"aioseo_notices":[],"jetpack_sharing_enabled":true,"brands":[],"_links":{"self":[{"href":"https:\/\/midoxalimentation.com\/index.php?rest_route=\/wp\/v2\/product\/6164","targetHints":{"allow":["GET"]}}],"collection":[{"href":"https:\/\/midoxalimentation.com\/index.php?rest_route=\/wp\/v2\/product"}],"about":[{"href":"https:\/\/midoxalimentation.com\/index.php?rest_route=\/wp\/v2\/types\/product"}],"replies":[{"embeddable":true,"href":"https:\/\/midoxalimentation.com\/index.php?rest_route=%2Fwp%2Fv2%2Fcomments&post=6164"}],"version-history":[{"count":3,"href":"https:\/\/midoxalimentation.com\/index.php?rest_route=\/wp\/v2\/product\/6164\/revisions"}],"predecessor-version":[{"id":6762,"href":"https:\/\/midoxalimentation.com\/index.php?rest_route=\/wp\/v2\/product\/6164\/revisions\/6762"}],"wp:featuredmedia":[{"embeddable":true,"href":"https:\/\/midoxalimentation.com\/index.php?rest_route=\/wp\/v2\/media\/6163"}],"wp:attachment":[{"href":"https:\/\/midoxalimentation.com\/index.php?rest_route=%2Fwp%2Fv2%2Fmedia&parent=6164"}],"wp:term":[{"taxonomy":"pwb-brand","embeddable":true,"href":"https:\/\/midoxalimentation.com\/index.php?rest_route=%2Fwp%2Fv2%2Fpwb-brand&post=6164"},{"taxonomy":"product_brand","embeddable":true,"href":"https:\/\/midoxalimentation.com\/index.php?rest_route=%2Fwp%2Fv2%2Fproduct_brand&post=6164"},{"taxonomy":"product_cat","embeddable":true,"href":"https:\/\/midoxalimentation.com\/index.php?rest_route=%2Fwp%2Fv2%2Fproduct_cat&post=6164"},{"taxonomy":"product_tag","embeddable":true,"href":"https:\/\/midoxalimentation.com\/index.php?rest_route=%2Fwp%2Fv2%2Fproduct_tag&post=6164"}],"curies":[{"name":"wp","href":"https:\/\/api.w.org\/{rel}","templated":true}]}}