{"id":6516,"date":"2026-02-13T15:26:31","date_gmt":"2026-02-13T14:26:31","guid":{"rendered":"https:\/\/midoxalimentation.com\/?post_type=product&#038;p=6516"},"modified":"2026-02-13T16:27:13","modified_gmt":"2026-02-13T15:27:13","slug":"nocilla-cookies-cream","status":"publish","type":"product","link":"https:\/\/midoxalimentation.com\/?product=nocilla-cookies-cream","title":{"rendered":"Nocilla Cookies &#038; Cream"},"content":{"rendered":"<p data-path-to-node=\"11\">Nocilla Cookies &amp; Cream est le plaisir ultime des amateurs de biscuits. Sa cr\u00e8me onctueuse m\u00e9lang\u00e9e \u00e0 des morceaux croquants offre une exp\u00e9rience unique sur vos tartines ou cr\u00eapes. Fabriqu\u00e9e sans huile de palme, c&rsquo;est l&rsquo;option parfaite pour un petit-d\u00e9jeuner ou un snack plein de saveurs.<\/p>\n<p data-path-to-node=\"12\">\n","protected":false},"excerpt":{"rendered":"<p>P\u00e2te \u00e0 tartiner blanche aux \u00e9clats de biscuits chocolat\u00e9s, pour un go\u00fbter ultra-gourmand.<\/p>\n","protected":false},"featured_media":6517,"comment_status":"open","ping_status":"closed","template":"","meta":{"content-type":""},"pwb-brand":[],"product_brand":[],"product_cat":[521,167,171,15],"product_tag":[230,588,235,316,319,277],"class_list":{"0":"post-6516","1":"product","2":"type-product","3":"status-publish","4":"has-post-thumbnail","6":"product_cat-conserves","7":"product_cat-epicerie","8":"product_cat-petit-dejeuner","9":"product_cat-tous-les-produits","10":"product_tag-chocolat","11":"product_tag-cookies-cream","12":"product_tag-gouter","13":"product_tag-nocilla","14":"product_tag-pate-a-tartiner","15":"product_tag-petit-dejeuner","17":"first","18":"instock","19":"sale","20":"featured","21":"taxable","22":"shipping-taxable","23":"purchasable","24":"product-type-simple"},"aioseo_notices":[],"jetpack_sharing_enabled":true,"brands":[],"_links":{"self":[{"href":"https:\/\/midoxalimentation.com\/index.php?rest_route=\/wp\/v2\/product\/6516","targetHints":{"allow":["GET"]}}],"collection":[{"href":"https:\/\/midoxalimentation.com\/index.php?rest_route=\/wp\/v2\/product"}],"about":[{"href":"https:\/\/midoxalimentation.com\/index.php?rest_route=\/wp\/v2\/types\/product"}],"replies":[{"embeddable":true,"href":"https:\/\/midoxalimentation.com\/index.php?rest_route=%2Fwp%2Fv2%2Fcomments&post=6516"}],"version-history":[{"count":1,"href":"https:\/\/midoxalimentation.com\/index.php?rest_route=\/wp\/v2\/product\/6516\/revisions"}],"predecessor-version":[{"id":6518,"href":"https:\/\/midoxalimentation.com\/index.php?rest_route=\/wp\/v2\/product\/6516\/revisions\/6518"}],"wp:featuredmedia":[{"embeddable":true,"href":"https:\/\/midoxalimentation.com\/index.php?rest_route=\/wp\/v2\/media\/6517"}],"wp:attachment":[{"href":"https:\/\/midoxalimentation.com\/index.php?rest_route=%2Fwp%2Fv2%2Fmedia&parent=6516"}],"wp:term":[{"taxonomy":"pwb-brand","embeddable":true,"href":"https:\/\/midoxalimentation.com\/index.php?rest_route=%2Fwp%2Fv2%2Fpwb-brand&post=6516"},{"taxonomy":"product_brand","embeddable":true,"href":"https:\/\/midoxalimentation.com\/index.php?rest_route=%2Fwp%2Fv2%2Fproduct_brand&post=6516"},{"taxonomy":"product_cat","embeddable":true,"href":"https:\/\/midoxalimentation.com\/index.php?rest_route=%2Fwp%2Fv2%2Fproduct_cat&post=6516"},{"taxonomy":"product_tag","embeddable":true,"href":"https:\/\/midoxalimentation.com\/index.php?rest_route=%2Fwp%2Fv2%2Fproduct_tag&post=6516"}],"curies":[{"name":"wp","href":"https:\/\/api.w.org\/{rel}","templated":true}]}}