{"id":6687,"date":"2026-02-15T23:49:29","date_gmt":"2026-02-15T22:49:29","guid":{"rendered":"https:\/\/midoxalimentation.com\/?post_type=product&#038;p=6687"},"modified":"2026-02-15T23:50:58","modified_gmt":"2026-02-15T22:50:58","slug":"magnum-double-chocolat","status":"publish","type":"product","link":"https:\/\/midoxalimentation.com\/?product=magnum-double-chocolat","title":{"rendered":"Magnum Double Chocolat"},"content":{"rendered":"<p>Le Magnum Double Chocolat est con\u00e7u pour une indulgence ultime. Une cr\u00e8me glac\u00e9e au chocolat intense, recouverte d&rsquo;une sauce au chocolat fondante, le tout prot\u00e9g\u00e9 par une coque de chocolat craquante. Une exp\u00e9rience triplement chocolat\u00e9e.<\/p>\n","protected":false},"excerpt":{"rendered":"<p>Une immersion totale dans le chocolat avec une double couche craquante et fondante.<\/p>\n","protected":false},"featured_media":6685,"comment_status":"open","ping_status":"closed","template":"","meta":{"content-type":""},"pwb-brand":[],"product_brand":[],"product_cat":[174,15],"product_tag":[247,294,346,738,434,459,731,448,739,737,344],"class_list":{"0":"post-6687","1":"product","2":"type-product","3":"status-publish","4":"has-post-thumbnail","6":"product_cat-glaces","7":"product_cat-tous-les-produits","8":"product_tag-chocolat-au-lait","9":"product_tag-chocolat-blanc","10":"product_tag-classic","11":"product_tag-cookie","12":"product_tag-dessert","13":"product_tag-double-chocolat","14":"product_tag-glace","15":"product_tag-gourmand","16":"product_tag-intense","17":"product_tag-magnum","18":"product_tag-vanille","20":"first","21":"instock","22":"taxable","23":"shipping-taxable","24":"purchasable","25":"product-type-simple"},"aioseo_notices":[],"jetpack_sharing_enabled":true,"brands":[],"_links":{"self":[{"href":"https:\/\/midoxalimentation.com\/index.php?rest_route=\/wp\/v2\/product\/6687","targetHints":{"allow":["GET"]}}],"collection":[{"href":"https:\/\/midoxalimentation.com\/index.php?rest_route=\/wp\/v2\/product"}],"about":[{"href":"https:\/\/midoxalimentation.com\/index.php?rest_route=\/wp\/v2\/types\/product"}],"replies":[{"embeddable":true,"href":"https:\/\/midoxalimentation.com\/index.php?rest_route=%2Fwp%2Fv2%2Fcomments&post=6687"}],"version-history":[{"count":1,"href":"https:\/\/midoxalimentation.com\/index.php?rest_route=\/wp\/v2\/product\/6687\/revisions"}],"predecessor-version":[{"id":6688,"href":"https:\/\/midoxalimentation.com\/index.php?rest_route=\/wp\/v2\/product\/6687\/revisions\/6688"}],"wp:featuredmedia":[{"embeddable":true,"href":"https:\/\/midoxalimentation.com\/index.php?rest_route=\/wp\/v2\/media\/6685"}],"wp:attachment":[{"href":"https:\/\/midoxalimentation.com\/index.php?rest_route=%2Fwp%2Fv2%2Fmedia&parent=6687"}],"wp:term":[{"taxonomy":"pwb-brand","embeddable":true,"href":"https:\/\/midoxalimentation.com\/index.php?rest_route=%2Fwp%2Fv2%2Fpwb-brand&post=6687"},{"taxonomy":"product_brand","embeddable":true,"href":"https:\/\/midoxalimentation.com\/index.php?rest_route=%2Fwp%2Fv2%2Fproduct_brand&post=6687"},{"taxonomy":"product_cat","embeddable":true,"href":"https:\/\/midoxalimentation.com\/index.php?rest_route=%2Fwp%2Fv2%2Fproduct_cat&post=6687"},{"taxonomy":"product_tag","embeddable":true,"href":"https:\/\/midoxalimentation.com\/index.php?rest_route=%2Fwp%2Fv2%2Fproduct_tag&post=6687"}],"curies":[{"name":"wp","href":"https:\/\/api.w.org\/{rel}","templated":true}]}}