{"id":6689,"date":"2026-02-15T23:51:12","date_gmt":"2026-02-15T22:51:12","guid":{"rendered":"https:\/\/midoxalimentation.com\/?post_type=product&#038;p=6689"},"modified":"2026-02-16T00:08:15","modified_gmt":"2026-02-15T23:08:15","slug":"magnum-sunlover-coco-mangue","status":"publish","type":"product","link":"https:\/\/midoxalimentation.com\/?product=magnum-sunlover-coco-mangue","title":{"rendered":"Magnum Sunlover Coco Mangue"},"content":{"rendered":"<p>Savourez l&rsquo;\u00e9t\u00e9 avec Magnum Sunlover. Une cr\u00e8me glac\u00e9e onctueuse \u00e0 la noix de coco tourbillonn\u00e9e avec un sorbet mangue et fruit de la passion, le tout enrob\u00e9 de chocolat blanc et d&rsquo;\u00e9clats de noix de coco.<\/p>\n","protected":false},"excerpt":{"rendered":"<p>Un voyage tropical avec le mariage exotique de la noix de coco et de la mangue.<\/p>\n","protected":false},"featured_media":6680,"comment_status":"open","ping_status":"closed","template":"","meta":{"content-type":""},"pwb-brand":[],"product_brand":[],"product_cat":[174,15],"product_tag":[247,294,346,738,434,459,731,448,739,737,344],"class_list":{"0":"post-6689","1":"product","2":"type-product","3":"status-publish","4":"has-post-thumbnail","6":"product_cat-glaces","7":"product_cat-tous-les-produits","8":"product_tag-chocolat-au-lait","9":"product_tag-chocolat-blanc","10":"product_tag-classic","11":"product_tag-cookie","12":"product_tag-dessert","13":"product_tag-double-chocolat","14":"product_tag-glace","15":"product_tag-gourmand","16":"product_tag-intense","17":"product_tag-magnum","18":"product_tag-vanille","20":"first","21":"instock","22":"taxable","23":"shipping-taxable","24":"purchasable","25":"product-type-simple"},"aioseo_notices":[],"jetpack_sharing_enabled":true,"brands":[],"_links":{"self":[{"href":"https:\/\/midoxalimentation.com\/index.php?rest_route=\/wp\/v2\/product\/6689","targetHints":{"allow":["GET"]}}],"collection":[{"href":"https:\/\/midoxalimentation.com\/index.php?rest_route=\/wp\/v2\/product"}],"about":[{"href":"https:\/\/midoxalimentation.com\/index.php?rest_route=\/wp\/v2\/types\/product"}],"replies":[{"embeddable":true,"href":"https:\/\/midoxalimentation.com\/index.php?rest_route=%2Fwp%2Fv2%2Fcomments&post=6689"}],"version-history":[{"count":1,"href":"https:\/\/midoxalimentation.com\/index.php?rest_route=\/wp\/v2\/product\/6689\/revisions"}],"predecessor-version":[{"id":6690,"href":"https:\/\/midoxalimentation.com\/index.php?rest_route=\/wp\/v2\/product\/6689\/revisions\/6690"}],"wp:featuredmedia":[{"embeddable":true,"href":"https:\/\/midoxalimentation.com\/index.php?rest_route=\/wp\/v2\/media\/6680"}],"wp:attachment":[{"href":"https:\/\/midoxalimentation.com\/index.php?rest_route=%2Fwp%2Fv2%2Fmedia&parent=6689"}],"wp:term":[{"taxonomy":"pwb-brand","embeddable":true,"href":"https:\/\/midoxalimentation.com\/index.php?rest_route=%2Fwp%2Fv2%2Fpwb-brand&post=6689"},{"taxonomy":"product_brand","embeddable":true,"href":"https:\/\/midoxalimentation.com\/index.php?rest_route=%2Fwp%2Fv2%2Fproduct_brand&post=6689"},{"taxonomy":"product_cat","embeddable":true,"href":"https:\/\/midoxalimentation.com\/index.php?rest_route=%2Fwp%2Fv2%2Fproduct_cat&post=6689"},{"taxonomy":"product_tag","embeddable":true,"href":"https:\/\/midoxalimentation.com\/index.php?rest_route=%2Fwp%2Fv2%2Fproduct_tag&post=6689"}],"curies":[{"name":"wp","href":"https:\/\/api.w.org\/{rel}","templated":true}]}}