{"id":6691,"date":"2026-02-16T00:09:21","date_gmt":"2026-02-15T23:09:21","guid":{"rendered":"https:\/\/midoxalimentation.com\/?post_type=product&#038;p=6691"},"modified":"2026-02-16T00:10:48","modified_gmt":"2026-02-15T23:10:48","slug":"magnum-starchaser-popcorn-caramel","status":"publish","type":"product","link":"https:\/\/midoxalimentation.com\/?product=magnum-starchaser-popcorn-caramel","title":{"rendered":"Magnum Starchaser Popcorn Caramel"},"content":{"rendered":"<p>Brillez avec Magnum Starchaser. Une glace saveur popcorn avec un ruban de sauce caramel, enrob\u00e9e d&rsquo;un chocolat au lait croquant et de morceaux de ma\u00efs caram\u00e9lis\u00e9s pour une exp\u00e9rience cin\u00e9matographique.<\/p>\n","protected":false},"excerpt":{"rendered":"<p>Un m\u00e9lange audacieux de popcorn caram\u00e9lis\u00e9 et de chocolat onctueux.<\/p>\n","protected":false},"featured_media":6681,"comment_status":"open","ping_status":"closed","template":"","meta":{"content-type":""},"pwb-brand":[],"product_brand":[],"product_cat":[174,15],"product_tag":[256,247,294,346,738,434,459,731,448,739,737,741,740,344],"class_list":{"0":"post-6691","1":"product","2":"type-product","3":"status-publish","4":"has-post-thumbnail","6":"product_cat-glaces","7":"product_cat-tous-les-produits","8":"product_tag-caramel","9":"product_tag-chocolat-au-lait","10":"product_tag-chocolat-blanc","11":"product_tag-classic","12":"product_tag-cookie","13":"product_tag-dessert","14":"product_tag-double-chocolat","15":"product_tag-glace","16":"product_tag-gourmand","17":"product_tag-intense","18":"product_tag-magnum","19":"product_tag-popcorn","20":"product_tag-starchaser","21":"product_tag-vanille","23":"first","24":"instock","25":"taxable","26":"shipping-taxable","27":"purchasable","28":"product-type-simple"},"aioseo_notices":[],"jetpack_sharing_enabled":true,"brands":[],"_links":{"self":[{"href":"https:\/\/midoxalimentation.com\/index.php?rest_route=\/wp\/v2\/product\/6691","targetHints":{"allow":["GET"]}}],"collection":[{"href":"https:\/\/midoxalimentation.com\/index.php?rest_route=\/wp\/v2\/product"}],"about":[{"href":"https:\/\/midoxalimentation.com\/index.php?rest_route=\/wp\/v2\/types\/product"}],"replies":[{"embeddable":true,"href":"https:\/\/midoxalimentation.com\/index.php?rest_route=%2Fwp%2Fv2%2Fcomments&post=6691"}],"version-history":[{"count":1,"href":"https:\/\/midoxalimentation.com\/index.php?rest_route=\/wp\/v2\/product\/6691\/revisions"}],"predecessor-version":[{"id":6692,"href":"https:\/\/midoxalimentation.com\/index.php?rest_route=\/wp\/v2\/product\/6691\/revisions\/6692"}],"wp:featuredmedia":[{"embeddable":true,"href":"https:\/\/midoxalimentation.com\/index.php?rest_route=\/wp\/v2\/media\/6681"}],"wp:attachment":[{"href":"https:\/\/midoxalimentation.com\/index.php?rest_route=%2Fwp%2Fv2%2Fmedia&parent=6691"}],"wp:term":[{"taxonomy":"pwb-brand","embeddable":true,"href":"https:\/\/midoxalimentation.com\/index.php?rest_route=%2Fwp%2Fv2%2Fpwb-brand&post=6691"},{"taxonomy":"product_brand","embeddable":true,"href":"https:\/\/midoxalimentation.com\/index.php?rest_route=%2Fwp%2Fv2%2Fproduct_brand&post=6691"},{"taxonomy":"product_cat","embeddable":true,"href":"https:\/\/midoxalimentation.com\/index.php?rest_route=%2Fwp%2Fv2%2Fproduct_cat&post=6691"},{"taxonomy":"product_tag","embeddable":true,"href":"https:\/\/midoxalimentation.com\/index.php?rest_route=%2Fwp%2Fv2%2Fproduct_tag&post=6691"}],"curies":[{"name":"wp","href":"https:\/\/api.w.org\/{rel}","templated":true}]}}