{"id":6698,"date":"2026-02-16T00:28:28","date_gmt":"2026-02-15T23:28:28","guid":{"rendered":"https:\/\/midoxalimentation.com\/?post_type=product&#038;p=6698"},"modified":"2026-03-11T16:10:57","modified_gmt":"2026-03-11T15:10:57","slug":"glace-titan-vanille","status":"publish","type":"product","link":"https:\/\/midoxalimentation.com\/?product=glace-titan-vanille","title":{"rendered":"Glace Titan Vanille"},"content":{"rendered":"<p>Laissez-vous tenter par la simplicit\u00e9 gourmande de Titan Vanille. Ce b\u00e2tonnet g\u00e9n\u00e9reux de <span class=\"math-inline\" data-math=\"110ml\" data-index-in-node=\"114\">$110ml$<\/span> offre une glace \u00e0 la vanille douce et cr\u00e9meuse, prot\u00e9g\u00e9e par une coque craquante de chocolat au lait \u00ab\u00a0Chocolat Belge\u00a0\u00bb parsem\u00e9e de petits \u00e9clats pour plus de texture.<\/p>\n","protected":false},"excerpt":{"rendered":"<p>Une onctueuse cr\u00e8me glac\u00e9e \u00e0 la vanille enrob\u00e9e d&rsquo;un d\u00e9licieux chocolat belge croquant.<\/p>\n","protected":false},"featured_media":6699,"comment_status":"open","ping_status":"closed","template":"","meta":{"content-type":""},"pwb-brand":[],"product_brand":[],"product_cat":[174],"product_tag":[745,744,731,743,344],"class_list":{"0":"post-6698","1":"product","2":"type-product","3":"status-publish","4":"has-post-thumbnail","6":"product_cat-glaces","7":"product_tag-batonnet","8":"product_tag-chocolat-belge","9":"product_tag-glace","10":"product_tag-titan","11":"product_tag-vanille","13":"first","14":"instock","15":"taxable","16":"shipping-taxable","17":"purchasable","18":"product-type-simple"},"aioseo_notices":[],"jetpack_sharing_enabled":true,"brands":[],"_links":{"self":[{"href":"https:\/\/midoxalimentation.com\/index.php?rest_route=\/wp\/v2\/product\/6698","targetHints":{"allow":["GET"]}}],"collection":[{"href":"https:\/\/midoxalimentation.com\/index.php?rest_route=\/wp\/v2\/product"}],"about":[{"href":"https:\/\/midoxalimentation.com\/index.php?rest_route=\/wp\/v2\/types\/product"}],"replies":[{"embeddable":true,"href":"https:\/\/midoxalimentation.com\/index.php?rest_route=%2Fwp%2Fv2%2Fcomments&post=6698"}],"version-history":[{"count":1,"href":"https:\/\/midoxalimentation.com\/index.php?rest_route=\/wp\/v2\/product\/6698\/revisions"}],"predecessor-version":[{"id":6700,"href":"https:\/\/midoxalimentation.com\/index.php?rest_route=\/wp\/v2\/product\/6698\/revisions\/6700"}],"wp:featuredmedia":[{"embeddable":true,"href":"https:\/\/midoxalimentation.com\/index.php?rest_route=\/wp\/v2\/media\/6699"}],"wp:attachment":[{"href":"https:\/\/midoxalimentation.com\/index.php?rest_route=%2Fwp%2Fv2%2Fmedia&parent=6698"}],"wp:term":[{"taxonomy":"pwb-brand","embeddable":true,"href":"https:\/\/midoxalimentation.com\/index.php?rest_route=%2Fwp%2Fv2%2Fpwb-brand&post=6698"},{"taxonomy":"product_brand","embeddable":true,"href":"https:\/\/midoxalimentation.com\/index.php?rest_route=%2Fwp%2Fv2%2Fproduct_brand&post=6698"},{"taxonomy":"product_cat","embeddable":true,"href":"https:\/\/midoxalimentation.com\/index.php?rest_route=%2Fwp%2Fv2%2Fproduct_cat&post=6698"},{"taxonomy":"product_tag","embeddable":true,"href":"https:\/\/midoxalimentation.com\/index.php?rest_route=%2Fwp%2Fv2%2Fproduct_tag&post=6698"}],"curies":[{"name":"wp","href":"https:\/\/api.w.org\/{rel}","templated":true}]}}