{"id":6701,"date":"2026-02-16T00:29:18","date_gmt":"2026-02-15T23:29:18","guid":{"rendered":"https:\/\/midoxalimentation.com\/?post_type=product&#038;p=6701"},"modified":"2026-03-11T16:12:23","modified_gmt":"2026-03-11T15:12:23","slug":"glace-titan-pistache","status":"publish","type":"product","link":"https:\/\/midoxalimentation.com\/?product=glace-titan-pistache","title":{"rendered":"Glace Titan Pistache"},"content":{"rendered":"<p>Plongez dans une exp\u00e9rience gourmande avec Titan Pistache. Ce b\u00e2tonnet g\u00e9n\u00e9reux de <b data-path-to-node=\"3,3,0\" data-index-in-node=\"107\">110ml<\/b> combine une cr\u00e8me glac\u00e9e \u00e0 la pistache, riche et savoureuse, avec un enrobage craquant au \u00ab\u00a0Chocolat Belge\u00a0\u00bb de haute qualit\u00e9. Les \u00e9clats int\u00e9gr\u00e9s \u00e0 la coque de chocolat ajoutent une texture croquante qui contraste parfaitement avec l&rsquo;onctuosit\u00e9 de la glace.<\/p>\n","protected":false},"excerpt":{"rendered":"<p>Un b\u00e2tonnet glac\u00e9 onctueux \u00e0 la pistache, enrob\u00e9 d&rsquo;un v\u00e9ritable chocolat belge croquant.<\/p>\n","protected":false},"featured_media":6702,"comment_status":"open","ping_status":"closed","template":"","meta":{"content-type":""},"pwb-brand":[],"product_brand":[],"product_cat":[174,15],"product_tag":[745,744,434,731,234,746,743,344],"class_list":{"0":"post-6701","1":"product","2":"type-product","3":"status-publish","4":"has-post-thumbnail","6":"product_cat-glaces","7":"product_cat-tous-les-produits","8":"product_tag-batonnet","9":"product_tag-chocolat-belge","10":"product_tag-dessert","11":"product_tag-glace","12":"product_tag-gourmandise","13":"product_tag-pistache","14":"product_tag-titan","15":"product_tag-vanille","17":"first","18":"instock","19":"taxable","20":"shipping-taxable","21":"purchasable","22":"product-type-simple"},"aioseo_notices":[],"jetpack_sharing_enabled":true,"brands":[],"_links":{"self":[{"href":"https:\/\/midoxalimentation.com\/index.php?rest_route=\/wp\/v2\/product\/6701","targetHints":{"allow":["GET"]}}],"collection":[{"href":"https:\/\/midoxalimentation.com\/index.php?rest_route=\/wp\/v2\/product"}],"about":[{"href":"https:\/\/midoxalimentation.com\/index.php?rest_route=\/wp\/v2\/types\/product"}],"replies":[{"embeddable":true,"href":"https:\/\/midoxalimentation.com\/index.php?rest_route=%2Fwp%2Fv2%2Fcomments&post=6701"}],"version-history":[{"count":1,"href":"https:\/\/midoxalimentation.com\/index.php?rest_route=\/wp\/v2\/product\/6701\/revisions"}],"predecessor-version":[{"id":6703,"href":"https:\/\/midoxalimentation.com\/index.php?rest_route=\/wp\/v2\/product\/6701\/revisions\/6703"}],"wp:featuredmedia":[{"embeddable":true,"href":"https:\/\/midoxalimentation.com\/index.php?rest_route=\/wp\/v2\/media\/6702"}],"wp:attachment":[{"href":"https:\/\/midoxalimentation.com\/index.php?rest_route=%2Fwp%2Fv2%2Fmedia&parent=6701"}],"wp:term":[{"taxonomy":"pwb-brand","embeddable":true,"href":"https:\/\/midoxalimentation.com\/index.php?rest_route=%2Fwp%2Fv2%2Fpwb-brand&post=6701"},{"taxonomy":"product_brand","embeddable":true,"href":"https:\/\/midoxalimentation.com\/index.php?rest_route=%2Fwp%2Fv2%2Fproduct_brand&post=6701"},{"taxonomy":"product_cat","embeddable":true,"href":"https:\/\/midoxalimentation.com\/index.php?rest_route=%2Fwp%2Fv2%2Fproduct_cat&post=6701"},{"taxonomy":"product_tag","embeddable":true,"href":"https:\/\/midoxalimentation.com\/index.php?rest_route=%2Fwp%2Fv2%2Fproduct_tag&post=6701"}],"curies":[{"name":"wp","href":"https:\/\/api.w.org\/{rel}","templated":true}]}}