{"id":6777,"date":"2026-02-16T20:00:25","date_gmt":"2026-02-16T19:00:25","guid":{"rendered":"https:\/\/midoxalimentation.com\/?post_type=product&#038;p=6777"},"modified":"2026-02-16T20:50:55","modified_gmt":"2026-02-16T19:50:55","slug":"the-miracle-laundry-oxi-powder-stain-remover-for-colours","status":"publish","type":"product","link":"https:\/\/midoxalimentation.com\/?product=the-miracle-laundry-oxi-powder-stain-remover-for-colours","title":{"rendered":"The Miracle Laundry Oxi Powder Stain Remover for Colours"},"content":{"rendered":"<ul>\n<li>\n<p data-path-to-node=\"3,3,0\">Cette poudre miracle s&rsquo;attaque aux taches les plus tenaces tout en prot\u00e9geant les couleurs de votre linge. Efficace m\u00eame \u00e0 basse temp\u00e9rature, elle p\u00e9n\u00e8tre au c\u0153ur des fibres pour un nettoyage en profondeur et une fra\u00eecheur durable.<\/p>\n<\/li>\n<\/ul>\n","protected":false},"excerpt":{"rendered":"<p>Un d\u00e9tachant \u00e0 l&rsquo;oxyg\u00e8ne actif sp\u00e9cialement con\u00e7u pour redonner de l&rsquo;\u00e9clat aux v\u00eatements color\u00e9s.<\/p>\n","protected":false},"featured_media":6781,"comment_status":"open","ping_status":"closed","template":"","meta":{"content-type":""},"pwb-brand":[],"product_brand":[804],"product_cat":[183,15],"product_tag":[835,834,768,833,805],"class_list":{"0":"post-6777","1":"product","2":"type-product","3":"status-publish","4":"has-post-thumbnail","6":"product_brand-pink-stuff","7":"product_cat-entretien-maison","8":"product_cat-tous-les-produits","9":"product_tag-couleurs-eclatantes","10":"product_tag-detachant-linge","11":"product_tag-lessive","12":"product_tag-oxi-powder","13":"product_tag-pink-stuff","15":"first","16":"instock","17":"taxable","18":"shipping-taxable","19":"purchasable","20":"product-type-simple"},"aioseo_notices":[],"jetpack_sharing_enabled":true,"brands":[],"_links":{"self":[{"href":"https:\/\/midoxalimentation.com\/index.php?rest_route=\/wp\/v2\/product\/6777","targetHints":{"allow":["GET"]}}],"collection":[{"href":"https:\/\/midoxalimentation.com\/index.php?rest_route=\/wp\/v2\/product"}],"about":[{"href":"https:\/\/midoxalimentation.com\/index.php?rest_route=\/wp\/v2\/types\/product"}],"replies":[{"embeddable":true,"href":"https:\/\/midoxalimentation.com\/index.php?rest_route=%2Fwp%2Fv2%2Fcomments&post=6777"}],"version-history":[{"count":2,"href":"https:\/\/midoxalimentation.com\/index.php?rest_route=\/wp\/v2\/product\/6777\/revisions"}],"predecessor-version":[{"id":6816,"href":"https:\/\/midoxalimentation.com\/index.php?rest_route=\/wp\/v2\/product\/6777\/revisions\/6816"}],"wp:featuredmedia":[{"embeddable":true,"href":"https:\/\/midoxalimentation.com\/index.php?rest_route=\/wp\/v2\/media\/6781"}],"wp:attachment":[{"href":"https:\/\/midoxalimentation.com\/index.php?rest_route=%2Fwp%2Fv2%2Fmedia&parent=6777"}],"wp:term":[{"taxonomy":"pwb-brand","embeddable":true,"href":"https:\/\/midoxalimentation.com\/index.php?rest_route=%2Fwp%2Fv2%2Fpwb-brand&post=6777"},{"taxonomy":"product_brand","embeddable":true,"href":"https:\/\/midoxalimentation.com\/index.php?rest_route=%2Fwp%2Fv2%2Fproduct_brand&post=6777"},{"taxonomy":"product_cat","embeddable":true,"href":"https:\/\/midoxalimentation.com\/index.php?rest_route=%2Fwp%2Fv2%2Fproduct_cat&post=6777"},{"taxonomy":"product_tag","embeddable":true,"href":"https:\/\/midoxalimentation.com\/index.php?rest_route=%2Fwp%2Fv2%2Fproduct_tag&post=6777"}],"curies":[{"name":"wp","href":"https:\/\/api.w.org\/{rel}","templated":true}]}}