{"id":7387,"date":"2026-04-18T22:47:49","date_gmt":"2026-04-18T20:47:49","guid":{"rendered":"https:\/\/midoxalimentation.com\/?post_type=product&#038;p=7387"},"modified":"2026-04-18T22:47:49","modified_gmt":"2026-04-18T20:47:49","slug":"ocb-blanc-petit-format","status":"publish","type":"product","link":"https:\/\/midoxalimentation.com\/?product=ocb-blanc-petit-format","title":{"rendered":"OCB Blanc (Petit Format)"},"content":{"rendered":"<p data-path-to-node=\"9\">Le carnet <b data-path-to-node=\"9\" data-index-in-node=\"10\">OCB Blanc<\/b> (souvent appel\u00e9 \u00ab\u00a0Double\u00a0\u00bb ou \u00ab\u00a0Petit format\u00a0\u00bb) est l&rsquo;un des produits les plus embl\u00e9matiques de la marque. Con\u00e7u pour une utilisation quotidienne, il offre une fiabilit\u00e9 totale gr\u00e2ce \u00e0 sa texture sp\u00e9cifique.<\/p>\n<p data-path-to-node=\"10\"><b data-path-to-node=\"10\" data-index-in-node=\"0\">Caract\u00e9ristiques principales :<\/b><\/p>\n<ul data-path-to-node=\"11\">\n<li>\n<p data-path-to-node=\"11,0,0\"><b data-path-to-node=\"11,0,0\" data-index-in-node=\"0\">Format Standard :<\/b> Dimensions compactes (<span class=\"math-inline\" data-math=\"69 \\times 36\" data-index-in-node=\"40\">$69 \\times 36$<\/span> mm) id\u00e9ales pour rouler rapidement.<\/p>\n<\/li>\n<li>\n<p data-path-to-node=\"11,1,0\"><b data-path-to-node=\"11,1,0\" data-index-in-node=\"0\">Papier R\u00e9sistant :<\/b> Un papier blanc un peu plus \u00e9pais que le Premium, ce qui le rend tr\u00e8s facile \u00e0 rouler, m\u00eame pour les d\u00e9butants.<\/p>\n<\/li>\n<li>\n<p data-path-to-node=\"11,2,0\"><b data-path-to-node=\"11,2,0\" data-index-in-node=\"0\">Gomme Arabique Naturelle :<\/b> Une adh\u00e9rence parfaite et naturelle \u00e0 chaque utilisation.<\/p>\n<\/li>\n<li>\n<p data-path-to-node=\"11,3,0\"><b data-path-to-node=\"11,3,0\" data-index-in-node=\"0\">Conditionnement :<\/b> Carnet pratique de <b data-path-to-node=\"11,3,0\" data-index-in-node=\"37\">50 feuilles<\/b>.<\/p>\n<\/li>\n<li>\n<p data-path-to-node=\"11,4,0\"><b data-path-to-node=\"11,4,0\" data-index-in-node=\"0\">Qualit\u00e9 Constante :<\/b> Un produit certifi\u00e9 OCB, garantissant une exp\u00e9rience sans arri\u00e8re-go\u00fbt.<\/p>\n<\/li>\n<\/ul>\n","protected":false},"excerpt":{"rendered":"<p data-path-to-node=\"6\">Le classique ind\u00e9modable ! Le <b data-path-to-node=\"6\" data-index-in-node=\"30\">OCB Blanc<\/b> est un papier \u00e0 rouler de petit format, r\u00e9sistant et facile \u00e0 manipuler. Id\u00e9al pour ceux qui pr\u00e9f\u00e8rent un papier plus \u00e9pais avec une gomme arabique de qualit\u00e9 sup\u00e9rieure pour un collage impeccable.<\/p>\n<hr data-path-to-node=\"7\" \/>\n<h3 data-path-to-node=\"8\"><\/h3>\n","protected":false},"featured_media":7367,"comment_status":"open","ping_status":"closed","template":"","meta":{"content-type":""},"pwb-brand":[],"product_brand":[],"product_cat":[193,865],"product_tag":[873,881,877,868,878,880,879,871,305,874],"class_list":{"0":"post-7387","1":"product","2":"type-product","3":"status-publish","4":"has-post-thumbnail","6":"product_cat-espace-tabac","7":"product_cat-papier-a-rouler-filtres","8":"product_tag-accessoires-fumeurs","9":"product_tag-carnet-de-feuilles","10":"product_tag-gomme-arabique","11":"product_tag-ocb","12":"product_tag-ocb-blanc","13":"product_tag-ocb-classique","14":"product_tag-ocb-court","15":"product_tag-papier-a-rouler","16":"product_tag-petit-format","17":"product_tag-rolling-paper","19":"first","20":"instock","21":"taxable","22":"shipping-taxable","23":"purchasable","24":"product-type-simple"},"aioseo_notices":[],"jetpack_sharing_enabled":true,"brands":[],"_links":{"self":[{"href":"https:\/\/midoxalimentation.com\/index.php?rest_route=\/wp\/v2\/product\/7387","targetHints":{"allow":["GET"]}}],"collection":[{"href":"https:\/\/midoxalimentation.com\/index.php?rest_route=\/wp\/v2\/product"}],"about":[{"href":"https:\/\/midoxalimentation.com\/index.php?rest_route=\/wp\/v2\/types\/product"}],"replies":[{"embeddable":true,"href":"https:\/\/midoxalimentation.com\/index.php?rest_route=%2Fwp%2Fv2%2Fcomments&post=7387"}],"version-history":[{"count":1,"href":"https:\/\/midoxalimentation.com\/index.php?rest_route=\/wp\/v2\/product\/7387\/revisions"}],"predecessor-version":[{"id":7388,"href":"https:\/\/midoxalimentation.com\/index.php?rest_route=\/wp\/v2\/product\/7387\/revisions\/7388"}],"wp:featuredmedia":[{"embeddable":true,"href":"https:\/\/midoxalimentation.com\/index.php?rest_route=\/wp\/v2\/media\/7367"}],"wp:attachment":[{"href":"https:\/\/midoxalimentation.com\/index.php?rest_route=%2Fwp%2Fv2%2Fmedia&parent=7387"}],"wp:term":[{"taxonomy":"pwb-brand","embeddable":true,"href":"https:\/\/midoxalimentation.com\/index.php?rest_route=%2Fwp%2Fv2%2Fpwb-brand&post=7387"},{"taxonomy":"product_brand","embeddable":true,"href":"https:\/\/midoxalimentation.com\/index.php?rest_route=%2Fwp%2Fv2%2Fproduct_brand&post=7387"},{"taxonomy":"product_cat","embeddable":true,"href":"https:\/\/midoxalimentation.com\/index.php?rest_route=%2Fwp%2Fv2%2Fproduct_cat&post=7387"},{"taxonomy":"product_tag","embeddable":true,"href":"https:\/\/midoxalimentation.com\/index.php?rest_route=%2Fwp%2Fv2%2Fproduct_tag&post=7387"}],"curies":[{"name":"wp","href":"https:\/\/api.w.org\/{rel}","templated":true}]}}