{"id":7393,"date":"2026-04-18T22:54:15","date_gmt":"2026-04-18T20:54:15","guid":{"rendered":"https:\/\/midoxalimentation.com\/?post_type=product&#038;p=7393"},"modified":"2026-04-18T22:54:15","modified_gmt":"2026-04-18T20:54:15","slug":"ocb-slim-blanc","status":"publish","type":"product","link":"https:\/\/midoxalimentation.com\/?product=ocb-slim-blanc","title":{"rendered":"OCB Slim Blanc"},"content":{"rendered":"<p data-path-to-node=\"9\">Le carnet <b data-path-to-node=\"9\" data-index-in-node=\"10\">OCB Slim Blanc<\/b> est id\u00e9al pour ceux qui appr\u00e9cient la texture classique du papier OCB Blanc mais dans un format allong\u00e9. C&rsquo;est un papier polyvalent, r\u00e9sistant et tr\u00e8s appr\u00e9ci\u00e9 pour sa facilit\u00e9 de manipulation.<\/p>\n<p data-path-to-node=\"10\"><b data-path-to-node=\"10\" data-index-in-node=\"0\">Les points cl\u00e9s du produit :<\/b><\/p>\n<ul data-path-to-node=\"11\">\n<li>\n<p data-path-to-node=\"11,0,0\"><b data-path-to-node=\"11,0,0\" data-index-in-node=\"0\">Format Slim :<\/b> Dimensions longues (<span class=\"math-inline\" data-math=\"109 \\times 44\" data-index-in-node=\"34\">$109 \\times 44$<\/span> mm) pour une dur\u00e9e de combustion prolong\u00e9e.<\/p>\n<\/li>\n<li>\n<p data-path-to-node=\"11,1,0\"><b data-path-to-node=\"11,1,0\" data-index-in-node=\"0\">Texture Classique :<\/b> Un papier blanc l\u00e9g\u00e8rement plus dense que le Premium, ce qui facilite grandement le roulage manuel.<\/p>\n<\/li>\n<li>\n<p data-path-to-node=\"11,2,0\"><b data-path-to-node=\"11,2,0\" data-index-in-node=\"0\">Gomme Arabique Naturelle :<\/b> Une adh\u00e9rence optimale gr\u00e2ce \u00e0 la gomme naturelle extraite d&rsquo;acacias, sans additifs chimiques.<\/p>\n<\/li>\n<li>\n<p data-path-to-node=\"11,3,0\"><b data-path-to-node=\"11,3,0\" data-index-in-node=\"0\">Qualit\u00e9 OCB :<\/b> Une fabrication soign\u00e9e assurant une neutralit\u00e9 de go\u00fbt.<\/p>\n<\/li>\n<li>\n<p data-path-to-node=\"11,4,0\"><b data-path-to-node=\"11,4,0\" data-index-in-node=\"0\">Contenance :<\/b> Chaque carnet contient <b data-path-to-node=\"11,4,0\" data-index-in-node=\"36\">32 feuilles<\/b>.<\/p>\n<\/li>\n<\/ul>\n<hr data-path-to-node=\"12\" \/>\n<p data-path-to-node=\"14\">\n","protected":false},"excerpt":{"rendered":"<p data-path-to-node=\"6\">Le <b data-path-to-node=\"6\" data-index-in-node=\"3\">OCB Slim Blanc<\/b> offre le parfait \u00e9quilibre entre tradition et modernit\u00e9. Un papier blanc de format long, facile \u00e0 rouler et dot\u00e9 d&rsquo;une gomme arabique 100% naturelle pour une exp\u00e9rience authentique et une fermeture s\u00e9curis\u00e9e.<\/p>\n<hr data-path-to-node=\"7\" \/>\n<h3 data-path-to-node=\"8\"><\/h3>\n","protected":false},"featured_media":7375,"comment_status":"open","ping_status":"closed","template":"","meta":{"content-type":""},"pwb-brand":[],"product_brand":[],"product_cat":[193,865],"product_tag":[873,877,868,878,887,869,888,871,889,874],"class_list":{"0":"post-7393","1":"product","2":"type-product","3":"status-publish","4":"has-post-thumbnail","6":"product_cat-espace-tabac","7":"product_cat-papier-a-rouler-filtres","8":"product_tag-accessoires-fumeurs","9":"product_tag-gomme-arabique","10":"product_tag-ocb","11":"product_tag-ocb-blanc","12":"product_tag-ocb-long","13":"product_tag-ocb-slim","14":"product_tag-ocb-slim-blanc","15":"product_tag-papier-a-rouler","16":"product_tag-papier-classique","17":"product_tag-rolling-paper","19":"first","20":"instock","21":"taxable","22":"shipping-taxable","23":"product-type-simple"},"aioseo_notices":[],"jetpack_sharing_enabled":true,"brands":[],"_links":{"self":[{"href":"https:\/\/midoxalimentation.com\/index.php?rest_route=\/wp\/v2\/product\/7393","targetHints":{"allow":["GET"]}}],"collection":[{"href":"https:\/\/midoxalimentation.com\/index.php?rest_route=\/wp\/v2\/product"}],"about":[{"href":"https:\/\/midoxalimentation.com\/index.php?rest_route=\/wp\/v2\/types\/product"}],"replies":[{"embeddable":true,"href":"https:\/\/midoxalimentation.com\/index.php?rest_route=%2Fwp%2Fv2%2Fcomments&post=7393"}],"version-history":[{"count":1,"href":"https:\/\/midoxalimentation.com\/index.php?rest_route=\/wp\/v2\/product\/7393\/revisions"}],"predecessor-version":[{"id":7394,"href":"https:\/\/midoxalimentation.com\/index.php?rest_route=\/wp\/v2\/product\/7393\/revisions\/7394"}],"wp:featuredmedia":[{"embeddable":true,"href":"https:\/\/midoxalimentation.com\/index.php?rest_route=\/wp\/v2\/media\/7375"}],"wp:attachment":[{"href":"https:\/\/midoxalimentation.com\/index.php?rest_route=%2Fwp%2Fv2%2Fmedia&parent=7393"}],"wp:term":[{"taxonomy":"pwb-brand","embeddable":true,"href":"https:\/\/midoxalimentation.com\/index.php?rest_route=%2Fwp%2Fv2%2Fpwb-brand&post=7393"},{"taxonomy":"product_brand","embeddable":true,"href":"https:\/\/midoxalimentation.com\/index.php?rest_route=%2Fwp%2Fv2%2Fproduct_brand&post=7393"},{"taxonomy":"product_cat","embeddable":true,"href":"https:\/\/midoxalimentation.com\/index.php?rest_route=%2Fwp%2Fv2%2Fproduct_cat&post=7393"},{"taxonomy":"product_tag","embeddable":true,"href":"https:\/\/midoxalimentation.com\/index.php?rest_route=%2Fwp%2Fv2%2Fproduct_tag&post=7393"}],"curies":[{"name":"wp","href":"https:\/\/api.w.org\/{rel}","templated":true}]}}