{"id":7395,"date":"2026-04-18T22:56:07","date_gmt":"2026-04-18T20:56:07","guid":{"rendered":"https:\/\/midoxalimentation.com\/?post_type=product&#038;p=7395"},"modified":"2026-04-18T22:56:07","modified_gmt":"2026-04-18T20:56:07","slug":"ocb-rouge-rice-format-1-1-4","status":"publish","type":"product","link":"https:\/\/midoxalimentation.com\/?product=ocb-rouge-rice-format-1-1-4","title":{"rendered":"OCB Rouge Rice (Format 1 1\/4)"},"content":{"rendered":"<div class=\"ng-tns-c1905120155-211\">\n<section id=\"processing-state-9\" class=\"processing-state_container is-gpi-avatar ng-tns-c1905120155-211 ng-trigger ng-trigger-processingStateShowHide ng-star-inserted is-done-processing\">\n<div id=\"processing-state-9-summary\" class=\"processing-state_details is-gpi-avatar ng-trigger ng-trigger-menuExpansion ng-tns-c1905120155-211 ng-star-inserted\" aria-hidden=\"true\">\n<ul class=\"is-gpi-avatar ng-tns-c1905120155-211 ng-star-inserted\">\n<li class=\"ng-tns-c1905120155-211 ng-star-inserted\">La gamme <b data-path-to-node=\"9\" data-index-in-node=\"9\">OCB Rice<\/b> (Rouge) en format <b data-path-to-node=\"9\" data-index-in-node=\"36\">1 1\/4<\/b> est tr\u00e8s appr\u00e9ci\u00e9e pour sa polyvalence. Plus large qu&rsquo;un papier court standard, il permet un confort de roulage sup\u00e9rieur tout en conservant la qualit\u00e9 \u00ab\u00a0Rice\u00a0\u00bb qui fait la renomm\u00e9e de la marque.<\/li>\n<\/ul>\n<\/div>\n<\/section>\n<\/div>\n<div class=\"response-content ng-tns-c2928442420-210\">\n<div class=\"container\">\n<div id=\"model-response-message-contentr_2f10c99de1c37d07\" class=\"markdown markdown-main-panel stronger enable-updated-hr-color\" dir=\"ltr\" aria-live=\"polite\" aria-busy=\"false\">\n<p data-path-to-node=\"10\"><b data-path-to-node=\"10\" data-index-in-node=\"0\">Les caract\u00e9ristiques du produit :<\/b><\/p>\n<ul data-path-to-node=\"11\">\n<li>\n<p data-path-to-node=\"11,0,0\"><b data-path-to-node=\"11,0,0\" data-index-in-node=\"0\">Format 1 1\/4 :<\/b> Dimensions interm\u00e9diaires (<span class=\"math-inline\" data-math=\"77 \\times 44\" data-index-in-node=\"42\"><span class=\"katex\"><span class=\"katex-html\" aria-hidden=\"true\"><span class=\"base\"><span class=\"mord\">77<\/span><span class=\"mbin\">\u00d7<\/span><\/span><span class=\"base\"><span class=\"mord\">44<\/span><\/span><\/span><\/span><\/span> mm) pour ceux qui cherchent plus de surface qu&rsquo;un petit format.<\/p>\n<\/li>\n<li>\n<p data-path-to-node=\"11,1,0\"><b data-path-to-node=\"11,1,0\" data-index-in-node=\"0\">Papier de Riz :<\/b> Une texture ultra-fine et naturelle qui garantit une puret\u00e9 absolue des saveurs.<\/p>\n<\/li>\n<li>\n<p data-path-to-node=\"11,2,0\"><b data-path-to-node=\"11,2,0\" data-index-in-node=\"0\">Combustion Lente :<\/b> Gr\u00e2ce \u00e0 sa finesse, le papier br\u00fble doucement et de mani\u00e8re r\u00e9guli\u00e8re.<\/p>\n<\/li>\n<li>\n<p data-path-to-node=\"11,3,0\"><b data-path-to-node=\"11,3,0\" data-index-in-node=\"0\">Gomme Arabique Naturelle :<\/b> Collage s\u00fbr et efficace avec la gomme naturelle certifi\u00e9e OCB.<\/p>\n<\/li>\n<li>\n<p data-path-to-node=\"11,4,0\"><b data-path-to-node=\"11,4,0\" data-index-in-node=\"0\">Contenance :<\/b> Carnet de <b data-path-to-node=\"11,4,0\" data-index-in-node=\"23\">50 feuilles<\/b>.<\/p>\n<\/li>\n<\/ul>\n<hr data-path-to-node=\"12\" \/>\n<p data-path-to-node=\"14\">\n<\/div>\n<\/div>\n<\/div>\n","protected":false},"excerpt":{"rendered":"<p>Le <b data-path-to-node=\"6\" data-index-in-node=\"3\">OCB Rouge 1 1\/4<\/b> est le compromis parfait en termes de taille. Fabriqu\u00e9 \u00e0 partir de fibres de riz pour une finesse exceptionnelle, ce format moyen offre une combustion lente et une neutralit\u00e9 de go\u00fbt totale pour une exp\u00e9rience raffin\u00e9e.<\/p>\n","protected":false},"featured_media":7376,"comment_status":"open","ping_status":"closed","template":"","meta":{"content-type":""},"pwb-brand":[],"product_brand":[],"product_cat":[193,865],"product_tag":[873,891,868,892,890,882,893,871,894,874],"class_list":{"0":"post-7395","1":"product","2":"type-product","3":"status-publish","4":"has-post-thumbnail","6":"product_cat-espace-tabac","7":"product_cat-papier-a-rouler-filtres","8":"product_tag-accessoires-fumeurs","9":"product_tag-format-1-1-4","10":"product_tag-ocb","11":"product_tag-ocb-moyen","12":"product_tag-ocb-rice","13":"product_tag-ocb-rouge","14":"product_tag-ocb-rouge-1-25","15":"product_tag-papier-a-rouler","16":"product_tag-papier-de-riz","17":"product_tag-rolling-paper","19":"first","20":"instock","21":"taxable","22":"shipping-taxable","23":"product-type-simple"},"aioseo_notices":[],"jetpack_sharing_enabled":true,"brands":[],"_links":{"self":[{"href":"https:\/\/midoxalimentation.com\/index.php?rest_route=\/wp\/v2\/product\/7395","targetHints":{"allow":["GET"]}}],"collection":[{"href":"https:\/\/midoxalimentation.com\/index.php?rest_route=\/wp\/v2\/product"}],"about":[{"href":"https:\/\/midoxalimentation.com\/index.php?rest_route=\/wp\/v2\/types\/product"}],"replies":[{"embeddable":true,"href":"https:\/\/midoxalimentation.com\/index.php?rest_route=%2Fwp%2Fv2%2Fcomments&post=7395"}],"version-history":[{"count":1,"href":"https:\/\/midoxalimentation.com\/index.php?rest_route=\/wp\/v2\/product\/7395\/revisions"}],"predecessor-version":[{"id":7396,"href":"https:\/\/midoxalimentation.com\/index.php?rest_route=\/wp\/v2\/product\/7395\/revisions\/7396"}],"wp:featuredmedia":[{"embeddable":true,"href":"https:\/\/midoxalimentation.com\/index.php?rest_route=\/wp\/v2\/media\/7376"}],"wp:attachment":[{"href":"https:\/\/midoxalimentation.com\/index.php?rest_route=%2Fwp%2Fv2%2Fmedia&parent=7395"}],"wp:term":[{"taxonomy":"pwb-brand","embeddable":true,"href":"https:\/\/midoxalimentation.com\/index.php?rest_route=%2Fwp%2Fv2%2Fpwb-brand&post=7395"},{"taxonomy":"product_brand","embeddable":true,"href":"https:\/\/midoxalimentation.com\/index.php?rest_route=%2Fwp%2Fv2%2Fproduct_brand&post=7395"},{"taxonomy":"product_cat","embeddable":true,"href":"https:\/\/midoxalimentation.com\/index.php?rest_route=%2Fwp%2Fv2%2Fproduct_cat&post=7395"},{"taxonomy":"product_tag","embeddable":true,"href":"https:\/\/midoxalimentation.com\/index.php?rest_route=%2Fwp%2Fv2%2Fproduct_tag&post=7395"}],"curies":[{"name":"wp","href":"https:\/\/api.w.org\/{rel}","templated":true}]}}