{"id":7405,"date":"2026-04-18T23:04:38","date_gmt":"2026-04-18T21:04:38","guid":{"rendered":"https:\/\/midoxalimentation.com\/?post_type=product&#038;p=7405"},"modified":"2026-04-18T23:05:18","modified_gmt":"2026-04-18T21:05:18","slug":"smoking-organic-regular","status":"publish","type":"product","link":"https:\/\/midoxalimentation.com\/?product=smoking-organic-regular","title":{"rendered":"Smoking Organic Regular"},"content":{"rendered":"<p data-path-to-node=\"9\">Le carnet <b data-path-to-node=\"9\" data-index-in-node=\"10\">Smoking Organic<\/b> (format court) est con\u00e7u pour ceux qui recherchent un produit totalement naturel. Contrairement aux papiers classiques, il n&rsquo;est pas blanchi, ce qui lui donne sa couleur beige caract\u00e9ristique et pr\u00e9serve l&rsquo;authenticit\u00e9 des saveurs.<\/p>\n<p data-path-to-node=\"10\"><b data-path-to-node=\"10\" data-index-in-node=\"0\">Les avantages du Smoking Organic :<\/b><\/p>\n<ul data-path-to-node=\"11\">\n<li>\n<p data-path-to-node=\"11,0,0\"><b data-path-to-node=\"11,0,0\" data-index-in-node=\"0\">Chanvre Bio :<\/b> Fabriqu\u00e9 \u00e0 partir de fibres de chanvre issues de cultures biologiques sans pesticides.<\/p>\n<\/li>\n<li>\n<p data-path-to-node=\"11,1,0\"><b data-path-to-node=\"11,1,0\" data-index-in-node=\"0\">Non Blanchi (Unbleached) :<\/b> Garanti sans chlore (Chlorine Free) pour une puret\u00e9 maximale.<\/p>\n<\/li>\n<li>\n<p data-path-to-node=\"11,2,0\"><b data-path-to-node=\"11,2,0\" data-index-in-node=\"0\">Gomme Naturelle :<\/b> Utilise une gomme v\u00e9g\u00e9tale 100% naturelle, sans colorants, pour une adh\u00e9rence parfaite.<\/p>\n<\/li>\n<li>\n<p data-path-to-node=\"11,3,0\"><b data-path-to-node=\"11,3,0\" data-index-in-node=\"0\">Respect de la Nature :<\/b> Certifi\u00e9 FSC\u00ae, garantissant que le papier provient de for\u00eats g\u00e9r\u00e9es durablement.<\/p>\n<\/li>\n<li>\n<p data-path-to-node=\"11,4,0\"><b data-path-to-node=\"11,4,0\" data-index-in-node=\"0\">Format Regular :<\/b> Taille standard (<span class=\"math-inline\" data-math=\"69 \\times 37\" data-index-in-node=\"34\">$69 \\times 37$<\/span> mm) id\u00e9ale pour un usage quotidien.<\/p>\n<\/li>\n<li>\n<p data-path-to-node=\"11,5,0\"><b data-path-to-node=\"11,5,0\" data-index-in-node=\"0\">\u00c9conomique :<\/b> Chaque carnet contient <b data-path-to-node=\"11,5,0\" data-index-in-node=\"36\">60 feuilles<\/b>, soit plus que la moyenne des carnets standards.<\/p>\n<\/li>\n<\/ul>\n<hr data-path-to-node=\"12\" \/>\n<h3 data-path-to-node=\"13\"><\/h3>\n","protected":false},"excerpt":{"rendered":"<p data-path-to-node=\"6\">Le choix le plus \u00e9cologique de la marque ! Le <b data-path-to-node=\"6\" data-index-in-node=\"46\">Smoking Organic Regular<\/b> est un papier non blanchi, fabriqu\u00e9 \u00e0 partir de chanvre 100% biologique certifi\u00e9. Un papier respectueux de l&rsquo;environnement, sans chlore et sans additifs, pour une exp\u00e9rience pure et responsable.<\/p>\n","protected":false},"featured_media":7380,"comment_status":"open","ping_status":"closed","template":"","meta":{"content-type":""},"pwb-brand":[],"product_brand":[],"product_cat":[193,865],"product_tag":[873,916,917,871,915,899,908,919,914,918],"class_list":{"0":"post-7405","1":"product","2":"type-product","3":"status-publish","4":"has-post-thumbnail","6":"product_cat-espace-tabac","7":"product_cat-papier-a-rouler-filtres","8":"product_tag-accessoires-fumeurs","9":"product_tag-chanvre-biologique","10":"product_tag-organic-hemp","11":"product_tag-papier-a-rouler","12":"product_tag-papier-bio","13":"product_tag-papier-non-blanchi","14":"product_tag-smoking","15":"product_tag-smoking-green","16":"product_tag-smoking-organic","17":"product_tag-smoking-regular","19":"first","20":"instock","21":"taxable","22":"shipping-taxable","23":"product-type-simple"},"aioseo_notices":[],"jetpack_sharing_enabled":true,"brands":[],"_links":{"self":[{"href":"https:\/\/midoxalimentation.com\/index.php?rest_route=\/wp\/v2\/product\/7405","targetHints":{"allow":["GET"]}}],"collection":[{"href":"https:\/\/midoxalimentation.com\/index.php?rest_route=\/wp\/v2\/product"}],"about":[{"href":"https:\/\/midoxalimentation.com\/index.php?rest_route=\/wp\/v2\/types\/product"}],"replies":[{"embeddable":true,"href":"https:\/\/midoxalimentation.com\/index.php?rest_route=%2Fwp%2Fv2%2Fcomments&post=7405"}],"version-history":[{"count":1,"href":"https:\/\/midoxalimentation.com\/index.php?rest_route=\/wp\/v2\/product\/7405\/revisions"}],"predecessor-version":[{"id":7406,"href":"https:\/\/midoxalimentation.com\/index.php?rest_route=\/wp\/v2\/product\/7405\/revisions\/7406"}],"wp:featuredmedia":[{"embeddable":true,"href":"https:\/\/midoxalimentation.com\/index.php?rest_route=\/wp\/v2\/media\/7380"}],"wp:attachment":[{"href":"https:\/\/midoxalimentation.com\/index.php?rest_route=%2Fwp%2Fv2%2Fmedia&parent=7405"}],"wp:term":[{"taxonomy":"pwb-brand","embeddable":true,"href":"https:\/\/midoxalimentation.com\/index.php?rest_route=%2Fwp%2Fv2%2Fpwb-brand&post=7405"},{"taxonomy":"product_brand","embeddable":true,"href":"https:\/\/midoxalimentation.com\/index.php?rest_route=%2Fwp%2Fv2%2Fproduct_brand&post=7405"},{"taxonomy":"product_cat","embeddable":true,"href":"https:\/\/midoxalimentation.com\/index.php?rest_route=%2Fwp%2Fv2%2Fproduct_cat&post=7405"},{"taxonomy":"product_tag","embeddable":true,"href":"https:\/\/midoxalimentation.com\/index.php?rest_route=%2Fwp%2Fv2%2Fproduct_tag&post=7405"}],"curies":[{"name":"wp","href":"https:\/\/api.w.org\/{rel}","templated":true}]}}