{"id":7413,"date":"2026-04-18T23:13:39","date_gmt":"2026-04-18T21:13:39","guid":{"rendered":"https:\/\/midoxalimentation.com\/?post_type=product&#038;p=7413"},"modified":"2026-04-18T23:13:39","modified_gmt":"2026-04-18T21:13:39","slug":"rizla-thin-blue-slim","status":"publish","type":"product","link":"https:\/\/midoxalimentation.com\/?product=rizla-thin-blue-slim","title":{"rendered":"Rizla+ Thin Blue Slim"},"content":{"rendered":"<p data-path-to-node=\"9\">Le papier <b data-path-to-node=\"9\" data-index-in-node=\"10\">Rizla+ Bleu<\/b> est une r\u00e9f\u00e9rence mondiale pour sa fiabilit\u00e9. Sa texture sp\u00e9cifique facilite la manipulation, ce qui en fait un excellent choix aussi bien pour les d\u00e9butants que pour les habitu\u00e9s qui cherchent un papier de confiance en format Slim.<\/p>\n<p data-path-to-node=\"10\"><b data-path-to-node=\"10\" data-index-in-node=\"0\">Les caract\u00e9ristiques du Rizla+ Bleu Slim :<\/b><\/p>\n<ul data-path-to-node=\"11\">\n<li>\n<p data-path-to-node=\"11,0,0\"><b data-path-to-node=\"11,0,0\" data-index-in-node=\"0\">Finesse Id\u00e9ale :<\/b> Un papier class\u00e9 \u00ab\u00a0Thin\u00a0\u00bb pour une exp\u00e9rience l\u00e9g\u00e8re sans \u00eatre trop fragile.<\/p>\n<\/li>\n<li>\n<p data-path-to-node=\"11,1,0\"><b data-path-to-node=\"11,1,0\" data-index-in-node=\"0\">Format Slim :<\/b> Dimensions allong\u00e9es pour une dur\u00e9e de plaisir prolong\u00e9e.<\/p>\n<\/li>\n<li>\n<p data-path-to-node=\"11,2,0\"><b data-path-to-node=\"11,2,0\" data-index-in-node=\"0\">Gomme de Haute Qualit\u00e9 :<\/b> Une bande de gomme arabique qui assure une fermeture parfaite d\u00e8s le premier contact.<\/p>\n<\/li>\n<li>\n<p data-path-to-node=\"11,3,0\"><b data-path-to-node=\"11,3,0\" data-index-in-node=\"0\">Combustion \u00c9quilibr\u00e9e :<\/b> Br\u00fble de fa\u00e7on stable et uniforme, sans s&rsquo;\u00e9teindre trop rapidement.<\/p>\n<\/li>\n<li>\n<p data-path-to-node=\"11,4,0\"><b data-path-to-node=\"11,4,0\" data-index-in-node=\"0\">Contenance G\u00e9n\u00e9reuse :<\/b> Chaque carnet contient <b data-path-to-node=\"11,4,0\" data-index-in-node=\"46\">50 feuilles<\/b>, soit plus que la majorit\u00e9 des formats Slim concurrents.<\/p>\n<\/li>\n<\/ul>\n","protected":false},"excerpt":{"rendered":"<p data-path-to-node=\"6\">Le classique incontournable en format long. Le <b data-path-to-node=\"6\" data-index-in-node=\"47\">Rizla+ Thin Blue Slim<\/b> est un papier fin et r\u00e9sistant qui garantit une combustion r\u00e9guli\u00e8re. Con\u00e7u pour offrir une exp\u00e9rience fluide, c&rsquo;est le choix id\u00e9al pour un usage quotidien avec une qualit\u00e9 de collage irr\u00e9prochable.<\/p>\n<hr data-path-to-node=\"7\" \/>\n<h3 data-path-to-node=\"8\"><\/h3>\n","protected":false},"featured_media":7384,"comment_status":"open","ping_status":"closed","template":"","meta":{"content-type":""},"pwb-brand":[],"product_brand":[],"product_cat":[193,865],"product_tag":[873,871,930,938,935,936,932,874,937],"class_list":{"0":"post-7413","1":"product","2":"type-product","3":"status-publish","4":"has-post-thumbnail","6":"product_cat-espace-tabac","7":"product_cat-papier-a-rouler-filtres","8":"product_tag-accessoires-fumeurs","9":"product_tag-papier-a-rouler","10":"product_tag-rizla","11":"product_tag-rizla-50-feuilles","12":"product_tag-rizla-bleu","13":"product_tag-rizla-blue","14":"product_tag-rizla-slim","15":"product_tag-rolling-paper","16":"product_tag-thin-blue","18":"first","19":"instock","20":"taxable","21":"shipping-taxable","22":"product-type-simple"},"aioseo_notices":[],"jetpack_sharing_enabled":true,"brands":[],"_links":{"self":[{"href":"https:\/\/midoxalimentation.com\/index.php?rest_route=\/wp\/v2\/product\/7413","targetHints":{"allow":["GET"]}}],"collection":[{"href":"https:\/\/midoxalimentation.com\/index.php?rest_route=\/wp\/v2\/product"}],"about":[{"href":"https:\/\/midoxalimentation.com\/index.php?rest_route=\/wp\/v2\/types\/product"}],"replies":[{"embeddable":true,"href":"https:\/\/midoxalimentation.com\/index.php?rest_route=%2Fwp%2Fv2%2Fcomments&post=7413"}],"version-history":[{"count":1,"href":"https:\/\/midoxalimentation.com\/index.php?rest_route=\/wp\/v2\/product\/7413\/revisions"}],"predecessor-version":[{"id":7414,"href":"https:\/\/midoxalimentation.com\/index.php?rest_route=\/wp\/v2\/product\/7413\/revisions\/7414"}],"wp:featuredmedia":[{"embeddable":true,"href":"https:\/\/midoxalimentation.com\/index.php?rest_route=\/wp\/v2\/media\/7384"}],"wp:attachment":[{"href":"https:\/\/midoxalimentation.com\/index.php?rest_route=%2Fwp%2Fv2%2Fmedia&parent=7413"}],"wp:term":[{"taxonomy":"pwb-brand","embeddable":true,"href":"https:\/\/midoxalimentation.com\/index.php?rest_route=%2Fwp%2Fv2%2Fpwb-brand&post=7413"},{"taxonomy":"product_brand","embeddable":true,"href":"https:\/\/midoxalimentation.com\/index.php?rest_route=%2Fwp%2Fv2%2Fproduct_brand&post=7413"},{"taxonomy":"product_cat","embeddable":true,"href":"https:\/\/midoxalimentation.com\/index.php?rest_route=%2Fwp%2Fv2%2Fproduct_cat&post=7413"},{"taxonomy":"product_tag","embeddable":true,"href":"https:\/\/midoxalimentation.com\/index.php?rest_route=%2Fwp%2Fv2%2Fproduct_tag&post=7413"}],"curies":[{"name":"wp","href":"https:\/\/api.w.org\/{rel}","templated":true}]}}