{"id":7432,"date":"2026-04-18T23:44:11","date_gmt":"2026-04-18T21:44:11","guid":{"rendered":"https:\/\/midoxalimentation.com\/?post_type=product&#038;p=7432"},"modified":"2026-04-18T23:44:11","modified_gmt":"2026-04-18T21:44:11","slug":"briquet-clipper-design-psychedelique","status":"publish","type":"product","link":"https:\/\/midoxalimentation.com\/?product=briquet-clipper-design-psychedelique","title":{"rendered":"Briquet Clipper Design Psych\u00e9d\u00e9lique"},"content":{"rendered":"<p data-path-to-node=\"9\">Plus qu&rsquo;un simple briquet, le <b data-path-to-node=\"9\" data-index-in-node=\"30\">Clipper<\/b> est l&rsquo;outil indispensable. Ce mod\u00e8le \u00ab\u00a0Reusable\u00a0\u00bb vous permet de ne jamais \u00eatre \u00e0 court de feu tout en affirmant votre personnalit\u00e9 gr\u00e2ce \u00e0 ses motifs psych\u00e9d\u00e9liques vibrants.<\/p>\n<p data-path-to-node=\"10\"><b data-path-to-node=\"10\" data-index-in-node=\"0\">Pourquoi choisir un Clipper ?<\/b><\/p>\n<ul data-path-to-node=\"11\">\n<li>\n<p data-path-to-node=\"11,0,0\"><b data-path-to-node=\"11,0,0\" data-index-in-node=\"0\">Rechargeable :<\/b> Vous pouvez remplir le gaz et changer la pierre tr\u00e8s facilement, ce qui en fait un produit durable.<\/p>\n<\/li>\n<li>\n<p data-path-to-node=\"11,1,0\"><b data-path-to-node=\"11,1,0\" data-index-in-node=\"0\">Tasseur Int\u00e9gr\u00e9 :<\/b> Le syst\u00e8me de la pierre est amovible, servant de tasseur id\u00e9al pour les cigarettes roul\u00e9es.<\/p>\n<\/li>\n<li>\n<p data-path-to-node=\"11,2,0\"><b data-path-to-node=\"11,2,0\" data-index-in-node=\"0\">Flamme R\u00e9glable :<\/b> La flamme augmente d&rsquo;intensit\u00e9 lorsque vous inclinez le briquet, parfait pour une utilisation pratique.<\/p>\n<\/li>\n<li>\n<p data-path-to-node=\"11,3,0\"><b data-path-to-node=\"11,3,0\" data-index-in-node=\"0\">S\u00e9curit\u00e9 :<\/b> Fabriqu\u00e9 avec des mat\u00e9riaux r\u00e9sistants (nylon) qui ne cassent pas et ne chauffent pas excessivement.<\/p>\n<\/li>\n<li>\n<p data-path-to-node=\"11,4,0\"><b data-path-to-node=\"11,4,0\" data-index-in-node=\"0\">Designs Vari\u00e9s :<\/b> Une collection de motifs graphiques et color\u00e9s pour plaire \u00e0 tous les go\u00fbts.<\/p>\n<\/li>\n<li>\n<p data-path-to-node=\"11,5,0\"><b data-path-to-node=\"11,5,0\" data-index-in-node=\"0\">\u00c9cologique :<\/b> En le rechargeant au lieu de le jeter, vous r\u00e9duisez vos d\u00e9chets plastiques.<\/p>\n<\/li>\n<\/ul>\n","protected":false},"excerpt":{"rendered":"<p data-path-to-node=\"6\">Le classique ind\u00e9modable ! Les briquets <b data-path-to-node=\"6\" data-index-in-node=\"40\">Clipper<\/b> sont r\u00e9put\u00e9s pour leur durabilit\u00e9 et leur syst\u00e8me unique. Rechargeables et \u00e9cologiques, ils arborent ici des designs color\u00e9s et artistiques pour une touche de style unique.<\/p>\n","protected":false},"featured_media":7423,"comment_status":"open","ping_status":"closed","template":"","meta":{"content-type":""},"pwb-brand":[],"product_brand":[],"product_cat":[867,193],"product_tag":[873,978,982,976,977,980,983,979,984,981],"class_list":{"0":"post-7432","1":"product","2":"type-product","3":"status-publish","4":"has-post-thumbnail","6":"product_cat-briquets","7":"product_cat-espace-tabac","8":"product_tag-accessoires-fumeurs","9":"product_tag-briquet-clipper","10":"product_tag-briquet-design","11":"product_tag-briquet-rechargeable","12":"product_tag-clipper","13":"product_tag-clipper-collection","14":"product_tag-clipper-original","15":"product_tag-clipper-reusable","16":"product_tag-gaz-butane","17":"product_tag-tasseur-integre","19":"first","20":"instock","21":"taxable","22":"shipping-taxable","23":"product-type-simple"},"aioseo_notices":[],"jetpack_sharing_enabled":true,"brands":[],"_links":{"self":[{"href":"https:\/\/midoxalimentation.com\/index.php?rest_route=\/wp\/v2\/product\/7432","targetHints":{"allow":["GET"]}}],"collection":[{"href":"https:\/\/midoxalimentation.com\/index.php?rest_route=\/wp\/v2\/product"}],"about":[{"href":"https:\/\/midoxalimentation.com\/index.php?rest_route=\/wp\/v2\/types\/product"}],"replies":[{"embeddable":true,"href":"https:\/\/midoxalimentation.com\/index.php?rest_route=%2Fwp%2Fv2%2Fcomments&post=7432"}],"version-history":[{"count":1,"href":"https:\/\/midoxalimentation.com\/index.php?rest_route=\/wp\/v2\/product\/7432\/revisions"}],"predecessor-version":[{"id":7433,"href":"https:\/\/midoxalimentation.com\/index.php?rest_route=\/wp\/v2\/product\/7432\/revisions\/7433"}],"wp:featuredmedia":[{"embeddable":true,"href":"https:\/\/midoxalimentation.com\/index.php?rest_route=\/wp\/v2\/media\/7423"}],"wp:attachment":[{"href":"https:\/\/midoxalimentation.com\/index.php?rest_route=%2Fwp%2Fv2%2Fmedia&parent=7432"}],"wp:term":[{"taxonomy":"pwb-brand","embeddable":true,"href":"https:\/\/midoxalimentation.com\/index.php?rest_route=%2Fwp%2Fv2%2Fpwb-brand&post=7432"},{"taxonomy":"product_brand","embeddable":true,"href":"https:\/\/midoxalimentation.com\/index.php?rest_route=%2Fwp%2Fv2%2Fproduct_brand&post=7432"},{"taxonomy":"product_cat","embeddable":true,"href":"https:\/\/midoxalimentation.com\/index.php?rest_route=%2Fwp%2Fv2%2Fproduct_cat&post=7432"},{"taxonomy":"product_tag","embeddable":true,"href":"https:\/\/midoxalimentation.com\/index.php?rest_route=%2Fwp%2Fv2%2Fproduct_tag&post=7432"}],"curies":[{"name":"wp","href":"https:\/\/api.w.org\/{rel}","templated":true}]}}