{"id":7473,"date":"2026-04-19T00:47:00","date_gmt":"2026-04-18T22:47:00","guid":{"rendered":"https:\/\/midoxalimentation.com\/?post_type=product&#038;p=7473"},"modified":"2026-04-21T15:39:39","modified_gmt":"2026-04-21T13:39:39","slug":"davidoff-violet-format-superslims","status":"publish","type":"product","link":"https:\/\/midoxalimentation.com\/?product=davidoff-violet-format-superslims","title":{"rendered":"Davidoff Violet &#8211; Format Superslims"},"content":{"rendered":"<p data-path-to-node=\"9\">La gamme <b data-path-to-node=\"9\" data-index-in-node=\"9\">Superslims<\/b> de <b data-path-to-node=\"9\" data-index-in-node=\"23\">Davidoff<\/b> est mondialement connue pour sa qualit\u00e9 sup\u00e9rieure et son souci du d\u00e9tail. Le mod\u00e8le <b data-path-to-node=\"9\" data-index-in-node=\"117\">Violet<\/b> se distingue par une douceur particuli\u00e8re, id\u00e9ale pour une pause cigarette tout en l\u00e9g\u00e8ret\u00e9.<\/p>\n<p data-path-to-node=\"10\"><b data-path-to-node=\"10\" data-index-in-node=\"0\">Les caract\u00e9ristiques des Davidoff Violet Superslims :<\/b><\/p>\n<ul data-path-to-node=\"11\">\n<li>\n<p data-path-to-node=\"11,0,0\"><b data-path-to-node=\"11,0,0\" data-index-in-node=\"0\">Format Superslim :<\/b> Des cigarettes beaucoup plus fines que le format standard pour une \u00e9l\u00e9gance maximale.<\/p>\n<\/li>\n<li>\n<p data-path-to-node=\"11,1,0\"><b data-path-to-node=\"11,1,0\" data-index-in-node=\"0\">Go\u00fbt \u00c9quilibr\u00e9 :<\/b> Un m\u00e9lange de tabacs s\u00e9lectionn\u00e9s pour offrir une saveur douce sans \u00eatre trop intense.<\/p>\n<\/li>\n<li>\n<p data-path-to-node=\"11,2,0\"><b data-path-to-node=\"11,2,0\" data-index-in-node=\"0\">Design Premium :<\/b> Un paquet violet sophistiqu\u00e9 avec des finitions argent\u00e9es, fid\u00e8le \u00e0 l&rsquo;image de luxe de la marque Davidoff.<\/p>\n<\/li>\n<li>\n<p data-path-to-node=\"11,3,0\"><b data-path-to-node=\"11,3,0\" data-index-in-node=\"0\">Qualit\u00e9 de Fabrication :<\/b> Un filtre de haute pr\u00e9cision pour une aspiration fluide et constante.<\/p>\n<\/li>\n<li>\n<p data-path-to-node=\"11,4,0\"><b data-path-to-node=\"11,4,0\" data-index-in-node=\"0\">Exp\u00e9rience de Vapeur :<\/b> Produit une fum\u00e9e l\u00e9g\u00e8re et moins persistante.<\/p>\n<\/li>\n<\/ul>\n","protected":false},"excerpt":{"rendered":"<p>La gamme Superslims de Davidoff est mondialement connue pour sa qualit\u00e9 sup\u00e9rieure et son souci du d\u00e9tail. Le mod\u00e8le Violet se distingue par une douceur particuli\u00e8re, id\u00e9ale pour une pause cigarette tout en l\u00e9g\u00e8ret\u00e9. Les caract\u00e9ristiques des Davidoff Violet Superslims : Format Superslim : Des cigarettes beaucoup plus fines que le format standard pour une [&hellip;]<\/p>\n","protected":false},"featured_media":7516,"comment_status":"open","ping_status":"closed","template":"","meta":{"content-type":""},"pwb-brand":[],"product_brand":[],"product_cat":[863,193],"product_tag":[1065,1063,1060,1066,1067,299,941,1062,1064,1061],"class_list":{"0":"post-7473","1":"product","2":"type-product","3":"status-publish","4":"has-post-thumbnail","6":"product_cat-cigarettes-tabac","7":"product_cat-espace-tabac","8":"product_tag-cigarette-fine","9":"product_tag-cigarettes","10":"product_tag-davidoff","11":"product_tag-davidoff-violet","12":"product_tag-fumeurs","13":"product_tag-luxe","14":"product_tag-slim","15":"product_tag-superslims","16":"product_tag-tabac-premium","17":"product_tag-violet","19":"first","20":"instock","21":"taxable","22":"shipping-taxable","23":"purchasable","24":"product-type-simple"},"aioseo_notices":[],"jetpack_sharing_enabled":true,"brands":[],"_links":{"self":[{"href":"https:\/\/midoxalimentation.com\/index.php?rest_route=\/wp\/v2\/product\/7473","targetHints":{"allow":["GET"]}}],"collection":[{"href":"https:\/\/midoxalimentation.com\/index.php?rest_route=\/wp\/v2\/product"}],"about":[{"href":"https:\/\/midoxalimentation.com\/index.php?rest_route=\/wp\/v2\/types\/product"}],"replies":[{"embeddable":true,"href":"https:\/\/midoxalimentation.com\/index.php?rest_route=%2Fwp%2Fv2%2Fcomments&post=7473"}],"version-history":[{"count":1,"href":"https:\/\/midoxalimentation.com\/index.php?rest_route=\/wp\/v2\/product\/7473\/revisions"}],"predecessor-version":[{"id":7517,"href":"https:\/\/midoxalimentation.com\/index.php?rest_route=\/wp\/v2\/product\/7473\/revisions\/7517"}],"wp:featuredmedia":[{"embeddable":true,"href":"https:\/\/midoxalimentation.com\/index.php?rest_route=\/wp\/v2\/media\/7516"}],"wp:attachment":[{"href":"https:\/\/midoxalimentation.com\/index.php?rest_route=%2Fwp%2Fv2%2Fmedia&parent=7473"}],"wp:term":[{"taxonomy":"pwb-brand","embeddable":true,"href":"https:\/\/midoxalimentation.com\/index.php?rest_route=%2Fwp%2Fv2%2Fpwb-brand&post=7473"},{"taxonomy":"product_brand","embeddable":true,"href":"https:\/\/midoxalimentation.com\/index.php?rest_route=%2Fwp%2Fv2%2Fproduct_brand&post=7473"},{"taxonomy":"product_cat","embeddable":true,"href":"https:\/\/midoxalimentation.com\/index.php?rest_route=%2Fwp%2Fv2%2Fproduct_cat&post=7473"},{"taxonomy":"product_tag","embeddable":true,"href":"https:\/\/midoxalimentation.com\/index.php?rest_route=%2Fwp%2Fv2%2Fproduct_tag&post=7473"}],"curies":[{"name":"wp","href":"https:\/\/api.w.org\/{rel}","templated":true}]}}