{"id":7518,"date":"2026-04-19T00:49:04","date_gmt":"2026-04-18T22:49:04","guid":{"rendered":"https:\/\/midoxalimentation.com\/?post_type=product&#038;p=7518"},"modified":"2026-04-21T15:39:29","modified_gmt":"2026-04-21T13:39:29","slug":"cigarettes-davidoff-blue-format-superslims","status":"publish","type":"product","link":"https:\/\/midoxalimentation.com\/?product=cigarettes-davidoff-blue-format-superslims","title":{"rendered":"Cigarettes Davidoff Blue &#8211; Format Superslims"},"content":{"rendered":"<p data-path-to-node=\"9\">Les <b data-path-to-node=\"9\" data-index-in-node=\"4\">Davidoff Blue Superslims<\/b> repr\u00e9sentent l&rsquo;\u00e9quilibre parfait entre tradition et modernit\u00e9. Ce format \u00ab\u00a0Superslim\u00a0\u00bb permet d&rsquo;appr\u00e9cier la finesse d&rsquo;un tabac de haute qualit\u00e9 tout en profitant d&rsquo;une exp\u00e9rience de fumage plus l\u00e9g\u00e8re et distingu\u00e9e.<\/p>\n<p data-path-to-node=\"10\"><b data-path-to-node=\"10\" data-index-in-node=\"0\">Les caract\u00e9ristiques des Davidoff Blue Superslims :<\/b><\/p>\n<ul data-path-to-node=\"11\">\n<li>\n<p data-path-to-node=\"11,0,0\"><b data-path-to-node=\"11,0,0\" data-index-in-node=\"0\">Format Superslim :<\/b> Une cigarette fine et allong\u00e9e pour une prise en main \u00e9l\u00e9gante et une combustion r\u00e9guli\u00e8re.<\/p>\n<\/li>\n<li>\n<p data-path-to-node=\"11,1,0\"><b data-path-to-node=\"11,1,0\" data-index-in-node=\"0\">Go\u00fbt Harmonieux :<\/b> Un m\u00e9lange de tabacs blonds s\u00e9lectionn\u00e9s pour une saveur \u00e9quilibr\u00e9e, l\u00e9g\u00e8rement plus pr\u00e9sente que la version Violet.<\/p>\n<\/li>\n<li>\n<p data-path-to-node=\"11,2,0\"><b data-path-to-node=\"11,2,0\" data-index-in-node=\"0\">Design Iconique :<\/b> Un paquet bleu nuit avec des d\u00e9tails argent\u00e9s qui souligne le caract\u00e8re premium et exclusif de la marque.<\/p>\n<\/li>\n<li>\n<p data-path-to-node=\"11,3,0\"><b data-path-to-node=\"11,3,0\" data-index-in-node=\"0\">Filtre de Qualit\u00e9 :<\/b> Technologie de filtration avanc\u00e9e pour un tirage fluide et agr\u00e9able.<\/p>\n<\/li>\n<li>\n<p data-path-to-node=\"11,4,0\"><b data-path-to-node=\"11,4,0\" data-index-in-node=\"0\">Moins d&rsquo;Odeur :<\/b> Con\u00e7u pour produire une fum\u00e9e moins envahissante gr\u00e2ce \u00e0 son format r\u00e9duit.<\/p>\n<\/li>\n<\/ul>\n","protected":false},"excerpt":{"rendered":"<p>Les Davidoff Blue Superslims repr\u00e9sentent l&rsquo;\u00e9quilibre parfait entre tradition et modernit\u00e9. Ce format \u00ab\u00a0Superslim\u00a0\u00bb permet d&rsquo;appr\u00e9cier la finesse d&rsquo;un tabac de haute qualit\u00e9 tout en profitant d&rsquo;une exp\u00e9rience de fumage plus l\u00e9g\u00e8re et distingu\u00e9e. Les caract\u00e9ristiques des Davidoff Blue Superslims : Format Superslim : Une cigarette fine et allong\u00e9e pour une prise en main \u00e9l\u00e9gante [&hellip;]<\/p>\n","protected":false},"featured_media":7515,"comment_status":"open","ping_status":"closed","template":"","meta":{"content-type":""},"pwb-brand":[],"product_brand":[],"product_cat":[15],"product_tag":[1068,1065,1063,1060,1069,1067,299,1070,1062,1064],"class_list":{"0":"post-7518","1":"product","2":"type-product","3":"status-publish","4":"has-post-thumbnail","6":"product_cat-tous-les-produits","7":"product_tag-blue","8":"product_tag-cigarette-fine","9":"product_tag-cigarettes","10":"product_tag-davidoff","11":"product_tag-davidoff-bleu","12":"product_tag-fumeurs","13":"product_tag-luxe","14":"product_tag-slim-format","15":"product_tag-superslims","16":"product_tag-tabac-premium","18":"first","19":"instock","20":"taxable","21":"shipping-taxable","22":"purchasable","23":"product-type-simple"},"aioseo_notices":[],"jetpack_sharing_enabled":true,"brands":[],"_links":{"self":[{"href":"https:\/\/midoxalimentation.com\/index.php?rest_route=\/wp\/v2\/product\/7518","targetHints":{"allow":["GET"]}}],"collection":[{"href":"https:\/\/midoxalimentation.com\/index.php?rest_route=\/wp\/v2\/product"}],"about":[{"href":"https:\/\/midoxalimentation.com\/index.php?rest_route=\/wp\/v2\/types\/product"}],"replies":[{"embeddable":true,"href":"https:\/\/midoxalimentation.com\/index.php?rest_route=%2Fwp%2Fv2%2Fcomments&post=7518"}],"version-history":[{"count":1,"href":"https:\/\/midoxalimentation.com\/index.php?rest_route=\/wp\/v2\/product\/7518\/revisions"}],"predecessor-version":[{"id":7519,"href":"https:\/\/midoxalimentation.com\/index.php?rest_route=\/wp\/v2\/product\/7518\/revisions\/7519"}],"wp:featuredmedia":[{"embeddable":true,"href":"https:\/\/midoxalimentation.com\/index.php?rest_route=\/wp\/v2\/media\/7515"}],"wp:attachment":[{"href":"https:\/\/midoxalimentation.com\/index.php?rest_route=%2Fwp%2Fv2%2Fmedia&parent=7518"}],"wp:term":[{"taxonomy":"pwb-brand","embeddable":true,"href":"https:\/\/midoxalimentation.com\/index.php?rest_route=%2Fwp%2Fv2%2Fpwb-brand&post=7518"},{"taxonomy":"product_brand","embeddable":true,"href":"https:\/\/midoxalimentation.com\/index.php?rest_route=%2Fwp%2Fv2%2Fproduct_brand&post=7518"},{"taxonomy":"product_cat","embeddable":true,"href":"https:\/\/midoxalimentation.com\/index.php?rest_route=%2Fwp%2Fv2%2Fproduct_cat&post=7518"},{"taxonomy":"product_tag","embeddable":true,"href":"https:\/\/midoxalimentation.com\/index.php?rest_route=%2Fwp%2Fv2%2Fproduct_tag&post=7518"}],"curies":[{"name":"wp","href":"https:\/\/api.w.org\/{rel}","templated":true}]}}