{"id":7520,"date":"2026-04-19T00:50:45","date_gmt":"2026-04-18T22:50:45","guid":{"rendered":"https:\/\/midoxalimentation.com\/?post_type=product&#038;p=7520"},"modified":"2026-04-21T15:38:57","modified_gmt":"2026-04-21T13:38:57","slug":"cigarettes-glamour-pinks-format-superslims","status":"publish","type":"product","link":"https:\/\/midoxalimentation.com\/?product=cigarettes-glamour-pinks-format-superslims","title":{"rendered":"Cigarettes Glamour Pinks &#8211; Format Superslims"},"content":{"rendered":"<p data-path-to-node=\"9\">D\u00e9couvrez le monde de la l\u00e9g\u00e8ret\u00e9 avec <b data-path-to-node=\"9\" data-index-in-node=\"39\">Glamour Pinks<\/b>. Con\u00e7ue sp\u00e9cialement pour ceux qui appr\u00e9cient les cigarettes de petit diam\u00e8tre, cette version \u00ab\u00a0Pink\u00a0\u00bb se distingue par son caract\u00e8re a\u00e9rien et son packaging raffin\u00e9.<\/p>\n<p data-path-to-node=\"10\"><b data-path-to-node=\"10\" data-index-in-node=\"0\">Les caract\u00e9ristiques des Glamour Pinks :<\/b><\/p>\n<ul data-path-to-node=\"11\">\n<li>\n<p data-path-to-node=\"11,0,0\"><b data-path-to-node=\"11,0,0\" data-index-in-node=\"0\">Format Superslim :<\/b> Une silhouette fine et allong\u00e9e pour une \u00e9l\u00e9gance discr\u00e8te.<\/p>\n<\/li>\n<li>\n<p data-path-to-node=\"11,1,0\"><b data-path-to-node=\"11,1,0\" data-index-in-node=\"0\">Go\u00fbt Ultra-L\u00e9ger :<\/b> Un m\u00e9lange de tabac con\u00e7u pour offrir une sensation de douceur maximale en gorge.<\/p>\n<\/li>\n<li>\n<p data-path-to-node=\"11,2,0\"><b data-path-to-node=\"11,2,0\" data-index-in-node=\"0\">Design F\u00e9minin et Chic :<\/b> Un paquet aux nuances de rose avec des motifs floraux, soulignant l&rsquo;aspect \u00ab\u00a0Glamour\u00a0\u00bb de la marque.<\/p>\n<\/li>\n<li>\n<p data-path-to-node=\"11,3,0\"><b data-path-to-node=\"11,3,0\" data-index-in-node=\"0\">Ar\u00f4me Subtil :<\/b> Une combustion lente qui d\u00e9gage un parfum discret et moins persistant.<\/p>\n<\/li>\n<li>\n<p data-path-to-node=\"11,4,0\"><b data-path-to-node=\"11,4,0\" data-index-in-node=\"0\">Qualit\u00e9 Garantie :<\/b> Fabriqu\u00e9es avec des standards \u00e9lev\u00e9s pour assurer une exp\u00e9rience constante \u00e0 chaque cigarette.<\/p>\n<\/li>\n<\/ul>\n","protected":false},"excerpt":{"rendered":"<p>D\u00e9couvrez le monde de la l\u00e9g\u00e8ret\u00e9 avec Glamour Pinks. Con\u00e7ue sp\u00e9cialement pour ceux qui appr\u00e9cient les cigarettes de petit diam\u00e8tre, cette version \u00ab\u00a0Pink\u00a0\u00bb se distingue par son caract\u00e8re a\u00e9rien et son packaging raffin\u00e9. Les caract\u00e9ristiques des Glamour Pinks : Format Superslim : Une silhouette fine et allong\u00e9e pour une \u00e9l\u00e9gance discr\u00e8te. Go\u00fbt Ultra-L\u00e9ger : Un [&hellip;]<\/p>\n","protected":false},"featured_media":7514,"comment_status":"open","ping_status":"closed","template":"","meta":{"content-type":""},"pwb-brand":[],"product_brand":[],"product_cat":[863,193],"product_tag":[1065,1063,1067,1071,1074,1072,941,1075,1062,1073],"class_list":{"0":"post-7520","1":"product","2":"type-product","3":"status-publish","4":"has-post-thumbnail","6":"product_cat-cigarettes-tabac","7":"product_cat-espace-tabac","8":"product_tag-cigarette-fine","9":"product_tag-cigarettes","10":"product_tag-fumeurs","11":"product_tag-glamour","12":"product_tag-glamour-rose","13":"product_tag-pinks","14":"product_tag-slim","15":"product_tag-style","16":"product_tag-superslims","17":"product_tag-tabac-leger","19":"first","20":"instock","21":"taxable","22":"shipping-taxable","23":"purchasable","24":"product-type-simple"},"aioseo_notices":[],"jetpack_sharing_enabled":true,"brands":[],"_links":{"self":[{"href":"https:\/\/midoxalimentation.com\/index.php?rest_route=\/wp\/v2\/product\/7520","targetHints":{"allow":["GET"]}}],"collection":[{"href":"https:\/\/midoxalimentation.com\/index.php?rest_route=\/wp\/v2\/product"}],"about":[{"href":"https:\/\/midoxalimentation.com\/index.php?rest_route=\/wp\/v2\/types\/product"}],"replies":[{"embeddable":true,"href":"https:\/\/midoxalimentation.com\/index.php?rest_route=%2Fwp%2Fv2%2Fcomments&post=7520"}],"version-history":[{"count":1,"href":"https:\/\/midoxalimentation.com\/index.php?rest_route=\/wp\/v2\/product\/7520\/revisions"}],"predecessor-version":[{"id":7521,"href":"https:\/\/midoxalimentation.com\/index.php?rest_route=\/wp\/v2\/product\/7520\/revisions\/7521"}],"wp:featuredmedia":[{"embeddable":true,"href":"https:\/\/midoxalimentation.com\/index.php?rest_route=\/wp\/v2\/media\/7514"}],"wp:attachment":[{"href":"https:\/\/midoxalimentation.com\/index.php?rest_route=%2Fwp%2Fv2%2Fmedia&parent=7520"}],"wp:term":[{"taxonomy":"pwb-brand","embeddable":true,"href":"https:\/\/midoxalimentation.com\/index.php?rest_route=%2Fwp%2Fv2%2Fpwb-brand&post=7520"},{"taxonomy":"product_brand","embeddable":true,"href":"https:\/\/midoxalimentation.com\/index.php?rest_route=%2Fwp%2Fv2%2Fproduct_brand&post=7520"},{"taxonomy":"product_cat","embeddable":true,"href":"https:\/\/midoxalimentation.com\/index.php?rest_route=%2Fwp%2Fv2%2Fproduct_cat&post=7520"},{"taxonomy":"product_tag","embeddable":true,"href":"https:\/\/midoxalimentation.com\/index.php?rest_route=%2Fwp%2Fv2%2Fproduct_tag&post=7520"}],"curies":[{"name":"wp","href":"https:\/\/api.w.org\/{rel}","templated":true}]}}