{"id":7522,"date":"2026-04-19T00:54:48","date_gmt":"2026-04-18T22:54:48","guid":{"rendered":"https:\/\/midoxalimentation.com\/?post_type=product&#038;p=7522"},"modified":"2026-04-21T15:38:45","modified_gmt":"2026-04-21T13:38:45","slug":"cigarettes-glamour-menthol-format-superslims","status":"publish","type":"product","link":"https:\/\/midoxalimentation.com\/?product=cigarettes-glamour-menthol-format-superslims","title":{"rendered":"Cigarettes Glamour Menthol &#8211; Format Superslims"},"content":{"rendered":"<p data-path-to-node=\"9\">D\u00e9couvrez une sensation de puret\u00e9 avec <b data-path-to-node=\"9\" data-index-in-node=\"39\">Glamour Menthol<\/b>. Ces cigarettes Superslims sont id\u00e9ales pour ceux qui recherchent un go\u00fbt frais et une fum\u00e9e l\u00e9g\u00e8re sans faire de compromis sur le style et l&rsquo;\u00e9l\u00e9gance.<\/p>\n<p data-path-to-node=\"10\"><b data-path-to-node=\"10\" data-index-in-node=\"0\">Les points forts de Glamour Menthol :<\/b><\/p>\n<ul data-path-to-node=\"11\">\n<li>\n<p data-path-to-node=\"11,0,0\"><b data-path-to-node=\"11,0,0\" data-index-in-node=\"0\">Format Superslim :<\/b> Une cigarette fine et longue pour une prise en main d\u00e9licate.<\/p>\n<\/li>\n<li>\n<p data-path-to-node=\"11,2,0\"><b data-path-to-node=\"11,2,0\" data-index-in-node=\"0\">L\u00e9g\u00e8ret\u00e9 de Tabac :<\/b> Un m\u00e9lange s\u00e9lectionn\u00e9 pour \u00eatre doux en gorge et facile \u00e0 fumer.<\/p>\n<\/li>\n<li>\n<p data-path-to-node=\"11,3,0\"><b data-path-to-node=\"11,3,0\" data-index-in-node=\"0\">Design Moderne :<\/b> Un paquet blanc et turquoise avec des motifs floraux, refl\u00e9tant la fra\u00eecheur du produit.<\/p>\n<\/li>\n<li>\n<p data-path-to-node=\"11,4,0\"><b data-path-to-node=\"11,4,0\" data-index-in-node=\"0\">Odeur Discr\u00e8te :<\/b> Gr\u00e2ce \u00e0 sa finesse, elle laisse moins d&rsquo;odeurs persistantes sur les v\u00eatements ou les mains.<\/p>\n<\/li>\n<\/ul>\n","protected":false},"excerpt":{"rendered":"<p>D\u00e9couvrez une sensation de puret\u00e9 avec Glamour Menthol. Ces cigarettes Superslims sont id\u00e9ales pour ceux qui recherchent un go\u00fbt frais et une fum\u00e9e l\u00e9g\u00e8re sans faire de compromis sur le style et l&rsquo;\u00e9l\u00e9gance. Les points forts de Glamour Menthol : Format Superslim : Une cigarette fine et longue pour une prise en main d\u00e9licate. L\u00e9g\u00e8ret\u00e9 [&hellip;]<\/p>\n","protected":false},"featured_media":7513,"comment_status":"open","ping_status":"closed","template":"","meta":{"content-type":""},"pwb-brand":[],"product_brand":[],"product_cat":[863,193],"product_tag":[1065,1063,1067,1071,1077,337,339,1070,1062,1076],"class_list":{"0":"post-7522","1":"product","2":"type-product","3":"status-publish","4":"has-post-thumbnail","6":"product_cat-cigarettes-tabac","7":"product_cat-espace-tabac","8":"product_tag-cigarette-fine","9":"product_tag-cigarettes","10":"product_tag-fumeurs","11":"product_tag-glamour","12":"product_tag-glamour-bleu","13":"product_tag-menthe","14":"product_tag-menthol","15":"product_tag-slim-format","16":"product_tag-superslims","17":"product_tag-tabac-frais","19":"first","20":"instock","21":"taxable","22":"shipping-taxable","23":"purchasable","24":"product-type-simple"},"aioseo_notices":[],"jetpack_sharing_enabled":true,"brands":[],"_links":{"self":[{"href":"https:\/\/midoxalimentation.com\/index.php?rest_route=\/wp\/v2\/product\/7522","targetHints":{"allow":["GET"]}}],"collection":[{"href":"https:\/\/midoxalimentation.com\/index.php?rest_route=\/wp\/v2\/product"}],"about":[{"href":"https:\/\/midoxalimentation.com\/index.php?rest_route=\/wp\/v2\/types\/product"}],"replies":[{"embeddable":true,"href":"https:\/\/midoxalimentation.com\/index.php?rest_route=%2Fwp%2Fv2%2Fcomments&post=7522"}],"version-history":[{"count":1,"href":"https:\/\/midoxalimentation.com\/index.php?rest_route=\/wp\/v2\/product\/7522\/revisions"}],"predecessor-version":[{"id":7523,"href":"https:\/\/midoxalimentation.com\/index.php?rest_route=\/wp\/v2\/product\/7522\/revisions\/7523"}],"wp:featuredmedia":[{"embeddable":true,"href":"https:\/\/midoxalimentation.com\/index.php?rest_route=\/wp\/v2\/media\/7513"}],"wp:attachment":[{"href":"https:\/\/midoxalimentation.com\/index.php?rest_route=%2Fwp%2Fv2%2Fmedia&parent=7522"}],"wp:term":[{"taxonomy":"pwb-brand","embeddable":true,"href":"https:\/\/midoxalimentation.com\/index.php?rest_route=%2Fwp%2Fv2%2Fpwb-brand&post=7522"},{"taxonomy":"product_brand","embeddable":true,"href":"https:\/\/midoxalimentation.com\/index.php?rest_route=%2Fwp%2Fv2%2Fproduct_brand&post=7522"},{"taxonomy":"product_cat","embeddable":true,"href":"https:\/\/midoxalimentation.com\/index.php?rest_route=%2Fwp%2Fv2%2Fproduct_cat&post=7522"},{"taxonomy":"product_tag","embeddable":true,"href":"https:\/\/midoxalimentation.com\/index.php?rest_route=%2Fwp%2Fv2%2Fproduct_tag&post=7522"}],"curies":[{"name":"wp","href":"https:\/\/api.w.org\/{rel}","templated":true}]}}