{"id":7524,"date":"2026-04-19T00:55:59","date_gmt":"2026-04-18T22:55:59","guid":{"rendered":"https:\/\/midoxalimentation.com\/?post_type=product&#038;p=7524"},"modified":"2026-04-21T15:38:01","modified_gmt":"2026-04-21T13:38:01","slug":"terea-luma-green-pour-iqos-iluma","status":"publish","type":"product","link":"https:\/\/midoxalimentation.com\/?product=terea-luma-green-pour-iqos-iluma","title":{"rendered":"TEREA Luma Green pour IQOS ILUMA"},"content":{"rendered":"<ul>\n<li>\n<p data-path-to-node=\"3,2,0\">Le m\u00e9lange <b data-path-to-node=\"3,2,0\" data-index-in-node=\"31\">Luma Green<\/b> offre un go\u00fbt de tabac raffin\u00e9 avec des notes de menthol rafra\u00eechissantes. Gr\u00e2ce \u00e0 la technologie <i data-path-to-node=\"3,2,0\" data-index-in-node=\"140\">Smartcore Induction System<\/i>, le tabac est chauff\u00e9 uniform\u00e9ment pour une vapeur propre et sans r\u00e9sidus.<\/p>\n<\/li>\n<\/ul>\n","protected":false},"excerpt":{"rendered":"<p>Le m\u00e9lange Luma Green offre un go\u00fbt de tabac raffin\u00e9 avec des notes de menthol rafra\u00eechissantes. Gr\u00e2ce \u00e0 la technologie Smartcore Induction System, le tabac est chauff\u00e9 uniform\u00e9ment pour une vapeur propre et sans r\u00e9sidus.<\/p>\n","protected":false},"featured_media":7511,"comment_status":"open","ping_status":"closed","template":"","meta":{"content-type":""},"pwb-brand":[],"product_brand":[],"product_cat":[863,193],"product_tag":[1079,1080,339,1081,1078],"class_list":{"0":"post-7524","1":"product","2":"type-product","3":"status-publish","4":"has-post-thumbnail","6":"product_cat-cigarettes-tabac","7":"product_cat-espace-tabac","8":"product_tag-iqos-iluma","9":"product_tag-luma-green","10":"product_tag-menthol","11":"product_tag-tabac-chauffe","12":"product_tag-terea","14":"first","15":"instock","16":"taxable","17":"shipping-taxable","18":"purchasable","19":"product-type-simple"},"aioseo_notices":[],"jetpack_sharing_enabled":true,"brands":[],"_links":{"self":[{"href":"https:\/\/midoxalimentation.com\/index.php?rest_route=\/wp\/v2\/product\/7524","targetHints":{"allow":["GET"]}}],"collection":[{"href":"https:\/\/midoxalimentation.com\/index.php?rest_route=\/wp\/v2\/product"}],"about":[{"href":"https:\/\/midoxalimentation.com\/index.php?rest_route=\/wp\/v2\/types\/product"}],"replies":[{"embeddable":true,"href":"https:\/\/midoxalimentation.com\/index.php?rest_route=%2Fwp%2Fv2%2Fcomments&post=7524"}],"version-history":[{"count":1,"href":"https:\/\/midoxalimentation.com\/index.php?rest_route=\/wp\/v2\/product\/7524\/revisions"}],"predecessor-version":[{"id":7525,"href":"https:\/\/midoxalimentation.com\/index.php?rest_route=\/wp\/v2\/product\/7524\/revisions\/7525"}],"wp:featuredmedia":[{"embeddable":true,"href":"https:\/\/midoxalimentation.com\/index.php?rest_route=\/wp\/v2\/media\/7511"}],"wp:attachment":[{"href":"https:\/\/midoxalimentation.com\/index.php?rest_route=%2Fwp%2Fv2%2Fmedia&parent=7524"}],"wp:term":[{"taxonomy":"pwb-brand","embeddable":true,"href":"https:\/\/midoxalimentation.com\/index.php?rest_route=%2Fwp%2Fv2%2Fpwb-brand&post=7524"},{"taxonomy":"product_brand","embeddable":true,"href":"https:\/\/midoxalimentation.com\/index.php?rest_route=%2Fwp%2Fv2%2Fproduct_brand&post=7524"},{"taxonomy":"product_cat","embeddable":true,"href":"https:\/\/midoxalimentation.com\/index.php?rest_route=%2Fwp%2Fv2%2Fproduct_cat&post=7524"},{"taxonomy":"product_tag","embeddable":true,"href":"https:\/\/midoxalimentation.com\/index.php?rest_route=%2Fwp%2Fv2%2Fproduct_tag&post=7524"}],"curies":[{"name":"wp","href":"https:\/\/api.w.org\/{rel}","templated":true}]}}