{"id":7528,"date":"2026-04-19T00:57:41","date_gmt":"2026-04-18T22:57:41","guid":{"rendered":"https:\/\/midoxalimentation.com\/?post_type=product&#038;p=7528"},"modified":"2026-04-21T15:37:31","modified_gmt":"2026-04-21T13:37:31","slug":"terea-yellow-pour-iqos-iluma","status":"publish","type":"product","link":"https:\/\/midoxalimentation.com\/?product=terea-yellow-pour-iqos-iluma","title":{"rendered":"TEREA Yellow pour IQOS ILUMA"},"content":{"rendered":"<ul>\n<li>\n<p data-path-to-node=\"9,2,0\"><b data-path-to-node=\"9,2,0\" data-index-in-node=\"20\">TEREA Yellow<\/b> propose un m\u00e9lange de tabac \u00e9quilibr\u00e9 avec des nuances d&rsquo;agrumes subtiles. C&rsquo;est le choix parfait pour les fumeurs qui pr\u00e9f\u00e8rent un go\u00fbt classique, proche de la cigarette traditionnelle mais avec la douceur du tabac chauff\u00e9.<\/p>\n<\/li>\n<\/ul>\n","protected":false},"excerpt":{"rendered":"<p>TEREA Yellow propose un m\u00e9lange de tabac \u00e9quilibr\u00e9 avec des nuances d&rsquo;agrumes subtiles. C&rsquo;est le choix parfait pour les fumeurs qui pr\u00e9f\u00e8rent un go\u00fbt classique, proche de la cigarette traditionnelle mais avec la douceur du tabac chauff\u00e9.<\/p>\n","protected":false},"featured_media":7509,"comment_status":"open","ping_status":"closed","template":"","meta":{"content-type":""},"pwb-brand":[],"product_brand":[],"product_cat":[863,193],"product_tag":[1089,1079,1088,1087],"class_list":{"0":"post-7528","1":"product","2":"type-product","3":"status-publish","4":"has-post-thumbnail","6":"product_cat-cigarettes-tabac","7":"product_cat-espace-tabac","8":"product_tag-arome-leger","9":"product_tag-iqos-iluma","10":"product_tag-tabac-blond","11":"product_tag-terea-yellow","13":"first","14":"instock","15":"taxable","16":"shipping-taxable","17":"purchasable","18":"product-type-simple"},"aioseo_notices":[],"jetpack_sharing_enabled":true,"brands":[],"_links":{"self":[{"href":"https:\/\/midoxalimentation.com\/index.php?rest_route=\/wp\/v2\/product\/7528","targetHints":{"allow":["GET"]}}],"collection":[{"href":"https:\/\/midoxalimentation.com\/index.php?rest_route=\/wp\/v2\/product"}],"about":[{"href":"https:\/\/midoxalimentation.com\/index.php?rest_route=\/wp\/v2\/types\/product"}],"replies":[{"embeddable":true,"href":"https:\/\/midoxalimentation.com\/index.php?rest_route=%2Fwp%2Fv2%2Fcomments&post=7528"}],"version-history":[{"count":1,"href":"https:\/\/midoxalimentation.com\/index.php?rest_route=\/wp\/v2\/product\/7528\/revisions"}],"predecessor-version":[{"id":7529,"href":"https:\/\/midoxalimentation.com\/index.php?rest_route=\/wp\/v2\/product\/7528\/revisions\/7529"}],"wp:featuredmedia":[{"embeddable":true,"href":"https:\/\/midoxalimentation.com\/index.php?rest_route=\/wp\/v2\/media\/7509"}],"wp:attachment":[{"href":"https:\/\/midoxalimentation.com\/index.php?rest_route=%2Fwp%2Fv2%2Fmedia&parent=7528"}],"wp:term":[{"taxonomy":"pwb-brand","embeddable":true,"href":"https:\/\/midoxalimentation.com\/index.php?rest_route=%2Fwp%2Fv2%2Fpwb-brand&post=7528"},{"taxonomy":"product_brand","embeddable":true,"href":"https:\/\/midoxalimentation.com\/index.php?rest_route=%2Fwp%2Fv2%2Fproduct_brand&post=7528"},{"taxonomy":"product_cat","embeddable":true,"href":"https:\/\/midoxalimentation.com\/index.php?rest_route=%2Fwp%2Fv2%2Fproduct_cat&post=7528"},{"taxonomy":"product_tag","embeddable":true,"href":"https:\/\/midoxalimentation.com\/index.php?rest_route=%2Fwp%2Fv2%2Fproduct_tag&post=7528"}],"curies":[{"name":"wp","href":"https:\/\/api.w.org\/{rel}","templated":true}]}}