{"id":7530,"date":"2026-04-19T01:00:11","date_gmt":"2026-04-18T23:00:11","guid":{"rendered":"https:\/\/midoxalimentation.com\/?post_type=product&#038;p=7530"},"modified":"2026-04-21T15:33:43","modified_gmt":"2026-04-21T13:33:43","slug":"terea-amber-luma-orange-pour-iqos-iluma","status":"publish","type":"product","link":"https:\/\/midoxalimentation.com\/?product=terea-amber-luma-orange-pour-iqos-iluma","title":{"rendered":"TEREA Amber \/ Luma Orange pour IQOS ILUMA"},"content":{"rendered":"<p data-path-to-node=\"9\">rofitez d&rsquo;une exp\u00e9rience authentique avec <b data-path-to-node=\"9\" data-index-in-node=\"43\">TEREA Luma Orange<\/b>. Ce m\u00e9lange est sp\u00e9cialement \u00e9labor\u00e9 pour ceux qui appr\u00e9cient un go\u00fbt de tabac prononc\u00e9 et satisfaisant, sans les inconv\u00e9nients de la combustion.<\/p>\n<p data-path-to-node=\"10\"><b data-path-to-node=\"10\" data-index-in-node=\"0\">Pourquoi choisir TEREA Luma Orange ?<\/b><\/p>\n<ul data-path-to-node=\"11\">\n<li>\n<p data-path-to-node=\"11,0,0\"><b data-path-to-node=\"11,0,0\" data-index-in-node=\"0\">Saveur Intense :<\/b> Un profil aromatique riche qui rappelle le tabac brun avec une touche de bois grill\u00e9.<\/p>\n<\/li>\n<li>\n<p data-path-to-node=\"11,1,0\"><b data-path-to-node=\"11,1,0\" data-index-in-node=\"0\">Technologie Smartcore :<\/b> Utilise l&rsquo;induction pour chauffer le tabac de l&rsquo;int\u00e9rieur, garantissant une r\u00e9gularit\u00e9 parfaite sans lame de chauffage.<\/p>\n<\/li>\n<li>\n<p data-path-to-node=\"11,2,0\"><b data-path-to-node=\"11,2,0\" data-index-in-node=\"0\">Z\u00e9ro Nettoyage :<\/b> Comme tous les sticks TEREA, ils sont scell\u00e9s aux deux extr\u00e9mit\u00e9s, ce qui \u00e9vite les d\u00e9bris de tabac dans votre appareil.<\/p>\n<\/li>\n<li>\n<p data-path-to-node=\"11,3,0\"><b data-path-to-node=\"11,3,0\" data-index-in-node=\"0\">Satisfaction \u00c9quilibr\u00e9e :<\/b> Offre un \u00ab\u00a0hit\u00a0\u00bb en gorge solide qui satisfait les fumeurs habitu\u00e9s aux cigarettes classiques.<\/p>\n<\/li>\n<li>\n<p data-path-to-node=\"11,4,0\"><b data-path-to-node=\"11,4,0\" data-index-in-node=\"0\">Compatibilit\u00e9 :<\/b> Utilisable uniquement avec la gamme <b data-path-to-node=\"11,4,0\" data-index-in-node=\"52\">IQOS ILUMA<\/b> (Prime, Standard, et One).<\/p>\n<\/li>\n<\/ul>\n","protected":false},"excerpt":{"rendered":"<p>rofitez d&rsquo;une exp\u00e9rience authentique avec TEREA Luma Orange. Ce m\u00e9lange est sp\u00e9cialement \u00e9labor\u00e9 pour ceux qui appr\u00e9cient un go\u00fbt de tabac prononc\u00e9 et satisfaisant, sans les inconv\u00e9nients de la combustion. Pourquoi choisir TEREA Luma Orange ? Saveur Intense : Un profil aromatique riche qui rappelle le tabac brun avec une touche de bois grill\u00e9. Technologie [&hellip;]<\/p>\n","protected":false},"featured_media":7510,"comment_status":"open","ping_status":"closed","template":"","meta":{"content-type":""},"pwb-brand":[],"product_brand":[],"product_cat":[863,193],"product_tag":[1094,1090,1092,1086,1079,1091,1081,1078,1093],"class_list":{"0":"post-7530","1":"product","2":"type-product","3":"status-publish","4":"has-post-thumbnail","6":"product_cat-cigarettes-tabac","7":"product_cat-espace-tabac","8":"product_tag-accessoires-iqos","9":"product_tag-amber-selection","10":"product_tag-gout-boise","11":"product_tag-induction","12":"product_tag-iqos-iluma","13":"product_tag-luma-orange","14":"product_tag-tabac-chauffe","15":"product_tag-terea","16":"product_tag-terea-morocco","18":"first","19":"instock","20":"taxable","21":"shipping-taxable","22":"purchasable","23":"product-type-simple"},"aioseo_notices":[],"jetpack_sharing_enabled":true,"brands":[],"_links":{"self":[{"href":"https:\/\/midoxalimentation.com\/index.php?rest_route=\/wp\/v2\/product\/7530","targetHints":{"allow":["GET"]}}],"collection":[{"href":"https:\/\/midoxalimentation.com\/index.php?rest_route=\/wp\/v2\/product"}],"about":[{"href":"https:\/\/midoxalimentation.com\/index.php?rest_route=\/wp\/v2\/types\/product"}],"replies":[{"embeddable":true,"href":"https:\/\/midoxalimentation.com\/index.php?rest_route=%2Fwp%2Fv2%2Fcomments&post=7530"}],"version-history":[{"count":1,"href":"https:\/\/midoxalimentation.com\/index.php?rest_route=\/wp\/v2\/product\/7530\/revisions"}],"predecessor-version":[{"id":7531,"href":"https:\/\/midoxalimentation.com\/index.php?rest_route=\/wp\/v2\/product\/7530\/revisions\/7531"}],"wp:featuredmedia":[{"embeddable":true,"href":"https:\/\/midoxalimentation.com\/index.php?rest_route=\/wp\/v2\/media\/7510"}],"wp:attachment":[{"href":"https:\/\/midoxalimentation.com\/index.php?rest_route=%2Fwp%2Fv2%2Fmedia&parent=7530"}],"wp:term":[{"taxonomy":"pwb-brand","embeddable":true,"href":"https:\/\/midoxalimentation.com\/index.php?rest_route=%2Fwp%2Fv2%2Fpwb-brand&post=7530"},{"taxonomy":"product_brand","embeddable":true,"href":"https:\/\/midoxalimentation.com\/index.php?rest_route=%2Fwp%2Fv2%2Fproduct_brand&post=7530"},{"taxonomy":"product_cat","embeddable":true,"href":"https:\/\/midoxalimentation.com\/index.php?rest_route=%2Fwp%2Fv2%2Fproduct_cat&post=7530"},{"taxonomy":"product_tag","embeddable":true,"href":"https:\/\/midoxalimentation.com\/index.php?rest_route=%2Fwp%2Fv2%2Fproduct_tag&post=7530"}],"curies":[{"name":"wp","href":"https:\/\/api.w.org\/{rel}","templated":true}]}}