{"id":7532,"date":"2026-04-19T01:03:01","date_gmt":"2026-04-18T23:03:01","guid":{"rendered":"https:\/\/midoxalimentation.com\/?post_type=product&#038;p=7532"},"modified":"2026-04-21T15:33:27","modified_gmt":"2026-04-21T13:33:27","slug":"cafe-creme-yellow-vanilla-vanille","status":"publish","type":"product","link":"https:\/\/midoxalimentation.com\/?product=cafe-creme-yellow-vanilla-vanille","title":{"rendered":"Caf\u00e9 Cr\u00e8me Yellow (Vanilla \/ Vanille)"},"content":{"rendered":"<p>Le <b data-path-to-node=\"6,2,0\" data-index-in-node=\"23\">Caf\u00e9 Cr\u00e8me Vanilla<\/b> combine le m\u00e9lange de tabac premium de la marque avec une touche d\u00e9licate de vanille. Ce mariage cr\u00e9e une fum\u00e9e douce et parfum\u00e9e qui laisse une note sucr\u00e9e tr\u00e8s agr\u00e9able en bouche. Parfait pour ceux qui aiment les tabacs aromatis\u00e9s.<\/p>\n","protected":false},"excerpt":{"rendered":"<p>Le Caf\u00e9 Cr\u00e8me Vanilla combine le m\u00e9lange de tabac premium de la marque avec une touche d\u00e9licate de vanille. Ce mariage cr\u00e9e une fum\u00e9e douce et parfum\u00e9e qui laisse une note sucr\u00e9e tr\u00e8s agr\u00e9able en bouche. Parfait pour ceux qui aiment les tabacs aromatis\u00e9s.<\/p>\n","protected":false},"featured_media":7508,"comment_status":"open","ping_status":"closed","template":"","meta":{"content-type":""},"pwb-brand":[],"product_brand":[],"product_cat":[863,193],"product_tag":[1095,1097,1098,1096],"class_list":{"0":"post-7532","1":"product","2":"type-product","3":"status-publish","4":"has-post-thumbnail","6":"product_cat-cigarettes-tabac","7":"product_cat-espace-tabac","8":"product_tag-cafe-creme-vanille","9":"product_tag-cigarillos-parfumes","10":"product_tag-tabac-douceur","11":"product_tag-vanilla","13":"first","14":"instock","15":"taxable","16":"shipping-taxable","17":"purchasable","18":"product-type-simple"},"aioseo_notices":[],"jetpack_sharing_enabled":true,"brands":[],"_links":{"self":[{"href":"https:\/\/midoxalimentation.com\/index.php?rest_route=\/wp\/v2\/product\/7532","targetHints":{"allow":["GET"]}}],"collection":[{"href":"https:\/\/midoxalimentation.com\/index.php?rest_route=\/wp\/v2\/product"}],"about":[{"href":"https:\/\/midoxalimentation.com\/index.php?rest_route=\/wp\/v2\/types\/product"}],"replies":[{"embeddable":true,"href":"https:\/\/midoxalimentation.com\/index.php?rest_route=%2Fwp%2Fv2%2Fcomments&post=7532"}],"version-history":[{"count":1,"href":"https:\/\/midoxalimentation.com\/index.php?rest_route=\/wp\/v2\/product\/7532\/revisions"}],"predecessor-version":[{"id":7533,"href":"https:\/\/midoxalimentation.com\/index.php?rest_route=\/wp\/v2\/product\/7532\/revisions\/7533"}],"wp:featuredmedia":[{"embeddable":true,"href":"https:\/\/midoxalimentation.com\/index.php?rest_route=\/wp\/v2\/media\/7508"}],"wp:attachment":[{"href":"https:\/\/midoxalimentation.com\/index.php?rest_route=%2Fwp%2Fv2%2Fmedia&parent=7532"}],"wp:term":[{"taxonomy":"pwb-brand","embeddable":true,"href":"https:\/\/midoxalimentation.com\/index.php?rest_route=%2Fwp%2Fv2%2Fpwb-brand&post=7532"},{"taxonomy":"product_brand","embeddable":true,"href":"https:\/\/midoxalimentation.com\/index.php?rest_route=%2Fwp%2Fv2%2Fproduct_brand&post=7532"},{"taxonomy":"product_cat","embeddable":true,"href":"https:\/\/midoxalimentation.com\/index.php?rest_route=%2Fwp%2Fv2%2Fproduct_cat&post=7532"},{"taxonomy":"product_tag","embeddable":true,"href":"https:\/\/midoxalimentation.com\/index.php?rest_route=%2Fwp%2Fv2%2Fproduct_tag&post=7532"}],"curies":[{"name":"wp","href":"https:\/\/api.w.org\/{rel}","templated":true}]}}