{"id":7534,"date":"2026-04-19T01:04:25","date_gmt":"2026-04-18T23:04:25","guid":{"rendered":"https:\/\/midoxalimentation.com\/?post_type=product&#038;p=7534"},"modified":"2026-04-21T15:33:17","modified_gmt":"2026-04-21T13:33:17","slug":"cigarillos-cafe-creme-arome-blue","status":"publish","type":"product","link":"https:\/\/midoxalimentation.com\/?product=cigarillos-cafe-creme-arome-blue","title":{"rendered":"Cigarillos Caf\u00e9 Cr\u00e8me Ar\u00f4me (Blue)"},"content":{"rendered":"<p>Le <b data-path-to-node=\"9,2,0\" data-index-in-node=\"23\">Caf\u00e9 Cr\u00e8me Ar\u00f4me<\/b> (souvent identifi\u00e9 par la couleur bleue) est con\u00e7u pour offrir une exp\u00e9rience plus l\u00e9g\u00e8re que l&rsquo;Original tout en conservant un profil aromatique complexe. Son m\u00e9lange est s\u00e9lectionn\u00e9 pour sa douceur en gorge et son parfum discret qui ne domine pas le go\u00fbt naturel du tabac.<\/p>\n","protected":false},"excerpt":{"rendered":"<p>Le Caf\u00e9 Cr\u00e8me Ar\u00f4me (souvent identifi\u00e9 par la couleur bleue) est con\u00e7u pour offrir une exp\u00e9rience plus l\u00e9g\u00e8re que l&rsquo;Original tout en conservant un profil aromatique complexe. Son m\u00e9lange est s\u00e9lectionn\u00e9 pour sa douceur en gorge et son parfum discret qui ne domine pas le go\u00fbt naturel du tabac.<\/p>\n","protected":false},"featured_media":7477,"comment_status":"open","ping_status":"closed","template":"","meta":{"content-type":""},"pwb-brand":[],"product_brand":[],"product_cat":[863,193],"product_tag":[1068,1099,1100,1101],"class_list":{"0":"post-7534","1":"product","2":"type-product","3":"status-publish","4":"has-post-thumbnail","6":"product_cat-cigarettes-tabac","7":"product_cat-espace-tabac","8":"product_tag-blue","9":"product_tag-cafe-creme-arome","10":"product_tag-cigarillos-legers","11":"product_tag-tabac-raffine","13":"first","14":"instock","15":"taxable","16":"shipping-taxable","17":"purchasable","18":"product-type-simple"},"aioseo_notices":[],"jetpack_sharing_enabled":true,"brands":[],"_links":{"self":[{"href":"https:\/\/midoxalimentation.com\/index.php?rest_route=\/wp\/v2\/product\/7534","targetHints":{"allow":["GET"]}}],"collection":[{"href":"https:\/\/midoxalimentation.com\/index.php?rest_route=\/wp\/v2\/product"}],"about":[{"href":"https:\/\/midoxalimentation.com\/index.php?rest_route=\/wp\/v2\/types\/product"}],"replies":[{"embeddable":true,"href":"https:\/\/midoxalimentation.com\/index.php?rest_route=%2Fwp%2Fv2%2Fcomments&post=7534"}],"version-history":[{"count":1,"href":"https:\/\/midoxalimentation.com\/index.php?rest_route=\/wp\/v2\/product\/7534\/revisions"}],"predecessor-version":[{"id":7535,"href":"https:\/\/midoxalimentation.com\/index.php?rest_route=\/wp\/v2\/product\/7534\/revisions\/7535"}],"wp:featuredmedia":[{"embeddable":true,"href":"https:\/\/midoxalimentation.com\/index.php?rest_route=\/wp\/v2\/media\/7477"}],"wp:attachment":[{"href":"https:\/\/midoxalimentation.com\/index.php?rest_route=%2Fwp%2Fv2%2Fmedia&parent=7534"}],"wp:term":[{"taxonomy":"pwb-brand","embeddable":true,"href":"https:\/\/midoxalimentation.com\/index.php?rest_route=%2Fwp%2Fv2%2Fpwb-brand&post=7534"},{"taxonomy":"product_brand","embeddable":true,"href":"https:\/\/midoxalimentation.com\/index.php?rest_route=%2Fwp%2Fv2%2Fproduct_brand&post=7534"},{"taxonomy":"product_cat","embeddable":true,"href":"https:\/\/midoxalimentation.com\/index.php?rest_route=%2Fwp%2Fv2%2Fproduct_cat&post=7534"},{"taxonomy":"product_tag","embeddable":true,"href":"https:\/\/midoxalimentation.com\/index.php?rest_route=%2Fwp%2Fv2%2Fproduct_tag&post=7534"}],"curies":[{"name":"wp","href":"https:\/\/api.w.org\/{rel}","templated":true}]}}