{"id":7610,"date":"2026-05-06T21:29:17","date_gmt":"2026-05-06T19:29:17","guid":{"rendered":"https:\/\/midoxalimentation.com\/?post_type=product&#038;p=7610"},"modified":"2026-05-07T15:50:34","modified_gmt":"2026-05-07T13:50:34","slug":"waka-10000","status":"publish","type":"product","link":"https:\/\/midoxalimentation.com\/?product=waka-10000","title":{"rendered":"Waka 10000 Puffs"},"content":{"rendered":"<p data-path-to-node=\"11\">Le dispositif <b data-path-to-node=\"11\" data-index-in-node=\"14\">Waka 10000 Puffs<\/b> red\u00e9finit les standards de la vape jetable gr\u00e2ce \u00e0 sa technologie de pointe et sa fiabilit\u00e9 :<\/p>\n<ul data-path-to-node=\"12\">\n<li>\n<p data-path-to-node=\"12,0,0\"><b data-path-to-node=\"12,0,0\" data-index-in-node=\"0\">Autonomie Record :<\/b> Profitez de plus de <b data-path-to-node=\"12,0,0\" data-index-in-node=\"39\">10 000 bouff\u00e9es<\/b>, con\u00e7ues pour durer et vous accompagner tout au long de vos journ\u00e9es.<\/p>\n<\/li>\n<li>\n<p data-path-to-node=\"12,1,0\"><b data-path-to-node=\"12,1,0\" data-index-in-node=\"0\">Design Minimaliste :<\/b> Une prise en main confortable avec un style \u00e9pur\u00e9 qui s&rsquo;adapte \u00e0 votre quotidien.<\/p>\n<\/li>\n<li>\n<p data-path-to-node=\"12,2,0\"><b data-path-to-node=\"12,2,0\" data-index-in-node=\"0\">Saveur Intense :<\/b> Un syst\u00e8me interne optimis\u00e9 pour restituer les ar\u00f4mes avec une pr\u00e9cision remarquable, de la premi\u00e8re \u00e0 la derni\u00e8re puff.<\/p>\n<\/li>\n<li>\n<p data-path-to-node=\"12,3,0\"><b data-path-to-node=\"12,3,0\" data-index-in-node=\"0\">Indicateurs Intelligents :<\/b> Suivez facilement votre niveau de batterie et de e-liquide pour ne jamais \u00eatre pris au d\u00e9pourvu.<\/p>\n<\/li>\n<\/ul>\n<hr data-path-to-node=\"13\" \/>\n<h3 data-path-to-node=\"14\"><\/h3>\n","protected":false},"excerpt":{"rendered":"<p>D\u00e9couvrez une exp\u00e9rience de vape in\u00e9gal\u00e9e avec la <b data-path-to-node=\"8\" data-index-in-node=\"50\">Waka 10000<\/b>. Con\u00e7ue pour offrir une autonomie exceptionnelle et une saveur constante, cette version vous garantit une satisfaction durable dans un format \u00e9l\u00e9gant et compact.<\/p>\n","protected":false},"featured_media":7617,"comment_status":"open","ping_status":"closed","template":"","meta":{"content-type":""},"pwb-brand":[],"product_brand":[],"product_cat":[193,864],"product_tag":[857,1039,1108,850,1109,1110,1107,1042,862,1106],"class_list":{"0":"post-7610","1":"product","2":"type-product","3":"status-publish","4":"has-post-thumbnail","6":"product_cat-espace-tabac","7":"product_cat-vapes-e-liquides","8":"product_tag-asilah","9":"product_tag-cigarette-electronique","10":"product_tag-disposable","11":"product_tag-midox-alimentation","12":"product_tag-premium-vape","13":"product_tag-puff-morocco","14":"product_tag-vape","15":"product_tag-vapotage","16":"product_tag-waka","17":"product_tag-waka-10000","19":"first","20":"instock","21":"featured","22":"taxable","23":"shipping-taxable","24":"purchasable","25":"product-type-simple"},"aioseo_notices":[],"jetpack_sharing_enabled":true,"brands":[],"_links":{"self":[{"href":"https:\/\/midoxalimentation.com\/index.php?rest_route=\/wp\/v2\/product\/7610","targetHints":{"allow":["GET"]}}],"collection":[{"href":"https:\/\/midoxalimentation.com\/index.php?rest_route=\/wp\/v2\/product"}],"about":[{"href":"https:\/\/midoxalimentation.com\/index.php?rest_route=\/wp\/v2\/types\/product"}],"replies":[{"embeddable":true,"href":"https:\/\/midoxalimentation.com\/index.php?rest_route=%2Fwp%2Fv2%2Fcomments&post=7610"}],"version-history":[{"count":3,"href":"https:\/\/midoxalimentation.com\/index.php?rest_route=\/wp\/v2\/product\/7610\/revisions"}],"predecessor-version":[{"id":7620,"href":"https:\/\/midoxalimentation.com\/index.php?rest_route=\/wp\/v2\/product\/7610\/revisions\/7620"}],"wp:featuredmedia":[{"embeddable":true,"href":"https:\/\/midoxalimentation.com\/index.php?rest_route=\/wp\/v2\/media\/7617"}],"wp:attachment":[{"href":"https:\/\/midoxalimentation.com\/index.php?rest_route=%2Fwp%2Fv2%2Fmedia&parent=7610"}],"wp:term":[{"taxonomy":"pwb-brand","embeddable":true,"href":"https:\/\/midoxalimentation.com\/index.php?rest_route=%2Fwp%2Fv2%2Fpwb-brand&post=7610"},{"taxonomy":"product_brand","embeddable":true,"href":"https:\/\/midoxalimentation.com\/index.php?rest_route=%2Fwp%2Fv2%2Fproduct_brand&post=7610"},{"taxonomy":"product_cat","embeddable":true,"href":"https:\/\/midoxalimentation.com\/index.php?rest_route=%2Fwp%2Fv2%2Fproduct_cat&post=7610"},{"taxonomy":"product_tag","embeddable":true,"href":"https:\/\/midoxalimentation.com\/index.php?rest_route=%2Fwp%2Fv2%2Fproduct_tag&post=7610"}],"curies":[{"name":"wp","href":"https:\/\/api.w.org\/{rel}","templated":true}]}}